{"id":469,"date":"2015-05-15T16:05:51","date_gmt":"2015-05-15T16:05:51","guid":{"rendered":"https:\/\/www.jag-personal.com\/?page_id=469"},"modified":"2016-04-12T11:48:25","modified_gmt":"2016-04-12T11:48:25","slug":"seminarios-formacion","status":"publish","type":"page","link":"https:\/\/www.jag-personal.com\/de\/andere-leistungen\/seminarios-formacion\/","title":{"rendered":"SEMINARE &#038; FORTBILDUNG"},"content":{"rendered":"<div class=\"shariff\" data-twitter-via=\"trabajoalemania\" data-title=\"SEMINARE &#038; FORTBILDUNG\" data-info-url=\"www.jag-personal.com\" data-backend-url=\"https:\/\/www.jag-personal.com\/wp-content\/plugins\/shariff-sharing\/backend\/index.php\" data-temp=\"\/tmp\" data-ttl=\"40\" data-service=\"tlx\" data-services='[\"facebook\",\"twitter\",\"linkedin\",\"xing\",\"whatsapp\",\"mail\"]' data-image=\"https:\/\/www.jag-personal.com\/wp-content\/uploads\/2015\/04\/conference-table-593355_1920-300x199.jpghttps:\/\/www.jag-personal.com\/wp-content\/uploads\/2015\/04\/conference-table-593355_1920-300x199.jpg 300w, https:\/\/www.jag-personal.com\/wp-content\/uploads\/2015\/04\/conference-table-593355_1920-1024x678.jpg 1024w, https:\/\/www.jag-personal.com\/wp-content\/uploads\/2015\/04\/conference-table-593355_1920-740x490.jpg 740w, https:\/\/www.jag-personal.com\/wp-content\/uploads\/2015\/04\/conference-table-593355_1920-370x245.jpg 370w, https:\/\/www.jag-personal.com\/wp-content\/uploads\/2015\/04\/conference-table-593355_1920.jpg 1920w\" data-url=\"https:\/\/www.jag-personal.com\/de\/andere-leistungen\/seminarios-formacion\/\" data-lang=\"de\" data-theme=\"color\" data-orientation=\"horizontal\"><\/div><p><b><a href=\"https:\/\/www.jag-personal.com\/wp-content\/uploads\/2015\/04\/conference-table-593355_1920.jpg\"><img decoding=\"async\" loading=\"lazy\" class=\" wp-image-969 alignleft\" src=\"https:\/\/www.jag-personal.com\/wp-content\/uploads\/2015\/04\/conference-table-593355_1920-300x199.jpg\" alt=\"conference-table-593355_1920\" width=\"256\" height=\"170\" srcset=\"https:\/\/www.jag-personal.com\/wp-content\/uploads\/2015\/04\/conference-table-593355_1920-300x199.jpg 300w, https:\/\/www.jag-personal.com\/wp-content\/uploads\/2015\/04\/conference-table-593355_1920-1024x678.jpg 1024w, https:\/\/www.jag-personal.com\/wp-content\/uploads\/2015\/04\/conference-table-593355_1920-740x490.jpg 740w, https:\/\/www.jag-personal.com\/wp-content\/uploads\/2015\/04\/conference-table-593355_1920-370x245.jpg 370w, https:\/\/www.jag-personal.com\/wp-content\/uploads\/2015\/04\/conference-table-593355_1920.jpg 1920w\" sizes=\"(max-width: 256px) 100vw, 256px\" \/><\/a>Trainingsreihe: Interkulturelle Kompetenz f\u00fcr internationale Fachkr\u00e4fte<\/b><\/p>\n<p>Fachkompetenz und Deutschkenntnisse reichen oft nicht aus, um im deutschen Berufsleben angemessen und erfolgreich zu agieren. Interkulturelle Kompetenz und die Kenntnis deutscher Kommunikations- und Arbeitsstile sind f\u00fcr internationale Fachkr\u00e4fte entscheidend, um ihr volles Potential entfalten und einbringen zu k\u00f6nnen. Und wer deutsche Patienten in Krankenh\u00e4usern und Pflegeeinrichtungen erstklassig betreuen m\u00f6chte, sollte nat\u00fcrlich auch die kulturellen Besonderheiten Deutschlands kennen.<\/p>\n<p>Hier eine Auswahl unserer interkulturellen Seminare f\u00fcr Fachkr\u00e4fte:<\/p>\n<p>\u2022 Interkulturelle Kompetenz f\u00fcr die erfolgreiche Berufst\u00e4tigkeit in einem deutschen Unternehmen<br \/>\n\u2022 Interkulturelle Kompetenz f\u00fcr die ad\u00e4quate Betreuung deutscher Patienten<\/p>\n<p>Haben wir Ihr Interesse geweckt? Dann fordern Sie unverbindlich ein Angebot mit n\u00e4heren Informationen zu Trainingsinhalten und Methoden an. <strong>Kontakt: <a href=\"mailto:info@ersonal-alemania.com\">info@personal-alemania.de<\/a><\/strong><\/p>\n<p><a class=\"twitter-follow-button\" href=\"https:\/\/twitter.com\/trabajoalemania\" data-show-count=\"false\" data-size=\"large\">Follow @trabajoalemania<\/a><br \/>\n<script>\/\/ < ![CDATA[\n\/\/ < ![CDATA[\n\/\/ < ![CDATA[\n\/\/ < ![CDATA[\n\/\/ < ![CDATA[\n\/\/ < ![CDATA[\n\/\/ < ![CDATA[\n\/\/ < ![CDATA[ !function(d,s,id){var js,fjs=d.getElementsByTagName(s)[0],p=\/^http:\/.test(d.location)?'http':'https';if(!d.getElementById(id)){js=d.createElement(s);js.id=id;js.src=p+':\/\/platform.twitter.com\/widgets.js';fjs.parentNode.insertBefore(js,fjs);}}(document, 'script', 'twitter-wjs');\n\/\/ ]]><\/script><br \/>\n<b>Kompetenz in Theorie und Praxis: Unsere Experten<br \/>\n<\/b><\/p>\n<p>Anne Rupp ist interkulturelle Trainerin und Beraterin. Sie arbeitet auf internationaler Ebene, hatte von 2003-2013 ihren Hauptwohnsitz in Barcelona und lebt heute in K\u00f6ln. Zu den Schwerpunkten ihrer Arbeit geh\u00f6ren:<\/p>\n<p>\u2022 l\u00e4nder\u00fcbergreifende Trainings zur interkulturellen Kompetenzentwicklung<br \/>\n\u2022 l\u00e4nderspezifische Seminare zu (Gesch\u00e4fts-) Kultur, Kommunikations- und Arbeitsstilen in Spanien und Deutschland<br \/>\n\u2022 interkulturelle Coachings f\u00fcr F\u00fchrungskr\u00e4fte und Expatriates<br \/>\n\u2022 Kommunikationstrainings<\/p>\n<p>In Deutschland und Spanien ist sie als Trainerin und Beraterin f\u00fcr verschiedene Unternehmen wie z.B. B\u00f6hringer Ingelheim, E.ON, Giesecke &amp; Devrient Group, Procter &amp; Gamble, sanofi-aventis, SEAT, SONY, Unilever, Vodafone und Xerox t\u00e4tig gewesen. Sie ist Mitherausgeberin des Buches \u201eSpanien von innen und au\u00dfen \u2013 eine interkulturelle Perspektive\u201c. Als Projektleiterin und Co-Autorin koordinierte sie die Erstellung eines E-Learning-Kurses zu interkultureller Kompetenz f\u00fcr \u00c4rzte.<\/p>\n<p style=\"text-align: left;\" align=\"center\"><strong>Ihre Arbeitssprachen sind Deutsch, Spanisch und Englisch.<\/strong><\/p>\n<p><!--:--><\/p>\n<p>&nbsp;<\/p>\n","protected":false},"excerpt":{"rendered":"<p>Trainingsreihe: Interkulturelle Kompetenz f\u00fcr internationale Fachkr\u00e4fte Fachkompetenz und Deutschkenntnisse reichen oft nicht aus, um im deutschen Berufsleben angemessen und erfolgreich zu agieren. Interkulturelle Kompetenz und die Kenntnis deutscher Kommunikations- und Arbeitsstile sind f\u00fcr internationale Fachkr\u00e4fte entscheidend, um ihr volles Potential &hellip; <a href=\"https:\/\/www.jag-personal.com\/de\/andere-leistungen\/seminarios-formacion\/\">Weiterlesen<\/a><\/p>\n","protected":false},"author":2,"featured_media":0,"parent":498,"menu_order":0,"comment_status":"open","ping_status":"closed","template":"","meta":{"_mi_skip_tracking":false,"_monsterinsights_sitenote_active":false,"_monsterinsights_sitenote_note":"","_monsterinsights_sitenote_category":0,"footnotes":""},"_links":{"self":[{"href":"https:\/\/www.jag-personal.com\/de\/wp-json\/wp\/v2\/pages\/469"}],"collection":[{"href":"https:\/\/www.jag-personal.com\/de\/wp-json\/wp\/v2\/pages"}],"about":[{"href":"https:\/\/www.jag-personal.com\/de\/wp-json\/wp\/v2\/types\/page"}],"author":[{"embeddable":true,"href":"https:\/\/www.jag-personal.com\/de\/wp-json\/wp\/v2\/users\/2"}],"replies":[{"embeddable":true,"href":"https:\/\/www.jag-personal.com\/de\/wp-json\/wp\/v2\/comments?post=469"}],"version-history":[{"count":10,"href":"https:\/\/www.jag-personal.com\/de\/wp-json\/wp\/v2\/pages\/469\/revisions"}],"predecessor-version":[{"id":1645,"href":"https:\/\/www.jag-personal.com\/de\/wp-json\/wp\/v2\/pages\/469\/revisions\/1645"}],"up":[{"embeddable":true,"href":"https:\/\/www.jag-personal.com\/de\/wp-json\/wp\/v2\/pages\/498"}],"wp:attachment":[{"href":"https:\/\/www.jag-personal.com\/de\/wp-json\/wp\/v2\/media?parent=469"}],"curies":[{"name":"wp","href":"https:\/\/api.w.org\/{rel}","templated":true}]}}