{"id":477,"date":"2015-05-15T15:38:16","date_gmt":"2015-05-15T15:38:16","guid":{"rendered":"https:\/\/www.jag-personal.com\/?page_id=477"},"modified":"2016-04-12T11:54:52","modified_gmt":"2016-04-12T11:54:52","slug":"unternehmen","status":"publish","type":"page","link":"https:\/\/www.jag-personal.com\/de\/unternehmen\/","title":{"rendered":"UNTERNEHMEN"},"content":{"rendered":"<div class=\"shariff\" data-twitter-via=\"trabajoalemania\" data-title=\"UNTERNEHMEN\" data-info-url=\"www.jag-personal.com\" data-backend-url=\"https:\/\/www.jag-personal.com\/wp-content\/plugins\/shariff-sharing\/backend\/index.php\" data-temp=\"\/tmp\" data-ttl=\"40\" data-service=\"tlx\" data-services='[\"facebook\",\"twitter\",\"linkedin\",\"xing\",\"whatsapp\",\"mail\"]' data-image=\"\" data-url=\"https:\/\/www.jag-personal.com\/de\/unternehmen\/\" data-lang=\"de\" data-theme=\"color\" data-orientation=\"horizontal\"><\/div><p><strong>JAG Personal<\/strong>\u00a0ist eine Consultingfirma, die sich auf die Auswahl von qualifiziertem Personal f\u00fcr die Arbeit in Deutschland spezialisiert hat. Wir erm\u00f6glichen Fachkr\u00e4ften aus der ganzen Welt die Integration in den deutschen Arbeitsmarkt und kooperieren dabei ausschlie\u00dflich mit seri\u00f6sen und angesehenen Unternehmen zusammen, die auf der Suche nach professionellen Arbeitskr\u00e4ften in einem internationalen Kontext sind.<\/p>\n<table class=\" alignright\" style=\"height: 149px;\" width=\"338\">\n<tbody>\n<tr>\n<td>\u00a0 \u00a0 \u00a0<strong> BEREICHE<\/strong><\/p>\n<ul>\n<li style=\"text-align: left;\"><strong><a href=\"https:\/\/www.jag-personal.com\/unternehmen\/medizin-pflege\/?lang=de\">Medizin &amp; Pflege<\/a><\/strong><\/li>\n<li style=\"text-align: left;\"><strong><a href=\"https:\/\/www.jag-personal.com\/unternehmen\/ingenieure-technische-berufe\/?lang=de\">Ingenieure &amp; Technische Berufe<\/a><\/strong><\/li>\n<li style=\"text-align: left;\"><strong><a title=\"IT\" href=\"https:\/\/www.jag-personal.com\/unternehmen\/it\/?lang=de\">IT<\/a><\/strong><\/li>\n<li style=\"text-align: left;\"><strong><a title=\"Gastronomie\" href=\"https:\/\/www.jag-personal.com\/unternehmen\/gastronomie\/?lang=de\">Gastronomie<\/a><\/strong><\/li>\n<\/ul>\n<\/td>\n<\/tr>\n<\/tbody>\n<\/table>\n<p>Obwohl es selbstverst\u00e4ndlich ist, m\u00f6chten wir dennoch klarstellen, dass wir weder ein Subunternehmer noch eine Zeitarbeitsfirma sind. Wir bieten lediglich den Personalabteilungen, die die besten Kandidaten suchen, unsere Dienstleistungen an. Die Einstellung erfolgt durch die Unternehmen selbst. Wir \u00fcben dabei allein die Funktion des Mittlers aus.<\/p>\n<p><strong>Werte<\/strong><\/p>\n<p>Wir von <strong>JAG Personal<\/strong> sind davon \u00fcberzeugt, dass es f\u00fcr die ideale Symbiose zwischen Unternehmen und Arbeitnehmern wichtig und notwendig ist, nah an unseren Kunden zu arbeiten, ihre professionelle Situation sowie ihre Ziele nachzuvollziehen und die f\u00fcr sie besten Konditionen f\u00fcr eine Einstellung im Unternehmen auszuhandeln. Auf der Grundlage dieser Philosophie w\u00e4hlen wir unsere Kunden mit besonderer Sorgfalt aus, um uns so abzusichern, dass sie unseren Kandidaten Arbeitspl\u00e4tze bieten, die sich ihren Abschl\u00fcssen und Qualifizierungen anpassen. Vertrauen, Transparenz, Professionalit\u00e4t und Engagement sind weitere Werte, die unsere t\u00e4gliche Arbeit leiten, wenn es darum geht, unsere Dienste anzubieten.<\/p>\n<p><strong>Information \u2013 Unterst\u00fctzung vor Ort: in Deutschland<\/strong><\/p>\n<p>Wir sind uns dessen bewusst, dass ein Umzug nach Deutschland aus professionellen Gr\u00fcnden eine Vielzahl an Zweifeln und \u00c4ngsten mit sich zieht. Deshalb bieten wir den Kandidaten w\u00e4hrend ihrer gesamten Arbeitslaufbahn Unterst\u00fctzung und Begleitung, um ihre vollst\u00e4ndige Integration auf dem sozialen, kulturellen und professionellen Gebiet gleicherma\u00dfen zu erzielen. Was uns von anderen Unternehmen unterscheidet ist die pers\u00f6nliche und individuelle Betreuung. Dies ist unsere Hausmarke: ein Konzept, das wir in Zusammenarbeit mit der Online-Informationsplattform <strong><a href=\"http:\/\/www.destinoalemania.com\">Destino Alemania<\/a><\/strong>\u00a0erarbeitet haben sowie in direkten Gespr\u00e4chen mit den Kandidaten \u00fcber soziale Netzwerke, wie <strong><a href=\"http:\/\/www.facebook.com\/trabajo.alemania\" target=\"_blank\">Facebook<\/a><\/strong>, <a href=\"http:\/\/www.twitter.com\/trabajoalemania\" target=\"_blank\"><strong>Twitter<\/strong> <\/a>oder <strong><a href=\"https:\/\/www.linkedin.com\/company\/jag-personal\">LinkedIn<\/a><\/strong>.<\/p>\n<p>&nbsp;<\/p>\n<p><!--:--><\/p>\n","protected":false},"excerpt":{"rendered":"<p>JAG Personal\u00a0ist eine Consultingfirma, die sich auf die Auswahl von qualifiziertem Personal f\u00fcr die Arbeit in Deutschland spezialisiert hat. Wir erm\u00f6glichen Fachkr\u00e4ften aus der ganzen Welt die Integration in den deutschen Arbeitsmarkt und kooperieren dabei ausschlie\u00dflich mit seri\u00f6sen und angesehenen &hellip; <a href=\"https:\/\/www.jag-personal.com\/de\/unternehmen\/\">Weiterlesen<\/a><\/p>\n","protected":false},"author":2,"featured_media":472,"parent":0,"menu_order":0,"comment_status":"open","ping_status":"closed","template":"","meta":{"_mi_skip_tracking":false,"_monsterinsights_sitenote_active":false,"_monsterinsights_sitenote_note":"","_monsterinsights_sitenote_category":0,"footnotes":""},"_links":{"self":[{"href":"https:\/\/www.jag-personal.com\/de\/wp-json\/wp\/v2\/pages\/477"}],"collection":[{"href":"https:\/\/www.jag-personal.com\/de\/wp-json\/wp\/v2\/pages"}],"about":[{"href":"https:\/\/www.jag-personal.com\/de\/wp-json\/wp\/v2\/types\/page"}],"author":[{"embeddable":true,"href":"https:\/\/www.jag-personal.com\/de\/wp-json\/wp\/v2\/users\/2"}],"replies":[{"embeddable":true,"href":"https:\/\/www.jag-personal.com\/de\/wp-json\/wp\/v2\/comments?post=477"}],"version-history":[{"count":27,"href":"https:\/\/www.jag-personal.com\/de\/wp-json\/wp\/v2\/pages\/477\/revisions"}],"predecessor-version":[{"id":1648,"href":"https:\/\/www.jag-personal.com\/de\/wp-json\/wp\/v2\/pages\/477\/revisions\/1648"}],"wp:featuredmedia":[{"embeddable":true,"href":"https:\/\/www.jag-personal.com\/de\/wp-json\/wp\/v2\/media\/472"}],"wp:attachment":[{"href":"https:\/\/www.jag-personal.com\/de\/wp-json\/wp\/v2\/media?parent=477"}],"curies":[{"name":"wp","href":"https:\/\/api.w.org\/{rel}","templated":true}]}}