{"id":701,"date":"2015-05-15T21:47:41","date_gmt":"2015-05-15T21:47:41","guid":{"rendered":"https:\/\/www.jag-personal.com\/?page_id=701"},"modified":"2016-04-12T11:45:25","modified_gmt":"2016-04-12T11:45:25","slug":"fur-unternehmen","status":"publish","type":"page","link":"https:\/\/www.jag-personal.com\/de\/andere-leistungen\/fur-unternehmen\/","title":{"rendered":"F\u00dcR UNTERNEHMEN"},"content":{"rendered":"<div class=\"shariff\" data-twitter-via=\"trabajoalemania\" data-title=\"F\u00dcR UNTERNEHMEN\" data-info-url=\"www.jag-personal.com\" data-backend-url=\"https:\/\/www.jag-personal.com\/wp-content\/plugins\/shariff-sharing\/backend\/index.php\" data-temp=\"\/tmp\" data-ttl=\"40\" data-service=\"tlx\" data-services='[\"facebook\",\"twitter\",\"linkedin\",\"xing\",\"whatsapp\",\"mail\"]' data-image=\"https:\/\/www.jag-personal.com\/wp-content\/uploads\/2015\/05\/meeting-room-730679_1280-300x200.jpghttps:\/\/www.jag-personal.com\/wp-content\/uploads\/2015\/05\/meeting-room-730679_1280-300x200.jpg 300w, https:\/\/www.jag-personal.com\/wp-content\/uploads\/2015\/05\/meeting-room-730679_1280-1024x683.jpg 1024w, https:\/\/www.jag-personal.com\/wp-content\/uploads\/2015\/05\/meeting-room-730679_1280-740x494.jpg 740w, https:\/\/www.jag-personal.com\/wp-content\/uploads\/2015\/05\/meeting-room-730679_1280-370x247.jpg 370w, https:\/\/www.jag-personal.com\/wp-content\/uploads\/2015\/05\/meeting-room-730679_1280.jpg 1280w\" data-url=\"https:\/\/www.jag-personal.com\/de\/andere-leistungen\/fur-unternehmen\/\" data-lang=\"de\" data-theme=\"color\" data-orientation=\"horizontal\"><\/div><p>&nbsp;<\/p>\n<p><strong><a href=\"https:\/\/www.jag-personal.com\/wp-content\/uploads\/2015\/05\/meeting-room-730679_1280.jpg\"><img decoding=\"async\" loading=\"lazy\" class=\" size-medium wp-image-775 alignright\" src=\"https:\/\/www.jag-personal.com\/wp-content\/uploads\/2015\/05\/meeting-room-730679_1280-300x200.jpg\" alt=\"meeting-room-730679_1280\" width=\"300\" height=\"200\" srcset=\"https:\/\/www.jag-personal.com\/wp-content\/uploads\/2015\/05\/meeting-room-730679_1280-300x200.jpg 300w, https:\/\/www.jag-personal.com\/wp-content\/uploads\/2015\/05\/meeting-room-730679_1280-1024x683.jpg 1024w, https:\/\/www.jag-personal.com\/wp-content\/uploads\/2015\/05\/meeting-room-730679_1280-740x494.jpg 740w, https:\/\/www.jag-personal.com\/wp-content\/uploads\/2015\/05\/meeting-room-730679_1280-370x247.jpg 370w, https:\/\/www.jag-personal.com\/wp-content\/uploads\/2015\/05\/meeting-room-730679_1280.jpg 1280w\" sizes=\"(max-width: 300px) 100vw, 300px\" \/><\/a><\/strong><\/p>\n<p><strong>JAG Personal <\/strong>ist eine Consultingfirma, die sich in der Auswahl von qualifiziertem Personal f\u00fcr die<strong> Arbeit in Deutschland<\/strong> spezialisiert hat.\u00a0Wir bieten unseren Kunden den Service, w\u00e4hrend des gesamten Rekrutierungs- und Auswahlprozesses den f\u00fcr jede Stelle am besten geeigneten Kandidaten zu finden.<\/p>\n<ul>\n<li>Wir bewerten sorgf\u00e4ltig jedes Profil, um die gr\u00f6\u00dftm\u00f6gliche \u00dcbereinstimmung zwischen Kandidat und Unternehmen garantieren zu k\u00f6nnen.<\/li>\n<li>In unserer Funktion als Vermittler im Einstellungsprozess, erleichtern wir die Integration der Kandidaten in das Land und in das Unternehmen. Zus\u00e4tzlich bieten wir den Service, den gesamten Prozess von Anfang bis Ende zu begleiten.<\/li>\n<li>Unser Service ist dabei komplett auf die jeweiligen Bed\u00fcrfnisse unserer Kunden zugeschnitten.<\/li>\n<li>Ma\u00dfgeblich auf den Gesundheitssektor fokussiert, wickeln wir ebenso die Einstellung von Personal im Ingenieurs-, Transportwesen und weiteren technischen Berufen ab.<\/li>\n<\/ul>\n<p>Suchen Sie nach qualifiziertem Personal f\u00fcr Ihr Unternehmen? Kontaktieren Sie uns unter: <a href=\"mailto:info@personal-alemania.com\"><strong>info@personal-alemania.com<\/strong><\/a><br \/>\nWir werden Ihnen dann gerne weitere Informationen rund um unsere Serviceleistungen und Arbeitsprozesse zukommen lassen.<\/p>\n<p><strong>\u00a0<\/strong><\/p>\n<p>&nbsp;<\/p>\n<p>&nbsp;<\/p>\n<p>&nbsp;<\/p>\n<p>&nbsp;<\/p>\n","protected":false},"excerpt":{"rendered":"<p>&nbsp; JAG Personal ist eine Consultingfirma, die sich in der Auswahl von qualifiziertem Personal f\u00fcr die Arbeit in Deutschland spezialisiert hat.\u00a0Wir bieten unseren Kunden den Service, w\u00e4hrend des gesamten Rekrutierungs- und Auswahlprozesses den f\u00fcr jede Stelle am besten geeigneten Kandidaten &hellip; <a href=\"https:\/\/www.jag-personal.com\/de\/andere-leistungen\/fur-unternehmen\/\">Weiterlesen<\/a><\/p>\n","protected":false},"author":2,"featured_media":0,"parent":498,"menu_order":0,"comment_status":"open","ping_status":"open","template":"","meta":{"_mi_skip_tracking":false,"_monsterinsights_sitenote_active":false,"_monsterinsights_sitenote_note":"","_monsterinsights_sitenote_category":0,"footnotes":""},"_links":{"self":[{"href":"https:\/\/www.jag-personal.com\/de\/wp-json\/wp\/v2\/pages\/701"}],"collection":[{"href":"https:\/\/www.jag-personal.com\/de\/wp-json\/wp\/v2\/pages"}],"about":[{"href":"https:\/\/www.jag-personal.com\/de\/wp-json\/wp\/v2\/types\/page"}],"author":[{"embeddable":true,"href":"https:\/\/www.jag-personal.com\/de\/wp-json\/wp\/v2\/users\/2"}],"replies":[{"embeddable":true,"href":"https:\/\/www.jag-personal.com\/de\/wp-json\/wp\/v2\/comments?post=701"}],"version-history":[{"count":6,"href":"https:\/\/www.jag-personal.com\/de\/wp-json\/wp\/v2\/pages\/701\/revisions"}],"predecessor-version":[{"id":1643,"href":"https:\/\/www.jag-personal.com\/de\/wp-json\/wp\/v2\/pages\/701\/revisions\/1643"}],"up":[{"embeddable":true,"href":"https:\/\/www.jag-personal.com\/de\/wp-json\/wp\/v2\/pages\/498"}],"wp:attachment":[{"href":"https:\/\/www.jag-personal.com\/de\/wp-json\/wp\/v2\/media?parent=701"}],"curies":[{"name":"wp","href":"https:\/\/api.w.org\/{rel}","templated":true}]}}