{"id":988,"date":"2015-06-01T10:13:35","date_gmt":"2015-06-01T10:13:35","guid":{"rendered":"https:\/\/www.jag-personal.com\/?page_id=988"},"modified":"2016-04-12T11:56:34","modified_gmt":"2016-04-12T11:56:34","slug":"gastronomie","status":"publish","type":"page","link":"https:\/\/www.jag-personal.com\/de\/unternehmen\/gastronomie\/","title":{"rendered":"GASTRONOMIE"},"content":{"rendered":"<div class=\"shariff\" data-twitter-via=\"trabajoalemania\" data-title=\"GASTRONOMIE\" data-info-url=\"www.jag-personal.com\" data-backend-url=\"https:\/\/www.jag-personal.com\/wp-content\/plugins\/shariff-sharing\/backend\/index.php\" data-temp=\"\/tmp\" data-ttl=\"40\" data-service=\"tlx\" data-services='[\"facebook\",\"twitter\",\"linkedin\",\"xing\",\"whatsapp\",\"mail\"]' data-image=\"https:\/\/www.jag-personal.com\/wp-content\/uploads\/2015\/05\/kitchen-731351_1280.jpghttps:\/\/www.jag-personal.com\/wp-content\/uploads\/2015\/05\/kitchen-731351_1280.jpg 1280w, https:\/\/www.jag-personal.com\/wp-content\/uploads\/2015\/05\/kitchen-731351_1280-300x200.jpg 300w, https:\/\/www.jag-personal.com\/wp-content\/uploads\/2015\/05\/kitchen-731351_1280-1024x682.jpg 1024w\" data-url=\"https:\/\/www.jag-personal.com\/de\/unternehmen\/gastronomie\/\" data-lang=\"de\" data-theme=\"color\" data-orientation=\"horizontal\"><\/div><p>&nbsp;<\/p>\n<p><span style=\"font-size: 18pt;\"><strong>Gastronomie<\/strong><\/span><a href=\"https:\/\/www.jag-personal.com\/wp-content\/uploads\/2015\/05\/kitchen-731351_1280.jpg\"><img decoding=\"async\" loading=\"lazy\" class=\" wp-image-984 alignright\" src=\"https:\/\/www.jag-personal.com\/wp-content\/uploads\/2015\/05\/kitchen-731351_1280.jpg\" alt=\"kitchen-731351_1280\" width=\"293\" height=\"195\" srcset=\"https:\/\/www.jag-personal.com\/wp-content\/uploads\/2015\/05\/kitchen-731351_1280.jpg 1280w, https:\/\/www.jag-personal.com\/wp-content\/uploads\/2015\/05\/kitchen-731351_1280-300x200.jpg 300w, https:\/\/www.jag-personal.com\/wp-content\/uploads\/2015\/05\/kitchen-731351_1280-1024x682.jpg 1024w\" sizes=\"(max-width: 293px) 100vw, 293px\" \/><\/a><\/p>\n<p style=\"text-align: justify;\">Der Hunger der deutschen Gastronomie nach motiviertem Personal ist Ihre Chance! Wir suchen f\u00fcr unsere Kunden st\u00e4ndig K\u00fcchen- und Service-Kr\u00e4fte f\u00fcr verschiedenste Arbeitspl\u00e4tze in ganz Deutschland. Wenn Sie sich vorstellen k\u00f6nnen, unter besten Voraussetzungen in Deutschland zu arbeiten, unterst\u00fctzen wir Sie gerne bei der Organisation von Sprachkursen, der Wohnungssuche etc. Deutschkenntnisse sind ein klarer Vorteil.<\/p>\n<p>Appetit auf mehr? Dann senden Sie Ihren Lebenslauf umgehend an unsere Kontaktadresse<strong><a href=\"mailto:recruiting@personal-alemania.com\"> recruiting@personal-alemania.com\u00a0<\/a><\/strong><\/p>\n","protected":false},"excerpt":{"rendered":"<p>&nbsp; Gastronomie Der Hunger der deutschen Gastronomie nach motiviertem Personal ist Ihre Chance! Wir suchen f\u00fcr unsere Kunden st\u00e4ndig K\u00fcchen- und Service-Kr\u00e4fte f\u00fcr verschiedenste Arbeitspl\u00e4tze in ganz Deutschland. Wenn Sie sich vorstellen k\u00f6nnen, unter besten Voraussetzungen in Deutschland zu arbeiten, &hellip; <a href=\"https:\/\/www.jag-personal.com\/de\/unternehmen\/gastronomie\/\">Weiterlesen<\/a><\/p>\n","protected":false},"author":3,"featured_media":0,"parent":477,"menu_order":0,"comment_status":"open","ping_status":"closed","template":"","meta":{"_mi_skip_tracking":false,"_monsterinsights_sitenote_active":false,"_monsterinsights_sitenote_note":"","_monsterinsights_sitenote_category":0,"footnotes":""},"_links":{"self":[{"href":"https:\/\/www.jag-personal.com\/de\/wp-json\/wp\/v2\/pages\/988"}],"collection":[{"href":"https:\/\/www.jag-personal.com\/de\/wp-json\/wp\/v2\/pages"}],"about":[{"href":"https:\/\/www.jag-personal.com\/de\/wp-json\/wp\/v2\/types\/page"}],"author":[{"embeddable":true,"href":"https:\/\/www.jag-personal.com\/de\/wp-json\/wp\/v2\/users\/3"}],"replies":[{"embeddable":true,"href":"https:\/\/www.jag-personal.com\/de\/wp-json\/wp\/v2\/comments?post=988"}],"version-history":[{"count":8,"href":"https:\/\/www.jag-personal.com\/de\/wp-json\/wp\/v2\/pages\/988\/revisions"}],"predecessor-version":[{"id":1649,"href":"https:\/\/www.jag-personal.com\/de\/wp-json\/wp\/v2\/pages\/988\/revisions\/1649"}],"up":[{"embeddable":true,"href":"https:\/\/www.jag-personal.com\/de\/wp-json\/wp\/v2\/pages\/477"}],"wp:attachment":[{"href":"https:\/\/www.jag-personal.com\/de\/wp-json\/wp\/v2\/media?parent=988"}],"curies":[{"name":"wp","href":"https:\/\/api.w.org\/{rel}","templated":true}]}}