{"id":995,"date":"2015-06-01T10:23:21","date_gmt":"2015-06-01T10:23:21","guid":{"rendered":"https:\/\/www.jag-personal.com\/?page_id=995"},"modified":"2016-04-12T11:59:59","modified_gmt":"2016-04-12T11:59:59","slug":"it","status":"publish","type":"page","link":"https:\/\/www.jag-personal.com\/de\/unternehmen\/it\/","title":{"rendered":"IT"},"content":{"rendered":"<div class=\"shariff\" data-twitter-via=\"trabajoalemania\" data-title=\"IT\" data-info-url=\"www.jag-personal.com\" data-backend-url=\"https:\/\/www.jag-personal.com\/wp-content\/plugins\/shariff-sharing\/backend\/index.php\" data-temp=\"\/tmp\" data-ttl=\"40\" data-service=\"tlx\" data-services='[\"facebook\",\"twitter\",\"linkedin\",\"xing\",\"whatsapp\",\"mail\"]' data-image=\"https:\/\/www.jag-personal.com\/wp-content\/uploads\/2015\/05\/computer-339836_1280.jpghttps:\/\/www.jag-personal.com\/wp-content\/uploads\/2015\/05\/computer-339836_1280.jpg 1280w, https:\/\/www.jag-personal.com\/wp-content\/uploads\/2015\/05\/computer-339836_1280-300x199.jpg 300w, https:\/\/www.jag-personal.com\/wp-content\/uploads\/2015\/05\/computer-339836_1280-1024x681.jpg 1024w\" data-url=\"https:\/\/www.jag-personal.com\/de\/unternehmen\/it\/\" data-lang=\"de\" data-theme=\"color\" data-orientation=\"horizontal\"><\/div><p>&nbsp;<\/p>\n<p><span style=\"font-size: 18pt;\"><strong>IT &#8211;\u00a0Informatik<img decoding=\"async\" loading=\"lazy\" class=\" wp-image-991 alignright\" src=\"https:\/\/www.jag-personal.com\/wp-content\/uploads\/2015\/05\/computer-339836_1280.jpg\" alt=\"computer-339836_1280\" width=\"309\" height=\"205\" srcset=\"https:\/\/www.jag-personal.com\/wp-content\/uploads\/2015\/05\/computer-339836_1280.jpg 1280w, https:\/\/www.jag-personal.com\/wp-content\/uploads\/2015\/05\/computer-339836_1280-300x199.jpg 300w, https:\/\/www.jag-personal.com\/wp-content\/uploads\/2015\/05\/computer-339836_1280-1024x681.jpg 1024w\" sizes=\"(max-width: 309px) 100vw, 309px\" \/><\/strong><\/span><\/p>\n<p style=\"text-align: justify;\">Hochqualifizierte <strong>IT-Fachleute<\/strong> haben beste Chancen auf dem deutschen Arbeitsmarkt. Deshalb suchen wir qualifiziertes IT-Personal wie etwa System-Administratoren, Programmierer, Entwickler und Techniker. Es erwarten Sie attraktive Arbeitspl\u00e4tze in ganz Deutschland. Wenn Sie also hier arbeiten m\u00f6chten, unterst\u00fctzen wir Sie gerne durch die Vermittlung von Sprachkursen, Hilfe bei der Wohnungssuche und anderen Herausforderungen des deutschen Alltags.<\/p>\n<p>Interessiert? Dann schicken Sie Ihren Lebenslauf gleich an unsere Kontaktadresse\u00a0<strong><a href=\"mailto:recruiting@personal-alemania.com\">recruiting@personal-alemania.com\u00a0<\/a><\/strong><\/p>\n","protected":false},"excerpt":{"rendered":"<p>&nbsp; IT &#8211;\u00a0Informatik Hochqualifizierte IT-Fachleute haben beste Chancen auf dem deutschen Arbeitsmarkt. Deshalb suchen wir qualifiziertes IT-Personal wie etwa System-Administratoren, Programmierer, Entwickler und Techniker. Es erwarten Sie attraktive Arbeitspl\u00e4tze in ganz Deutschland. Wenn Sie also hier arbeiten m\u00f6chten, unterst\u00fctzen wir &hellip; <a href=\"https:\/\/www.jag-personal.com\/de\/unternehmen\/it\/\">Weiterlesen<\/a><\/p>\n","protected":false},"author":3,"featured_media":0,"parent":477,"menu_order":0,"comment_status":"open","ping_status":"closed","template":"","meta":{"_mi_skip_tracking":false,"_monsterinsights_sitenote_active":false,"_monsterinsights_sitenote_note":"","_monsterinsights_sitenote_category":0,"footnotes":""},"_links":{"self":[{"href":"https:\/\/www.jag-personal.com\/de\/wp-json\/wp\/v2\/pages\/995"}],"collection":[{"href":"https:\/\/www.jag-personal.com\/de\/wp-json\/wp\/v2\/pages"}],"about":[{"href":"https:\/\/www.jag-personal.com\/de\/wp-json\/wp\/v2\/types\/page"}],"author":[{"embeddable":true,"href":"https:\/\/www.jag-personal.com\/de\/wp-json\/wp\/v2\/users\/3"}],"replies":[{"embeddable":true,"href":"https:\/\/www.jag-personal.com\/de\/wp-json\/wp\/v2\/comments?post=995"}],"version-history":[{"count":8,"href":"https:\/\/www.jag-personal.com\/de\/wp-json\/wp\/v2\/pages\/995\/revisions"}],"predecessor-version":[{"id":1652,"href":"https:\/\/www.jag-personal.com\/de\/wp-json\/wp\/v2\/pages\/995\/revisions\/1652"}],"up":[{"embeddable":true,"href":"https:\/\/www.jag-personal.com\/de\/wp-json\/wp\/v2\/pages\/477"}],"wp:attachment":[{"href":"https:\/\/www.jag-personal.com\/de\/wp-json\/wp\/v2\/media?parent=995"}],"curies":[{"name":"wp","href":"https:\/\/api.w.org\/{rel}","templated":true}]}}