{"id":1463,"date":"2016-04-06T10:59:17","date_gmt":"2016-04-06T10:59:17","guid":{"rendered":"https:\/\/www.jag-personal.com\/hu\/?page_id=1463"},"modified":"2016-04-07T14:50:44","modified_gmt":"2016-04-07T14:50:44","slug":"1463-2","status":"publish","type":"page","link":"https:\/\/www.jag-personal.com\/hu\/1463-2\/","title":{"rendered":"C\u00c9G\u00dcNK"},"content":{"rendered":"<div class=\"shariff\" data-twitter-via=\"trabajoalemania\" data-title=\"C\u00c9G\u00dcNK\" data-info-url=\"www.jag-personal.com\" data-backend-url=\"https:\/\/www.jag-personal.com\/wp-content\/plugins\/shariff-sharing\/backend\/index.php\" data-temp=\"\/tmp\" data-ttl=\"40\" data-service=\"tlx\" data-services='[\"facebook\",\"twitter\",\"linkedin\",\"xing\",\"whatsapp\",\"mail\"]' data-image=\"\" data-url=\"https:\/\/www.jag-personal.com\/hu\/1463-2\/\" data-lang=\"en\" data-theme=\"color\" data-orientation=\"horizontal\"><\/div><p>&nbsp;<\/p>\n<p>A <strong>JAG Personal N\u00e9metorsz\u00e1g <\/strong>egy olyan tan\u00e1csad\u00f3 c\u00e9g, mely a N\u00e9metorsz\u00e1gban \u00e1ll\u00e1st v\u00e1llalni k\u00edv\u00e1n\u00f3 munkaer\u0151 kiv\u00e1laszt\u00e1s\u00e1ra szakosodott. Biztos\u00edtjuk a k\u00fclf\u00f6ldi munkav\u00e1llal\u00f3k integr\u00e1ci\u00f3j\u00e1t a n\u00e9met munkaer\u0151piacon, m\u00e9g pedig \u00fagy, hogy csak komoly \u00e9s elismert v\u00e1llalatokkal m\u0171k\u00f6d\u00fcnk egy\u00fctt, akik szakk\u00e9pzett munkaer\u0151t keresnek nemzetk\u00f6zi szinten.<\/p>\n<table style=\"height: 206px;\" width=\"872\">\n<tbody>\n<tr>\n<td style=\"text-align: justify;\">B\u00e1r azt is szeretn\u00e9nk vil\u00e1goss\u00e1 tenni: nem alv\u00e1llalkoz\u00f3k\u00e9nt dolgozunk \u00e9s<br \/>\nnem is vagyunkmunkaer\u0151-k\u00f6lcs\u00f6nz\u0151 c\u00e9g. Egyszer\u0171en csak azon<br \/>\nszolg\u00e1ltat\u00e1sunkat k\u00edn\u00e1ljuk ak\u00fcl\u00f6nb\u00f6z\u0151 v\u00e1llalatok\u00a0HR-r\u00e9szlegei sz\u00e1m\u00e1ra,<br \/>\nmiszerint megtal\u00e1ljuk sz\u00e1mukra a\u00a0legjobb jel\u00f6ltetek. A toborz\u00e1st\u00a0<span style=\"font-family: inherit; font-size: inherit;\">mag\u00e1t <\/span><br \/>\n<span style=\"font-family: inherit; font-size: inherit;\">m\u00e1r a v\u00e1llaltok h\u00e1zon bel\u00fcl v\u00e9gzik,a \u00a0<\/span><span style=\"font-family: inherit; font-size: inherit;\">mi feladatunk \u00a0<\/span><span style=\"font-family: inherit; font-size: inherit;\">k\u00f6zvet\u00edt\u0151<\/span><span style=\"font-family: inherit; font-size: inherit;\"> csup\u00e1n<br \/>\njelleg\u0171 ebbena folyamatban.<\/span><\/td>\n<td><\/td>\n<td>\n<p style=\"text-align: center;\"><strong>SZEKTOROKR\u00d3L<\/strong><\/p>\n<ul>\n<li><strong><a href=\"https:\/\/www.jag-personal.com\/hu\/1463-2\/egeszseguegy-orvos-apolo\/\" target=\"_blank\">Eg\u00e9szs\u00e9g\u00fcgy (Orvos \u00e9s \u00c1pol\u00f3)<\/a>\u00a0<\/strong><\/li>\n<li><strong><a href=\"https:\/\/www.jag-personal.com\/hu\/1463-2\/informatika-it\/\" target=\"_blank\">Informatika \u2013 IT<\/a><\/strong><\/li>\n<li><strong><a href=\"https:\/\/www.jag-personal.com\/hu\/1463-2\/gasztronomia\/\" target=\"_blank\">Gasztron\u00f3mia<\/a><\/strong><\/li>\n<\/ul>\n<\/td>\n<\/tr>\n<\/tbody>\n<\/table>\n<p><strong>\u00c9rt\u00e9keink<\/strong><\/p>\n<p>A<strong> JAG Personal-n\u00e1l <\/strong>hissz\u00fck, hogy a v\u00e1llalatok \u00e9s a munkav\u00e1llal\u00f3k k\u00f6z\u00f6tti t\u00f6k\u00e9letes egyens\u00faly el\u00e9r\u00e9s\u00e9hez nagyon fontos a jel\u00f6ltek \u00e9rdek\u00e9nek a k\u00e9pviselete. A helyzet\u00fck \u00e9s c\u00e9ljaik meg\u00e9rt\u00e9s\u00e9n t\u00fal fontos kiharcolni a sz\u00e1mukra optim\u00e1lis szerz\u0151d\u00e9si felt\u00e9teleket. Erre a filoz\u00f3fi\u00e1ra alapozva, nagy k\u00f6r\u00fcltekint\u00e9ssel v\u00e1lasztjuk ki az \u00fcgyfeleinket, hogy biztosak lehess\u00fcnk abban, hogy az \u00e1ltaluk k\u00edn\u00e1lt \u00e1ll\u00e1s val\u00f3ban stabil, versenyk\u00e9pes lehet\u0151s\u00e9get jelent a jelentkez\u0151k sz\u00e1m\u00e1ra, \u00e9s \u00f6sszhangban \u00e1ll szakk\u00e9pzetts\u00e9g\u00fckkel \u00e9s diplom\u00e1jukkal, \u00e9s nem utols\u00f3 sorban szakmai fejl\u0151d\u00e9s lehet\u0151s\u00e9g\u00e9t is mag\u00e1ban rejti. Bizalom, \u00e1tl\u00e1that\u00f3s\u00e1g, professzionalit\u00e1s \u00e9s elk\u00f6telezetts\u00e9g, ezek azok az \u00e9rt\u00e9kek amik ment\u00e9n dolgozunk.<\/p>\n<p><strong>Inform\u00e1ci\u00f3 \u2013 Helysz\u00edni asszisztencia N\u00e9metorsz\u00e1gban<\/strong><\/p>\n<p>Tiszt\u00e1ban vagyunk azzal, hogy a N\u00e9metorsz\u00e1gban t\u00f6rt\u00e9n\u0151 elhelyezked\u00e9s v\u00e9gtelen sok k\u00e9ts\u00e9get \u00e9s f\u00e9lelmet rejt mag\u00e1ban. \u00c9ppen ez\u00e9rt, az ide\u00e9rkez\u00e9s pillanat\u00e1t\u00f3l seg\u00edts\u00e9get ny\u00fajtunk a t\u00e1rsadalmi, kultur\u00e1lis \u00e9s szakmai beilleszked\u00e9sben.<\/p>\n<p>Mindenki, aki szeretne minket b\u0151vebben megismerni k\u00e9rj\u00fck, hogy l\u00e9pjen vel\u00fcnk kapcsolatba a k\u00f6z\u00f6ss\u00e9gi m\u00e9di\u00e1n kereszt\u00fcl: <a href=\"https:\/\/www.facebook.com\/trabajo.alemania\" target=\"_blank\">Facebook<\/a>, <a href=\"https:\/\/twitter.com\/trabajoalemania\" target=\"_blank\">Twitter<\/a> vagy <a href=\"https:\/\/www.linkedin.com\/company\/jag-personal\" target=\"_blank\">LinkedIn<\/a>, ahol \u00e1llunk mindenki rendelkez\u00e9s\u00e9re, hogy min\u00e9l t\u00f6bb inform\u00e1ci\u00f3t adjunk magunkr\u00f3l \u00e9s a munk\u00e1nkr\u00f3l.<\/p>\n","protected":false},"excerpt":{"rendered":"<p>&nbsp; A JAG Personal N\u00e9metorsz\u00e1g egy olyan tan\u00e1csad\u00f3 c\u00e9g, mely a N\u00e9metorsz\u00e1gban \u00e1ll\u00e1st v\u00e1llalni k\u00edv\u00e1n\u00f3 munkaer\u0151 kiv\u00e1laszt\u00e1s\u00e1ra szakosodott. Biztos\u00edtjuk a k\u00fclf\u00f6ldi munkav\u00e1llal\u00f3k integr\u00e1ci\u00f3j\u00e1t a n\u00e9met munkaer\u0151piacon, m\u00e9g pedig \u00fagy, hogy csak komoly \u00e9s elismert v\u00e1llalatokkal m\u0171k\u00f6d\u00fcnk egy\u00fctt, akik szakk\u00e9pzett munkaer\u0151t &hellip; <a href=\"https:\/\/www.jag-personal.com\/hu\/1463-2\/\">Read More<\/a><\/p>\n","protected":false},"author":2,"featured_media":0,"parent":0,"menu_order":0,"comment_status":"open","ping_status":"closed","template":"","meta":{"_mi_skip_tracking":false,"_monsterinsights_sitenote_active":false,"_monsterinsights_sitenote_note":"","_monsterinsights_sitenote_category":0,"footnotes":""},"_links":{"self":[{"href":"https:\/\/www.jag-personal.com\/hu\/wp-json\/wp\/v2\/pages\/1463"}],"collection":[{"href":"https:\/\/www.jag-personal.com\/hu\/wp-json\/wp\/v2\/pages"}],"about":[{"href":"https:\/\/www.jag-personal.com\/hu\/wp-json\/wp\/v2\/types\/page"}],"author":[{"embeddable":true,"href":"https:\/\/www.jag-personal.com\/hu\/wp-json\/wp\/v2\/users\/2"}],"replies":[{"embeddable":true,"href":"https:\/\/www.jag-personal.com\/hu\/wp-json\/wp\/v2\/comments?post=1463"}],"version-history":[{"count":11,"href":"https:\/\/www.jag-personal.com\/hu\/wp-json\/wp\/v2\/pages\/1463\/revisions"}],"predecessor-version":[{"id":1550,"href":"https:\/\/www.jag-personal.com\/hu\/wp-json\/wp\/v2\/pages\/1463\/revisions\/1550"}],"wp:attachment":[{"href":"https:\/\/www.jag-personal.com\/hu\/wp-json\/wp\/v2\/media?parent=1463"}],"curies":[{"name":"wp","href":"https:\/\/api.w.org\/{rel}","templated":true}]}}