{"id":1470,"date":"2016-04-06T11:04:52","date_gmt":"2016-04-06T11:04:52","guid":{"rendered":"https:\/\/www.jag-personal.com\/hu\/?page_id=1470"},"modified":"2016-04-06T11:36:32","modified_gmt":"2016-04-06T11:36:32","slug":"nemet-nyelvtanulas","status":"publish","type":"page","link":"https:\/\/www.jag-personal.com\/hu\/szolgaltatasok\/nemet-nyelvtanulas\/","title":{"rendered":"N\u00c9MET NYELVTANUL\u00c1S"},"content":{"rendered":"<div class=\"shariff\" data-twitter-via=\"trabajoalemania\" data-title=\"N\u00c9MET NYELVTANUL\u00c1S\" data-info-url=\"www.jag-personal.com\" data-backend-url=\"https:\/\/www.jag-personal.com\/wp-content\/plugins\/shariff-sharing\/backend\/index.php\" data-temp=\"\/tmp\" data-ttl=\"40\" data-service=\"tlx\" data-services='[\"facebook\",\"twitter\",\"linkedin\",\"xing\",\"whatsapp\",\"mail\"]' data-image=\"https:\/\/www.jag-personal.com\/wp-content\/uploads\/2015\/05\/glasses-272401_12801-300x200.jpghttps:\/\/www.jag-personal.com\/wp-content\/uploads\/2015\/05\/glasses-272401_12801-300x200.jpg 300w, https:\/\/www.jag-personal.com\/wp-content\/uploads\/2015\/05\/glasses-272401_12801-1024x682.jpg 1024w, https:\/\/www.jag-personal.com\/wp-content\/uploads\/2015\/05\/glasses-272401_12801-740x494.jpg 740w, https:\/\/www.jag-personal.com\/wp-content\/uploads\/2015\/05\/glasses-272401_12801-370x247.jpg 370w, https:\/\/www.jag-personal.com\/wp-content\/uploads\/2015\/05\/glasses-272401_12801.jpg 1280w\" data-url=\"https:\/\/www.jag-personal.com\/hu\/szolgaltatasok\/nemet-nyelvtanulas\/\" data-lang=\"en\" data-theme=\"color\" data-orientation=\"horizontal\"><\/div><p><a href=\"https:\/\/www.jag-personal.com\/wp-content\/uploads\/2015\/05\/glasses-272401_12801.jpg\" rel=\"attachment wp-att-630\"><img decoding=\"async\" loading=\"lazy\" class=\"size-medium wp-image-630 alignleft\" src=\"https:\/\/www.jag-personal.com\/wp-content\/uploads\/2015\/05\/glasses-272401_12801-300x200.jpg\" alt=\"glasses-272401_1280\" width=\"300\" height=\"200\" srcset=\"https:\/\/www.jag-personal.com\/wp-content\/uploads\/2015\/05\/glasses-272401_12801-300x200.jpg 300w, https:\/\/www.jag-personal.com\/wp-content\/uploads\/2015\/05\/glasses-272401_12801-1024x682.jpg 1024w, https:\/\/www.jag-personal.com\/wp-content\/uploads\/2015\/05\/glasses-272401_12801-740x494.jpg 740w, https:\/\/www.jag-personal.com\/wp-content\/uploads\/2015\/05\/glasses-272401_12801-370x247.jpg 370w, https:\/\/www.jag-personal.com\/wp-content\/uploads\/2015\/05\/glasses-272401_12801.jpg 1280w\" sizes=\"(max-width: 300px) 100vw, 300px\" \/><\/a><\/p>\n<p>A partnereinken kereszt\u00fcl, <strong>JAG Personal n\u00e9met nyelvtanfolyamokat k\u00edn\u00e1l spanyol anyanyelv\u0171eknek<\/strong>. Minden h\u00f3nap elej\u00e9n indulnak online \u00e9l\u0151 n\u00e9met kurzusaink. A1-es szintt\u0151l eg\u00e9szen C2-ig. Besz\u00e9d, olvas\u00e1s \u00e9s \u00edr\u00e1s \u00f3r\u00e1kat is k\u00edn\u00e1lunk n\u00e9met nyelven, besz\u00e9lget\u00e9s, sz\u00f3kincsn\u00f6vel\u00e9s szisztematikusan. <strong>M\u00e9g t\u00f6bb inform\u00e1ci\u00f3\u00e9rt k\u00e9rem, forduljon az al\u00e1bbi e-mail c\u00edmen hozz\u00e1nk<\/strong>: <strong><a href=\"mailto:recruiting@jag-personal.com\" target=\"_blank\">recruiting@jag-personal.com<\/a><\/strong><\/p>\n<p><b><a href=\"https:\/\/twitter.com\/trabajoalemania\" target=\"_blank\">Tweet to @trabajoalemania<\/a><\/b><\/p>\n","protected":false},"excerpt":{"rendered":"<p>A partnereinken kereszt\u00fcl, JAG Personal n\u00e9met nyelvtanfolyamokat k\u00edn\u00e1l spanyol anyanyelv\u0171eknek. Minden h\u00f3nap elej\u00e9n indulnak online \u00e9l\u0151 n\u00e9met kurzusaink. A1-es szintt\u0151l eg\u00e9szen C2-ig. Besz\u00e9d, olvas\u00e1s \u00e9s \u00edr\u00e1s \u00f3r\u00e1kat is k\u00edn\u00e1lunk n\u00e9met nyelven, besz\u00e9lget\u00e9s, sz\u00f3kincsn\u00f6vel\u00e9s szisztematikusan. M\u00e9g t\u00f6bb inform\u00e1ci\u00f3\u00e9rt k\u00e9rem, forduljon az &hellip; <a href=\"https:\/\/www.jag-personal.com\/hu\/szolgaltatasok\/nemet-nyelvtanulas\/\">Read More<\/a><\/p>\n","protected":false},"author":2,"featured_media":0,"parent":1610,"menu_order":0,"comment_status":"open","ping_status":"open","template":"","meta":{"_mi_skip_tracking":false,"_monsterinsights_sitenote_active":false,"_monsterinsights_sitenote_note":"","_monsterinsights_sitenote_category":0,"footnotes":""},"_links":{"self":[{"href":"https:\/\/www.jag-personal.com\/hu\/wp-json\/wp\/v2\/pages\/1470"}],"collection":[{"href":"https:\/\/www.jag-personal.com\/hu\/wp-json\/wp\/v2\/pages"}],"about":[{"href":"https:\/\/www.jag-personal.com\/hu\/wp-json\/wp\/v2\/types\/page"}],"author":[{"embeddable":true,"href":"https:\/\/www.jag-personal.com\/hu\/wp-json\/wp\/v2\/users\/2"}],"replies":[{"embeddable":true,"href":"https:\/\/www.jag-personal.com\/hu\/wp-json\/wp\/v2\/comments?post=1470"}],"version-history":[{"count":2,"href":"https:\/\/www.jag-personal.com\/hu\/wp-json\/wp\/v2\/pages\/1470\/revisions"}],"predecessor-version":[{"id":1495,"href":"https:\/\/www.jag-personal.com\/hu\/wp-json\/wp\/v2\/pages\/1470\/revisions\/1495"}],"up":[{"embeddable":true,"href":"https:\/\/www.jag-personal.com\/hu\/wp-json\/wp\/v2\/pages\/1610"}],"wp:attachment":[{"href":"https:\/\/www.jag-personal.com\/hu\/wp-json\/wp\/v2\/media?parent=1470"}],"curies":[{"name":"wp","href":"https:\/\/api.w.org\/{rel}","templated":true}]}}