{"id":1473,"date":"2016-04-06T11:08:23","date_gmt":"2016-04-06T11:08:23","guid":{"rendered":"https:\/\/www.jag-personal.com\/hu\/?page_id=1473"},"modified":"2016-05-18T09:19:34","modified_gmt":"2016-05-18T09:19:34","slug":"cegek-szamara","status":"publish","type":"page","link":"https:\/\/www.jag-personal.com\/hu\/szolgaltatasok\/cegek-szamara\/","title":{"rendered":"C\u00c9GEK SZ\u00c1M\u00c1RA"},"content":{"rendered":"<div class=\"shariff\" data-twitter-via=\"trabajoalemania\" data-title=\"C\u00c9GEK SZ\u00c1M\u00c1RA\" data-info-url=\"www.jag-personal.com\" data-backend-url=\"https:\/\/www.jag-personal.com\/wp-content\/plugins\/shariff-sharing\/backend\/index.php\" data-temp=\"\/tmp\" data-ttl=\"40\" data-service=\"tlx\" data-services='[\"facebook\",\"twitter\",\"linkedin\",\"xing\",\"whatsapp\",\"mail\"]' data-image=\"https:\/\/www.jag-personal.com\/wp-content\/uploads\/2016\/04\/meeting-room-730679_1280-300x200.jpghttps:\/\/www.jag-personal.com\/wp-content\/uploads\/2016\/04\/meeting-room-730679_1280-300x200.jpg 300w, https:\/\/www.jag-personal.com\/wp-content\/uploads\/2016\/04\/meeting-room-730679_1280-768x512.jpg 768w, https:\/\/www.jag-personal.com\/wp-content\/uploads\/2016\/04\/meeting-room-730679_1280-1024x683.jpg 1024w, https:\/\/www.jag-personal.com\/wp-content\/uploads\/2016\/04\/meeting-room-730679_1280.jpg 1280w\" data-url=\"https:\/\/www.jag-personal.com\/hu\/szolgaltatasok\/cegek-szamara\/\" data-lang=\"en\" data-theme=\"color\" data-orientation=\"horizontal\"><\/div><p style=\"text-align: justify;\"><strong>\u00a0<\/strong><\/p>\n<p style=\"text-align: justify;\">A <strong>JAG Personal N\u00e9metorsz\u00e1g <\/strong>egy olyan tan\u00e1csad\u00f3 c\u00e9g, melynek f\u0151 profilja a szakk\u00e9pzett munkaer\u0151 kiv\u00e1laszt\u00e1sa<a href=\"https:\/\/www.jag-personal.com\/wp-content\/uploads\/2016\/04\/meeting-room-730679_1280.jpg\" rel=\"attachment wp-att-1436\"><img decoding=\"async\" loading=\"lazy\" class=\"size-medium wp-image-1436 alignright\" src=\"https:\/\/www.jag-personal.com\/wp-content\/uploads\/2016\/04\/meeting-room-730679_1280-300x200.jpg\" alt=\"meeting-room-730679_1280\" width=\"300\" height=\"200\" srcset=\"https:\/\/www.jag-personal.com\/wp-content\/uploads\/2016\/04\/meeting-room-730679_1280-300x200.jpg 300w, https:\/\/www.jag-personal.com\/wp-content\/uploads\/2016\/04\/meeting-room-730679_1280-768x512.jpg 768w, https:\/\/www.jag-personal.com\/wp-content\/uploads\/2016\/04\/meeting-room-730679_1280-1024x683.jpg 1024w, https:\/\/www.jag-personal.com\/wp-content\/uploads\/2016\/04\/meeting-room-730679_1280.jpg 1280w\" sizes=\"(max-width: 300px) 100vw, 300px\" \/><\/a> n\u00e9metorsz\u00e1gi munkav\u00e9gz\u00e9s sz\u00e1m\u00e1ra. Az \u00fcgyfeleink sz\u00e1m\u00e1ra a teljes kiv\u00e1laszt\u00e1si folyamat idej\u00e9re ny\u00fajtunk szolg\u00e1ltat\u00e1sokat, mindv\u00e9gig a legmegfelel\u0151bb jel\u00f6lteket keresve.<\/p>\n<ul style=\"text-align: justify;\">\n<li>Mindegyik profilt alaposan ki\u00e9rt\u00e9kelj\u00fck, hogy biztosak legy\u00fcnk abban, hogy a legmegfelel\u0151bb jel\u00f6lt-c\u00e9g p\u00e1ros\u00edt\u00e1st tudjuk \u00f6sszehozni.<\/li>\n<li>K\u00f6zvet\u00edt\u0151 szerepet t\u00f6lt\u00fcnk be a szerz\u0151d\u00e9sk\u00f6t\u00e9s folyam\u00e1n, seg\u00edtve a jel\u00f6ltek az orsz\u00e1gba illetve a c\u00e9gbe t\u00f6rt\u00e9n\u0151 integr\u00e1ci\u00f3j\u00e1t.<\/li>\n<li>A szolg\u00e1ltat\u00e1sunk teljes eg\u00e9sz\u00e9ben az \u00fcgyfeleink ig\u00e9nyeihez vannak igaz\u00edtva.<\/li>\n<li>Nagyobb hangs\u00falyt fektetve az eg\u00e9szs\u00e9g\u00fcgyi szektorra, a m\u00e9rn\u00f6ki, fuvaroz\u00f3i \u00e9s m\u00e1s technol\u00f3giai szakk\u00e9pzetts\u00e9get ig\u00e9nyl\u0151 poz\u00edci\u00f3k bet\u00f6lt\u00e9s\u00e9vel is foglalkozunk.<\/li>\n<\/ul>\n<p style=\"text-align: justify;\">Ha szakk\u00e9pzett munkaer\u0151t keres c\u00e9ge sz\u00e1m\u00e1ra, akkor k\u00e9rj\u00fck, hogy l\u00e9pjen vel\u00fcnk kapcsolatba <strong>az <\/strong><a href=\"mailto:info@personal-alemania.com\"><strong>info@personal-alemania.com<\/strong><\/a> email-c\u00edmen, \u00e9s \u00edgy t\u00f6bb inform\u00e1ci\u00f3t tudunk adni \u00d6nnek szolg\u00e1ltat\u00e1sainkr\u00f3l \u00e9s munkafolyamatainkr\u00f3l.<\/p>\n","protected":false},"excerpt":{"rendered":"<p>\u00a0 A JAG Personal N\u00e9metorsz\u00e1g egy olyan tan\u00e1csad\u00f3 c\u00e9g, melynek f\u0151 profilja a szakk\u00e9pzett munkaer\u0151 kiv\u00e1laszt\u00e1sa n\u00e9metorsz\u00e1gi munkav\u00e9gz\u00e9s sz\u00e1m\u00e1ra. Az \u00fcgyfeleink sz\u00e1m\u00e1ra a teljes kiv\u00e1laszt\u00e1si folyamat idej\u00e9re ny\u00fajtunk szolg\u00e1ltat\u00e1sokat, mindv\u00e9gig a legmegfelel\u0151bb jel\u00f6lteket keresve. Mindegyik profilt alaposan ki\u00e9rt\u00e9kelj\u00fck, hogy biztosak &hellip; <a href=\"https:\/\/www.jag-personal.com\/hu\/szolgaltatasok\/cegek-szamara\/\">Read More<\/a><\/p>\n","protected":false},"author":2,"featured_media":0,"parent":1610,"menu_order":0,"comment_status":"open","ping_status":"open","template":"","meta":{"_mi_skip_tracking":false,"_monsterinsights_sitenote_active":false,"_monsterinsights_sitenote_note":"","_monsterinsights_sitenote_category":0,"footnotes":""},"_links":{"self":[{"href":"https:\/\/www.jag-personal.com\/hu\/wp-json\/wp\/v2\/pages\/1473"}],"collection":[{"href":"https:\/\/www.jag-personal.com\/hu\/wp-json\/wp\/v2\/pages"}],"about":[{"href":"https:\/\/www.jag-personal.com\/hu\/wp-json\/wp\/v2\/types\/page"}],"author":[{"embeddable":true,"href":"https:\/\/www.jag-personal.com\/hu\/wp-json\/wp\/v2\/users\/2"}],"replies":[{"embeddable":true,"href":"https:\/\/www.jag-personal.com\/hu\/wp-json\/wp\/v2\/comments?post=1473"}],"version-history":[{"count":6,"href":"https:\/\/www.jag-personal.com\/hu\/wp-json\/wp\/v2\/pages\/1473\/revisions"}],"predecessor-version":[{"id":1744,"href":"https:\/\/www.jag-personal.com\/hu\/wp-json\/wp\/v2\/pages\/1473\/revisions\/1744"}],"up":[{"embeddable":true,"href":"https:\/\/www.jag-personal.com\/hu\/wp-json\/wp\/v2\/pages\/1610"}],"wp:attachment":[{"href":"https:\/\/www.jag-personal.com\/hu\/wp-json\/wp\/v2\/media?parent=1473"}],"curies":[{"name":"wp","href":"https:\/\/api.w.org\/{rel}","templated":true}]}}