{"id":1476,"date":"2016-04-06T11:17:00","date_gmt":"2016-04-06T11:17:00","guid":{"rendered":"https:\/\/www.jag-personal.com\/hu\/?page_id=1476"},"modified":"2016-05-18T09:22:04","modified_gmt":"2016-05-18T09:22:04","slug":"jeloeltek-szamara","status":"publish","type":"page","link":"https:\/\/www.jag-personal.com\/hu\/szolgaltatasok\/jeloeltek-szamara\/","title":{"rendered":"JEL\u00d6LTEK SZ\u00c1M\u00c1RA"},"content":{"rendered":"<div class=\"shariff\" data-twitter-via=\"trabajoalemania\" data-title=\"JEL\u00d6LTEK SZ\u00c1M\u00c1RA\" data-info-url=\"www.jag-personal.com\" data-backend-url=\"https:\/\/www.jag-personal.com\/wp-content\/plugins\/shariff-sharing\/backend\/index.php\" data-temp=\"\/tmp\" data-ttl=\"40\" data-service=\"tlx\" data-services='[\"facebook\",\"twitter\",\"linkedin\",\"xing\",\"whatsapp\",\"mail\"]' data-image=\"https:\/\/www.jag-personal.com\/wp-content\/uploads\/2015\/04\/group-42917_1280-300x279.pnghttps:\/\/www.jag-personal.com\/wp-content\/uploads\/2015\/04\/group-42917_1280-300x279.png 300w, https:\/\/www.jag-personal.com\/wp-content\/uploads\/2015\/04\/group-42917_1280-1024x952.png 1024w, https:\/\/www.jag-personal.com\/wp-content\/uploads\/2015\/04\/group-42917_1280-740x688.png 740w, https:\/\/www.jag-personal.com\/wp-content\/uploads\/2015\/04\/group-42917_1280-370x344.png 370w, https:\/\/www.jag-personal.com\/wp-content\/uploads\/2015\/04\/group-42917_1280.png 1280w\" data-url=\"https:\/\/www.jag-personal.com\/hu\/szolgaltatasok\/jeloeltek-szamara\/\" data-lang=\"en\" data-theme=\"color\" data-orientation=\"horizontal\"><\/div><p>&nbsp;<\/p>\n<p>A <strong>JAG Personal N\u00e9metorsz\u00e1g<\/strong> a jel\u00f6ltek sz\u00e1m\u00e1ra k\u00edn\u00e1l seg\u00edts\u00e9get szakmai perspekt\u00edv\u00e1val rendelkez\u0151, stabil \u00e1ll\u00e1s el\u00e9r\u00e9s\u00e9hez egy megb\u00edzhat\u00f3, komoly v\u00e1llalatn\u00e1l. Mindezt egy teljes szolg\u00e1ltat\u00e1s keret\u00e9ben tessz\u00fck spanyol nyel<a href=\"https:\/\/www.jag-personal.com\/wp-content\/uploads\/2015\/04\/group-42917_1280.png\" rel=\"attachment wp-att-229\"><img decoding=\"async\" loading=\"lazy\" class=\"size-medium wp-image-229 alignright\" src=\"https:\/\/www.jag-personal.com\/wp-content\/uploads\/2015\/04\/group-42917_1280-300x279.png\" alt=\"group-42917_1280\" width=\"300\" height=\"279\" srcset=\"https:\/\/www.jag-personal.com\/wp-content\/uploads\/2015\/04\/group-42917_1280-300x279.png 300w, https:\/\/www.jag-personal.com\/wp-content\/uploads\/2015\/04\/group-42917_1280-1024x952.png 1024w, https:\/\/www.jag-personal.com\/wp-content\/uploads\/2015\/04\/group-42917_1280-740x688.png 740w, https:\/\/www.jag-personal.com\/wp-content\/uploads\/2015\/04\/group-42917_1280-370x344.png 370w, https:\/\/www.jag-personal.com\/wp-content\/uploads\/2015\/04\/group-42917_1280.png 1280w\" sizes=\"(max-width: 300px) 100vw, 300px\" \/><\/a>ven ny\u00fajtva seg\u00edts\u00e9get az orsz\u00e1gba val\u00f3 beilleszked\u00e9shez.<\/p>\n<p>Amit k\u00edn\u00e1lunk:<\/p>\n<ul>\n<li>stabil \u00e1ll\u00e1st<\/li>\n<li>munkahelyi biztons\u00e1got \u00e9s a szektornak megfelel\u0151 fizet\u00e9st<\/li>\n<li>Orient\u00e1ci\u00f3t \u00e9s a szakmai fejl\u0151d\u00e9s lehet\u0151s\u00e9g\u00e9t<\/li>\n<li>A b\u00fcrokr\u00e1ci\u00e1ban val\u00f3 eligaz\u00edt\u00e1st, kidolgoz\u00e1st, lakhelyet \u00e9s n\u00e9met nyelvtanfolyamokat<\/li>\n<li>A jel\u00f6ltek tov\u00e1bbk\u00e9pz\u00e9s\u00e9t<\/li>\n<\/ul>\n<p>A<strong> JAG Personal N\u00e9metorsz\u00e1gn\u00e1l<\/strong> a jel\u00f6ltek t\u00f6ltik be a k\u00f6zponti szerepet a tov\u00e1bbk\u00e9pz\u00e9seken, ez\u00e1ltal seg\u00edtve a n\u00e9met munkaer\u0151piacra val\u00f3 bejut\u00e1sukat. Megmutatjuk az utat \u00e9s egy\u00fctt hat\u00e1rozzuk meg az el\u00e9rni k\u00edv\u00e1nt c\u00e9lt. P\u00e1rbesz\u00e9dek \u00e9s konzult\u00e1ci\u00f3k sor\u00e1n egy\u00fctt keress\u00fck meg a legjobb megold\u00e1st a szakmai \u00e9let\u00e9re vonatkoz\u00f3an, kinek-kinek a v\u00e9gzetts\u00e9ge, tapasztalata \u00e9s v\u00e1gyai szerint.<\/p>\n<p><strong>K\u00fcldje el nek\u00fcnk \u00f6n\u00e9letrajz\u00e1t emailen a <a href=\"mailto:recruiting@jag-personal.com\" target=\"_blank\">recruiting@jag-personal.com<\/a> c\u00edmre.<\/strong><\/p>\n","protected":false},"excerpt":{"rendered":"<p>&nbsp; A JAG Personal N\u00e9metorsz\u00e1g a jel\u00f6ltek sz\u00e1m\u00e1ra k\u00edn\u00e1l seg\u00edts\u00e9get szakmai perspekt\u00edv\u00e1val rendelkez\u0151, stabil \u00e1ll\u00e1s el\u00e9r\u00e9s\u00e9hez egy megb\u00edzhat\u00f3, komoly v\u00e1llalatn\u00e1l. Mindezt egy teljes szolg\u00e1ltat\u00e1s keret\u00e9ben tessz\u00fck spanyol nyelven ny\u00fajtva seg\u00edts\u00e9get az orsz\u00e1gba val\u00f3 beilleszked\u00e9shez. Amit k\u00edn\u00e1lunk: stabil \u00e1ll\u00e1st munkahelyi biztons\u00e1got &hellip; <a href=\"https:\/\/www.jag-personal.com\/hu\/szolgaltatasok\/jeloeltek-szamara\/\">Read More<\/a><\/p>\n","protected":false},"author":2,"featured_media":0,"parent":1610,"menu_order":0,"comment_status":"open","ping_status":"closed","template":"","meta":{"_mi_skip_tracking":false,"_monsterinsights_sitenote_active":false,"_monsterinsights_sitenote_note":"","_monsterinsights_sitenote_category":0,"footnotes":""},"_links":{"self":[{"href":"https:\/\/www.jag-personal.com\/hu\/wp-json\/wp\/v2\/pages\/1476"}],"collection":[{"href":"https:\/\/www.jag-personal.com\/hu\/wp-json\/wp\/v2\/pages"}],"about":[{"href":"https:\/\/www.jag-personal.com\/hu\/wp-json\/wp\/v2\/types\/page"}],"author":[{"embeddable":true,"href":"https:\/\/www.jag-personal.com\/hu\/wp-json\/wp\/v2\/users\/2"}],"replies":[{"embeddable":true,"href":"https:\/\/www.jag-personal.com\/hu\/wp-json\/wp\/v2\/comments?post=1476"}],"version-history":[{"count":6,"href":"https:\/\/www.jag-personal.com\/hu\/wp-json\/wp\/v2\/pages\/1476\/revisions"}],"predecessor-version":[{"id":1746,"href":"https:\/\/www.jag-personal.com\/hu\/wp-json\/wp\/v2\/pages\/1476\/revisions\/1746"}],"up":[{"embeddable":true,"href":"https:\/\/www.jag-personal.com\/hu\/wp-json\/wp\/v2\/pages\/1610"}],"wp:attachment":[{"href":"https:\/\/www.jag-personal.com\/hu\/wp-json\/wp\/v2\/media?parent=1476"}],"curies":[{"name":"wp","href":"https:\/\/api.w.org\/{rel}","templated":true}]}}