{"id":1479,"date":"2016-04-06T11:18:27","date_gmt":"2016-04-06T11:18:27","guid":{"rendered":"https:\/\/www.jag-personal.com\/hu\/?page_id=1479"},"modified":"2016-05-18T10:53:00","modified_gmt":"2016-05-18T10:53:00","slug":"kepzesek-es-tanfolyamok","status":"publish","type":"page","link":"https:\/\/www.jag-personal.com\/hu\/szolgaltatasok\/kepzesek-es-tanfolyamok\/","title":{"rendered":"K\u00c9PZ\u00c9SEK \u00c9S TANFOLYAMOK"},"content":{"rendered":"<div class=\"shariff\" data-twitter-via=\"trabajoalemania\" data-title=\"K\u00c9PZ\u00c9SEK \u00c9S TANFOLYAMOK\" data-info-url=\"www.jag-personal.com\" data-backend-url=\"https:\/\/www.jag-personal.com\/wp-content\/plugins\/shariff-sharing\/backend\/index.php\" data-temp=\"\/tmp\" data-ttl=\"40\" data-service=\"tlx\" data-services='[\"facebook\",\"twitter\",\"linkedin\",\"xing\",\"whatsapp\",\"mail\"]' data-image=\"https:\/\/www.jag-personal.com\/wp-content\/uploads\/2015\/04\/conference-table-593355_1920-300x199.jpghttps:\/\/www.jag-personal.com\/wp-content\/uploads\/2015\/04\/conference-table-593355_1920-300x199.jpg 300w, https:\/\/www.jag-personal.com\/wp-content\/uploads\/2015\/04\/conference-table-593355_1920-1024x678.jpg 1024w, https:\/\/www.jag-personal.com\/wp-content\/uploads\/2015\/04\/conference-table-593355_1920-740x490.jpg 740w, https:\/\/www.jag-personal.com\/wp-content\/uploads\/2015\/04\/conference-table-593355_1920-370x245.jpg 370w, https:\/\/www.jag-personal.com\/wp-content\/uploads\/2015\/04\/conference-table-593355_1920.jpg 1920w\" data-url=\"https:\/\/www.jag-personal.com\/hu\/szolgaltatasok\/kepzesek-es-tanfolyamok\/\" data-lang=\"en\" data-theme=\"color\" data-orientation=\"horizontal\"><\/div><p><a href=\"https:\/\/www.jag-personal.com\/wp-content\/uploads\/2015\/04\/conference-table-593355_1920.jpg\" rel=\"attachment wp-att-969\"><img decoding=\"async\" loading=\"lazy\" class=\"size-medium wp-image-969 alignleft\" src=\"https:\/\/www.jag-personal.com\/wp-content\/uploads\/2015\/04\/conference-table-593355_1920-300x199.jpg\" alt=\"conference-table-593355_1920\" width=\"300\" height=\"199\" srcset=\"https:\/\/www.jag-personal.com\/wp-content\/uploads\/2015\/04\/conference-table-593355_1920-300x199.jpg 300w, https:\/\/www.jag-personal.com\/wp-content\/uploads\/2015\/04\/conference-table-593355_1920-1024x678.jpg 1024w, https:\/\/www.jag-personal.com\/wp-content\/uploads\/2015\/04\/conference-table-593355_1920-740x490.jpg 740w, https:\/\/www.jag-personal.com\/wp-content\/uploads\/2015\/04\/conference-table-593355_1920-370x245.jpg 370w, https:\/\/www.jag-personal.com\/wp-content\/uploads\/2015\/04\/conference-table-593355_1920.jpg 1920w\" sizes=\"(max-width: 300px) 100vw, 300px\" \/><\/a><span id=\"result_box\" class=\"short_text\" lang=\"hu\"><\/span><\/p>\n<p><strong><span id=\"result_box\" class=\"short_text\" lang=\"hu\"><span class=\"\">Szemin\u00e1riumok: <\/span><\/span><span id=\"result_box\" class=\"short_text\" lang=\"hu\">interkultur\u00e1lis kompetencia nemzetk\u00f6zi <span class=\"\">m\u0171szaki<\/span><\/span><\/strong><\/p>\n<p>A szakmai kompetenci\u00e1k \u00e9s a n\u00e9met nyelvtud\u00e1s sokszor nem elegend\u0151ek ahhoz, hogy sikeresen be tudjunk \u00e9p\u00fclni a n\u00e9metorsz\u00e1gi munka vil\u00e1g\u00e1ba. Az interkultur\u00e1lis kompetenci\u00e1k \u00e9s m\u00e1s ismeretek, mint pl. a kommunik\u00e1ci\u00f3s st\u00edlus vagy munkast\u00edlus nagy jelent\u0151s\u00e9ggel b\u00edr N\u00e9metorsz\u00e1gban, ahhoz, hogy a min\u00e9l sikeresebb legyen a v\u00e1llalatokba t\u00f6rt\u00e9n\u0151 be\u00e9p\u00fcl\u00e9s. Szint\u00e9n nagyon fontos N\u00e9metorsz\u00e1g ismerete ahhoz, hogy a lehets\u00e9ges p\u00e1cienseket min\u00e9l hat\u00e9konyabban lehessen ell\u00e1tni a klinik\u00e1kon.<\/p>\n<p>&nbsp;<\/p>\n<p>Anne Rupp, egy t\u00f6bb \u00e9ves tapasztalattal rendelkez\u0151 tan\u00e1csad\u00f3 \u00e9s kult\u00farak\u00f6zi kommunik\u00e1ci\u00f3s tr\u00e9ner, aki tapasztalatait multinacion\u00e1lis v\u00e1llalatokn\u00e1l szerezte Barcelon\u00e1ban \u00e9s K\u00f6lnben. Kompetenci\u00e1i k\u00f6z\u00f6tt szerepel t\u00f6bbek k\u00f6z\u00f6tt:<\/p>\n<ul>\n<li>Kult\u00farak\u00f6zi kommunik\u00e1ci\u00f3s k\u00e9pz\u00e9sek \u00e9s megl\u00e9v\u0151 kompetenci\u00e1k fejleszt\u00e9se<\/li>\n<li>K\u00e9pz\u00e9sek a n\u00e9metorsz\u00e1gi v\u00e1llalatokr\u00f3l, a n\u00e9met kult\u00far\u00e1r\u00f3l, kommunik\u00e1ci\u00f3r\u00f3l \u00e9s munkast\u00edlusr\u00f3l<\/li>\n<li>K\u00e9pz\u00e9sek vezet\u0151k \u00e9s kiv\u00e1ndorl\u00f3k r\u00e9sz\u00e9re<\/li>\n<li>Kommunik\u00e1ci\u00f3s tr\u00e9ningek.<\/li>\n<\/ul>\n<p>N\u00e9metorsz\u00e1g \u00e9s Spanyolorsz\u00e1g k\u00f6z\u00f6tti kapcsolatfelel\u0151sk\u00e9nt \u00e9s tan\u00e1csad\u00f3k\u00e9nt dolgozott olyan c\u00e9gek sz\u00e1m\u00e1ra mint B\u00f6hringer Ingelheim, E.ON, Giesecke &amp; Devrient Grouo, Procter &amp; Gamble, sanofi \u2013aventis, SEAT, SONY, Unilever, Vodafone y Xerox. T\u00e1rsszerz\u0151je a \u201cSpanien von Innen und Au\u00dfen- eine Interkulturelle Perspektive\u201d c\u00edm\u0171 k\u00f6nyvnek, valamint projekt-koordin\u00e1tora \u00e9s t\u00e1rsszerz\u0151je egy olyan e-learning k\u00e9pz\u00e9s publik\u00e1ci\u00f3j\u00e1nak, ami az eg\u00e9szs\u00e9g\u00fcgyi szakemberek kult\u00farak\u00f6zi kompetenci\u00e1inak a fejleszt\u00e9s\u00e9t hivatott szolg\u00e1lni.<\/p>\n","protected":false},"excerpt":{"rendered":"<p>Szemin\u00e1riumok: interkultur\u00e1lis kompetencia nemzetk\u00f6zi m\u0171szaki A szakmai kompetenci\u00e1k \u00e9s a n\u00e9met nyelvtud\u00e1s sokszor nem elegend\u0151ek ahhoz, hogy sikeresen be tudjunk \u00e9p\u00fclni a n\u00e9metorsz\u00e1gi munka vil\u00e1g\u00e1ba. Az interkultur\u00e1lis kompetenci\u00e1k \u00e9s m\u00e1s ismeretek, mint pl. a kommunik\u00e1ci\u00f3s st\u00edlus vagy munkast\u00edlus nagy jelent\u0151s\u00e9ggel &hellip; <a href=\"https:\/\/www.jag-personal.com\/hu\/szolgaltatasok\/kepzesek-es-tanfolyamok\/\">Read More<\/a><\/p>\n","protected":false},"author":2,"featured_media":1294,"parent":1610,"menu_order":0,"comment_status":"open","ping_status":"closed","template":"","meta":{"_mi_skip_tracking":false,"_monsterinsights_sitenote_active":false,"_monsterinsights_sitenote_note":"","_monsterinsights_sitenote_category":0,"footnotes":""},"_links":{"self":[{"href":"https:\/\/www.jag-personal.com\/hu\/wp-json\/wp\/v2\/pages\/1479"}],"collection":[{"href":"https:\/\/www.jag-personal.com\/hu\/wp-json\/wp\/v2\/pages"}],"about":[{"href":"https:\/\/www.jag-personal.com\/hu\/wp-json\/wp\/v2\/types\/page"}],"author":[{"embeddable":true,"href":"https:\/\/www.jag-personal.com\/hu\/wp-json\/wp\/v2\/users\/2"}],"replies":[{"embeddable":true,"href":"https:\/\/www.jag-personal.com\/hu\/wp-json\/wp\/v2\/comments?post=1479"}],"version-history":[{"count":3,"href":"https:\/\/www.jag-personal.com\/hu\/wp-json\/wp\/v2\/pages\/1479\/revisions"}],"predecessor-version":[{"id":1747,"href":"https:\/\/www.jag-personal.com\/hu\/wp-json\/wp\/v2\/pages\/1479\/revisions\/1747"}],"up":[{"embeddable":true,"href":"https:\/\/www.jag-personal.com\/hu\/wp-json\/wp\/v2\/pages\/1610"}],"wp:featuredmedia":[{"embeddable":true,"href":"https:\/\/www.jag-personal.com\/hu\/wp-json\/wp\/v2\/media\/1294"}],"wp:attachment":[{"href":"https:\/\/www.jag-personal.com\/hu\/wp-json\/wp\/v2\/media?parent=1479"}],"curies":[{"name":"wp","href":"https:\/\/api.w.org\/{rel}","templated":true}]}}