{"id":1481,"date":"2016-04-06T11:19:54","date_gmt":"2016-04-06T11:19:54","guid":{"rendered":"https:\/\/www.jag-personal.com\/hu\/?page_id=1481"},"modified":"2016-04-07T10:11:38","modified_gmt":"2016-04-07T10:11:38","slug":"gasztronomia","status":"publish","type":"page","link":"https:\/\/www.jag-personal.com\/hu\/1463-2\/gasztronomia\/","title":{"rendered":"Gasztron\u00f3mia"},"content":{"rendered":"<div class=\"shariff\" data-twitter-via=\"trabajoalemania\" data-title=\"Gasztron\u00f3mia\" data-info-url=\"www.jag-personal.com\" data-backend-url=\"https:\/\/www.jag-personal.com\/wp-content\/plugins\/shariff-sharing\/backend\/index.php\" data-temp=\"\/tmp\" data-ttl=\"40\" data-service=\"tlx\" data-services='[\"facebook\",\"twitter\",\"linkedin\",\"xing\",\"whatsapp\",\"mail\"]' data-image=\"https:\/\/www.jag-personal.com\/wp-content\/uploads\/2015\/05\/kitchen-731351_1280-300x200.jpghttps:\/\/www.jag-personal.com\/wp-content\/uploads\/2015\/05\/kitchen-731351_1280-300x200.jpg 300w, https:\/\/www.jag-personal.com\/wp-content\/uploads\/2015\/05\/kitchen-731351_1280-1024x682.jpg 1024w, https:\/\/www.jag-personal.com\/wp-content\/uploads\/2015\/05\/kitchen-731351_1280.jpg 1280w\" data-url=\"https:\/\/www.jag-personal.com\/hu\/1463-2\/gasztronomia\/\" data-lang=\"en\" data-theme=\"color\" data-orientation=\"horizontal\"><\/div><p style=\"text-align: justify;\"><span style=\"font-size: 18pt;\"><strong>Gasztron\u00f3mia<\/strong><\/span><\/p>\n<p style=\"text-align: justify;\">N\u00e9metorsz\u00e1gban ig\u00e9ny van a <strong>turizmus, vend\u00e9gl\u00e1t\u00e1s valamint gasztron\u00f3mia<\/strong> ter\u00fclet\u00e9n j\u00e1rtas szakemberekre. Lehet\u0151s\u00e9g van recepci\u00f3s, pinc\u00e9r, szak\u00e1cs, konyhaseg\u00e9d poz\u00edci\u00f3k bet\u00f6lt\u00e9s\u00e9re, illetve m\u00e1s szolg\u00e1ltat\u00e1sszektorhoz tartoz\u00f3 \u00e1ll\u00e1sok is nyitva \u00e1llnak a k\u00fclf\u00f6ldi munkaer\u0151 sz\u00e1m\u00e1ra.<a href=\"https:\/\/www.jag-personal.com\/wp-content\/uploads\/2015\/05\/kitchen-731351_1280.jpg\" rel=\"attachment wp-att-984\"><img decoding=\"async\" loading=\"lazy\" class=\" wp-image-984 alignright\" src=\"https:\/\/www.jag-personal.com\/wp-content\/uploads\/2015\/05\/kitchen-731351_1280-300x200.jpg\" alt=\"kitchen-731351_1280\" width=\"251\" height=\"167\" srcset=\"https:\/\/www.jag-personal.com\/wp-content\/uploads\/2015\/05\/kitchen-731351_1280-300x200.jpg 300w, https:\/\/www.jag-personal.com\/wp-content\/uploads\/2015\/05\/kitchen-731351_1280-1024x682.jpg 1024w, https:\/\/www.jag-personal.com\/wp-content\/uploads\/2015\/05\/kitchen-731351_1280.jpg 1280w\" sizes=\"(max-width: 251px) 100vw, 251px\" \/><\/a><\/p>\n<p style=\"text-align: justify;\">Att\u00f3l f\u00fcggetlen\u00fcl, hogy sok esetben ezek a poz\u00edci\u00f3k nem k\u00edv\u00e1nnak meg magas n\u00e9met nyelvtud\u00e1st, mi a JAG-n\u00e9l m\u00e9gis \u00fagy gondoljuk, hogy sz\u00fcks\u00e9ges a n\u00e9met nyelv bizonyos fok\u00fa ismerete, miel\u0151tt megp\u00e1ly\u00e1zunk egy poz\u00edci\u00f3t. Azok a jel\u00f6ltek, akik jobb n\u00e9met nyelvtud\u00e1ssal rendelkeznek, mindig el\u0151nyt fognak \u00e9lvezni a szelekci\u00f3 sor\u00e1n, f\u0151leg ha a vend\u00e9gekkel is kontaktba kell, hogy ker\u00fcljenek.<\/p>\n<p style=\"text-align: justify;\">Az \u00e9rdekl\u0151d\u0151ket k\u00e9rj\u00fck, hogy k\u00fcldj\u00e9k el nek\u00fcnk n\u00e9met nyelv\u0171 \u00f6n\u00e9letrajzukat az al\u00e1bbi email-c\u00edmre: <strong><a href=\"mailto:recruiting@personal-alemania.com\" target=\"_blank\">recruiting@personal-alemania.com<\/a><\/strong><\/p>\n","protected":false},"excerpt":{"rendered":"<p>Gasztron\u00f3mia N\u00e9metorsz\u00e1gban ig\u00e9ny van a turizmus, vend\u00e9gl\u00e1t\u00e1s valamint gasztron\u00f3mia ter\u00fclet\u00e9n j\u00e1rtas szakemberekre. Lehet\u0151s\u00e9g van recepci\u00f3s, pinc\u00e9r, szak\u00e1cs, konyhaseg\u00e9d poz\u00edci\u00f3k bet\u00f6lt\u00e9s\u00e9re, illetve m\u00e1s szolg\u00e1ltat\u00e1sszektorhoz tartoz\u00f3 \u00e1ll\u00e1sok is nyitva \u00e1llnak a k\u00fclf\u00f6ldi munkaer\u0151 sz\u00e1m\u00e1ra. Att\u00f3l f\u00fcggetlen\u00fcl, hogy sok esetben ezek a poz\u00edci\u00f3k &hellip; <a href=\"https:\/\/www.jag-personal.com\/hu\/1463-2\/gasztronomia\/\">Read More<\/a><\/p>\n","protected":false},"author":2,"featured_media":0,"parent":1463,"menu_order":0,"comment_status":"open","ping_status":"closed","template":"","meta":{"_mi_skip_tracking":false,"_monsterinsights_sitenote_active":false,"_monsterinsights_sitenote_note":"","_monsterinsights_sitenote_category":0,"footnotes":""},"_links":{"self":[{"href":"https:\/\/www.jag-personal.com\/hu\/wp-json\/wp\/v2\/pages\/1481"}],"collection":[{"href":"https:\/\/www.jag-personal.com\/hu\/wp-json\/wp\/v2\/pages"}],"about":[{"href":"https:\/\/www.jag-personal.com\/hu\/wp-json\/wp\/v2\/types\/page"}],"author":[{"embeddable":true,"href":"https:\/\/www.jag-personal.com\/hu\/wp-json\/wp\/v2\/users\/2"}],"replies":[{"embeddable":true,"href":"https:\/\/www.jag-personal.com\/hu\/wp-json\/wp\/v2\/comments?post=1481"}],"version-history":[{"count":3,"href":"https:\/\/www.jag-personal.com\/hu\/wp-json\/wp\/v2\/pages\/1481\/revisions"}],"predecessor-version":[{"id":1521,"href":"https:\/\/www.jag-personal.com\/hu\/wp-json\/wp\/v2\/pages\/1481\/revisions\/1521"}],"up":[{"embeddable":true,"href":"https:\/\/www.jag-personal.com\/hu\/wp-json\/wp\/v2\/pages\/1463"}],"wp:attachment":[{"href":"https:\/\/www.jag-personal.com\/hu\/wp-json\/wp\/v2\/media?parent=1481"}],"curies":[{"name":"wp","href":"https:\/\/api.w.org\/{rel}","templated":true}]}}