{"id":1483,"date":"2016-04-06T11:21:08","date_gmt":"2016-04-06T11:21:08","guid":{"rendered":"https:\/\/www.jag-personal.com\/hu\/?page_id=1483"},"modified":"2016-04-07T10:12:08","modified_gmt":"2016-04-07T10:12:08","slug":"informatika-it","status":"publish","type":"page","link":"https:\/\/www.jag-personal.com\/hu\/1463-2\/informatika-it\/","title":{"rendered":"Informatika \u2013 IT"},"content":{"rendered":"<div class=\"shariff\" data-twitter-via=\"trabajoalemania\" data-title=\"Informatika \u2013 IT\" data-info-url=\"www.jag-personal.com\" data-backend-url=\"https:\/\/www.jag-personal.com\/wp-content\/plugins\/shariff-sharing\/backend\/index.php\" data-temp=\"\/tmp\" data-ttl=\"40\" data-service=\"tlx\" data-services='[\"facebook\",\"twitter\",\"linkedin\",\"xing\",\"whatsapp\",\"mail\"]' data-image=\"https:\/\/www.jag-personal.com\/wp-content\/uploads\/2015\/10\/computer-339836_1280-300x199.jpghttps:\/\/www.jag-personal.com\/wp-content\/uploads\/2015\/10\/computer-339836_1280-300x199.jpg 300w, https:\/\/www.jag-personal.com\/wp-content\/uploads\/2015\/10\/computer-339836_1280-1024x681.jpg 1024w, https:\/\/www.jag-personal.com\/wp-content\/uploads\/2015\/10\/computer-339836_1280-740x492.jpg 740w, https:\/\/www.jag-personal.com\/wp-content\/uploads\/2015\/10\/computer-339836_1280-370x246.jpg 370w, https:\/\/www.jag-personal.com\/wp-content\/uploads\/2015\/10\/computer-339836_1280.jpg 1280w\" data-url=\"https:\/\/www.jag-personal.com\/hu\/1463-2\/informatika-it\/\" data-lang=\"en\" data-theme=\"color\" data-orientation=\"horizontal\"><\/div><p>&nbsp;<\/p>\n<p><span style=\"font-size: 18pt;\"><strong>Informatika \u2013 IT<a href=\"https:\/\/www.jag-personal.com\/wp-content\/uploads\/2015\/10\/computer-339836_1280.jpg\" rel=\"attachment wp-att-1216\"><img decoding=\"async\" loading=\"lazy\" class=\"size-medium wp-image-1216 alignright\" src=\"https:\/\/www.jag-personal.com\/wp-content\/uploads\/2015\/10\/computer-339836_1280-300x199.jpg\" alt=\"computer-339836_1280\" width=\"300\" height=\"199\" srcset=\"https:\/\/www.jag-personal.com\/wp-content\/uploads\/2015\/10\/computer-339836_1280-300x199.jpg 300w, https:\/\/www.jag-personal.com\/wp-content\/uploads\/2015\/10\/computer-339836_1280-1024x681.jpg 1024w, https:\/\/www.jag-personal.com\/wp-content\/uploads\/2015\/10\/computer-339836_1280-740x492.jpg 740w, https:\/\/www.jag-personal.com\/wp-content\/uploads\/2015\/10\/computer-339836_1280-370x246.jpg 370w, https:\/\/www.jag-personal.com\/wp-content\/uploads\/2015\/10\/computer-339836_1280.jpg 1280w\" sizes=\"(max-width: 300px) 100vw, 300px\" \/><\/a><\/strong><\/span><\/p>\n<p style=\"text-align: justify;\">A szakk\u00e9pzett munkaer\u0151 ir\u00e1nti ig\u00e9ny N\u00e9metorsz\u00e1gban kiterjedt az inform\u00e1ci\u00f3technol\u00f3giai szektorra (IT) is. A diplom\u00e1s informatikusok \u00e9s telekommunik\u00e1ci\u00f3ban j\u00e1rtas szakemberek, valamint programfejleszt\u0151k egyar\u00e1nt nagyon \u00e9rt\u00e9kesek a n\u00e9met c\u00e9gek sz\u00e1m\u00e1ra.<\/p>\n<p style=\"text-align: justify;\">A JAG-n\u00e9l arra biztatunk mindenkit, akit \u00e9rdekel ez a ter\u00fclet, \u00e9s szeretne N\u00e9metorsz\u00e1gban elhelyezkedni, az vegye fel vel\u00fcnk a kapcsolatot.<\/p>\n<p style=\"text-align: justify;\">Az \u00e9rdekl\u0151d\u0151ket k\u00e9rj\u00fck, hogy k\u00fcldj\u00e9k el nek\u00fcnk n\u00e9met nyelv\u0171 \u00f6n\u00e9letrajzukat az al\u00e1bbi email-c\u00edmre: <strong>recruiting@personal-alemania.com<\/strong><\/p>\n","protected":false},"excerpt":{"rendered":"<p>&nbsp; Informatika \u2013 IT A szakk\u00e9pzett munkaer\u0151 ir\u00e1nti ig\u00e9ny N\u00e9metorsz\u00e1gban kiterjedt az inform\u00e1ci\u00f3technol\u00f3giai szektorra (IT) is. A diplom\u00e1s informatikusok \u00e9s telekommunik\u00e1ci\u00f3ban j\u00e1rtas szakemberek, valamint programfejleszt\u0151k egyar\u00e1nt nagyon \u00e9rt\u00e9kesek a n\u00e9met c\u00e9gek sz\u00e1m\u00e1ra. A JAG-n\u00e9l arra biztatunk mindenkit, akit \u00e9rdekel ez &hellip; <a href=\"https:\/\/www.jag-personal.com\/hu\/1463-2\/informatika-it\/\">Read More<\/a><\/p>\n","protected":false},"author":2,"featured_media":0,"parent":1463,"menu_order":0,"comment_status":"open","ping_status":"closed","template":"","meta":{"_mi_skip_tracking":false,"_monsterinsights_sitenote_active":false,"_monsterinsights_sitenote_note":"","_monsterinsights_sitenote_category":0,"footnotes":""},"_links":{"self":[{"href":"https:\/\/www.jag-personal.com\/hu\/wp-json\/wp\/v2\/pages\/1483"}],"collection":[{"href":"https:\/\/www.jag-personal.com\/hu\/wp-json\/wp\/v2\/pages"}],"about":[{"href":"https:\/\/www.jag-personal.com\/hu\/wp-json\/wp\/v2\/types\/page"}],"author":[{"embeddable":true,"href":"https:\/\/www.jag-personal.com\/hu\/wp-json\/wp\/v2\/users\/2"}],"replies":[{"embeddable":true,"href":"https:\/\/www.jag-personal.com\/hu\/wp-json\/wp\/v2\/comments?post=1483"}],"version-history":[{"count":2,"href":"https:\/\/www.jag-personal.com\/hu\/wp-json\/wp\/v2\/pages\/1483\/revisions"}],"predecessor-version":[{"id":1493,"href":"https:\/\/www.jag-personal.com\/hu\/wp-json\/wp\/v2\/pages\/1483\/revisions\/1493"}],"up":[{"embeddable":true,"href":"https:\/\/www.jag-personal.com\/hu\/wp-json\/wp\/v2\/pages\/1463"}],"wp:attachment":[{"href":"https:\/\/www.jag-personal.com\/hu\/wp-json\/wp\/v2\/media?parent=1483"}],"curies":[{"name":"wp","href":"https:\/\/api.w.org\/{rel}","templated":true}]}}