{"id":1485,"date":"2016-04-06T11:22:23","date_gmt":"2016-04-06T11:22:23","guid":{"rendered":"https:\/\/www.jag-personal.com\/hu\/?page_id=1485"},"modified":"2016-04-07T10:12:38","modified_gmt":"2016-04-07T10:12:38","slug":"egeszseguegy-orvos-apolo","status":"publish","type":"page","link":"https:\/\/www.jag-personal.com\/hu\/1463-2\/egeszseguegy-orvos-apolo\/","title":{"rendered":"Eg\u00e9szs\u00e9g\u00fcgy (Orvos \u00e9s \u00c1pol\u00f3)"},"content":{"rendered":"<div class=\"shariff\" data-twitter-via=\"trabajoalemania\" data-title=\"Eg\u00e9szs\u00e9g\u00fcgy (Orvos \u00e9s \u00c1pol\u00f3)\" data-info-url=\"www.jag-personal.com\" data-backend-url=\"https:\/\/www.jag-personal.com\/wp-content\/plugins\/shariff-sharing\/backend\/index.php\" data-temp=\"\/tmp\" data-ttl=\"40\" data-service=\"tlx\" data-services='[\"facebook\",\"twitter\",\"linkedin\",\"xing\",\"whatsapp\",\"mail\"]' data-image=\"https:\/\/www.jag-personal.com\/wp-content\/uploads\/2015\/05\/Fotolia_26234759_M-300x200.jpghttps:\/\/www.jag-personal.com\/wp-content\/uploads\/2015\/05\/Fotolia_26234759_M-300x200.jpg 300w, https:\/\/www.jag-personal.com\/wp-content\/uploads\/2015\/05\/Fotolia_26234759_M-1024x682.jpg 1024w, https:\/\/www.jag-personal.com\/wp-content\/uploads\/2015\/05\/Fotolia_26234759_M.jpg 1688w\" data-url=\"https:\/\/www.jag-personal.com\/hu\/1463-2\/egeszseguegy-orvos-apolo\/\" data-lang=\"en\" data-theme=\"color\" data-orientation=\"horizontal\"><\/div><p>&nbsp;<\/p>\n<p><span style=\"font-size: 18pt;\"><strong>Eg\u00e9szs\u00e9g\u00fcgy (Orvos \u00e9s \u00c1pol\u00f3)<\/strong><\/span><\/p>\n<p style=\"text-align: justify;\">A N\u00e9metorsz\u00e1gban fenn\u00e1ll\u00f3 szakk\u00e9pzett munkaer\u0151hi\u00e1ny legink\u00e1bb<a href=\"https:\/\/www.jag-personal.com\/wp-content\/uploads\/2015\/05\/Fotolia_26234759_M.jpg\" rel=\"attachment wp-att-476\"><img decoding=\"async\" loading=\"lazy\" class=\"size-medium wp-image-476 alignright\" src=\"https:\/\/www.jag-personal.com\/wp-content\/uploads\/2015\/05\/Fotolia_26234759_M-300x200.jpg\" alt=\"group of students working at the laboratory\" width=\"300\" height=\"200\" srcset=\"https:\/\/www.jag-personal.com\/wp-content\/uploads\/2015\/05\/Fotolia_26234759_M-300x200.jpg 300w, https:\/\/www.jag-personal.com\/wp-content\/uploads\/2015\/05\/Fotolia_26234759_M-1024x682.jpg 1024w, https:\/\/www.jag-personal.com\/wp-content\/uploads\/2015\/05\/Fotolia_26234759_M.jpg 1688w\" sizes=\"(max-width: 300px) 100vw, 300px\" \/><\/a><br \/>\naz eg\u00e9szs\u00e9g\u00fcgyet \u00e9rinti. Az oktat\u00e1si rendszer nem termeli ki a sz\u00fcks\u00e9ges eg\u00e9szs\u00e9g\u00fcgyi dolgoz\u00f3k sz\u00e1m\u00e1t, ez\u00e9rt sz\u00e1mos k\u00f3rh\u00e1z \u00e9s klinika a bet\u00f6ltetlen poz\u00edci\u00f3k sz\u00e1m\u00e1ra k\u00fclf\u00f6ld\u00f6n keresi a megfelel\u0151 szakembereket. \u00c9ppen ez\u00e9rt a az elm\u00falt \u00e9vekben megn\u0151tt a k\u00fclf\u00f6ldi eg\u00e9szs\u00e9g\u00fcgyi dolgoz\u00f3k ir\u00e1nti ig\u00e9ny, mely ig\u00e9ny tov\u00e1bbra is n\u00f6vekszik. Arr\u00f3l nem is besz\u00e9lve, hogy a n\u00e9pess\u00e9g folyamatos el\u00f6reged\u00e9s\u00e9vel folyamatosan n\u0151 az eg\u00e9szs\u00e9g\u00fcgyi ell\u00e1t\u00e1sra szorul\u00f3k sz\u00e1ma.<\/p>\n<p style=\"text-align: justify;\">Az eg\u00e9szs\u00e9g\u00fcgyi dolgoz\u00f3k ir\u00e1nti ig\u00e9ny kiel\u00e9g\u00edt\u00e9se c\u00e9lj\u00e1b\u00f3l, a JAG-n\u00e9l mi legink\u00e1bb olyan \u00e1pol\u00f3kat \u00e9s orvosokat keres\u00fcnk, akik szeretn\u00e9nek N\u00e9metorsz\u00e1gban dolgozni. Rajtunk kereszt\u00fcl gyors \u00e9s egyszer\u0171 bejut\u00e1st biztos\u00edtunk a n\u00e9met munkaer\u0151 piacra, hozz\u00e1seg\u00edtve az \u00e9rdekl\u0151d\u0151ket egy j\u00f3 munkafelt\u00e9telekkel b\u00edr\u00f3, karrierlehet\u0151s\u00e9get mag\u00e1ban foglal\u00f3 \u00e1ll\u00e1shoz. Mint N\u00e9metorsz\u00e1g eset\u00e9ben \u00e1ltal\u00e1ban, a n\u00e9met nyelvtud\u00e1s sok seg\u00edts\u00e9get jelent az elhelyezked\u00e9sben.<\/p>\n<p style=\"text-align: justify;\"><strong>Az \u00e9rdekl\u0151d\u0151ket k\u00e9rj\u00fck, hogy k\u00fcldj\u00e9k el nek\u00fcnk n\u00e9met nyelv\u0171 \u00f6n\u00e9letrajzukat az al\u00e1bbi email-c\u00edmre: <a href=\"mailto:recruiting@personal-alemania.com\">recruiting@personal-alemania.com<\/a><br \/>\n<\/strong><\/p>\n","protected":false},"excerpt":{"rendered":"<p>&nbsp; Eg\u00e9szs\u00e9g\u00fcgy (Orvos \u00e9s \u00c1pol\u00f3) A N\u00e9metorsz\u00e1gban fenn\u00e1ll\u00f3 szakk\u00e9pzett munkaer\u0151hi\u00e1ny legink\u00e1bb az eg\u00e9szs\u00e9g\u00fcgyet \u00e9rinti. Az oktat\u00e1si rendszer nem termeli ki a sz\u00fcks\u00e9ges eg\u00e9szs\u00e9g\u00fcgyi dolgoz\u00f3k sz\u00e1m\u00e1t, ez\u00e9rt sz\u00e1mos k\u00f3rh\u00e1z \u00e9s klinika a bet\u00f6ltetlen poz\u00edci\u00f3k sz\u00e1m\u00e1ra k\u00fclf\u00f6ld\u00f6n keresi a megfelel\u0151 szakembereket. \u00c9ppen &hellip; <a href=\"https:\/\/www.jag-personal.com\/hu\/1463-2\/egeszseguegy-orvos-apolo\/\">Read More<\/a><\/p>\n","protected":false},"author":2,"featured_media":0,"parent":1463,"menu_order":0,"comment_status":"open","ping_status":"open","template":"","meta":{"_mi_skip_tracking":false,"_monsterinsights_sitenote_active":false,"_monsterinsights_sitenote_note":"","_monsterinsights_sitenote_category":0,"footnotes":""},"_links":{"self":[{"href":"https:\/\/www.jag-personal.com\/hu\/wp-json\/wp\/v2\/pages\/1485"}],"collection":[{"href":"https:\/\/www.jag-personal.com\/hu\/wp-json\/wp\/v2\/pages"}],"about":[{"href":"https:\/\/www.jag-personal.com\/hu\/wp-json\/wp\/v2\/types\/page"}],"author":[{"embeddable":true,"href":"https:\/\/www.jag-personal.com\/hu\/wp-json\/wp\/v2\/users\/2"}],"replies":[{"embeddable":true,"href":"https:\/\/www.jag-personal.com\/hu\/wp-json\/wp\/v2\/comments?post=1485"}],"version-history":[{"count":2,"href":"https:\/\/www.jag-personal.com\/hu\/wp-json\/wp\/v2\/pages\/1485\/revisions"}],"predecessor-version":[{"id":1494,"href":"https:\/\/www.jag-personal.com\/hu\/wp-json\/wp\/v2\/pages\/1485\/revisions\/1494"}],"up":[{"embeddable":true,"href":"https:\/\/www.jag-personal.com\/hu\/wp-json\/wp\/v2\/pages\/1463"}],"wp:attachment":[{"href":"https:\/\/www.jag-personal.com\/hu\/wp-json\/wp\/v2\/media?parent=1485"}],"curies":[{"name":"wp","href":"https:\/\/api.w.org\/{rel}","templated":true}]}}