{"id":1610,"date":"2016-04-12T10:09:50","date_gmt":"2016-04-12T10:09:50","guid":{"rendered":"https:\/\/www.jag-personal.com\/hu\/?page_id=1610"},"modified":"2016-04-12T12:49:23","modified_gmt":"2016-04-12T12:49:23","slug":"szolgaltatasok","status":"publish","type":"page","link":"https:\/\/www.jag-personal.com\/hu\/szolgaltatasok\/","title":{"rendered":"SZOLG\u00c1LTAT\u00c1SOK"},"content":{"rendered":"<div class=\"shariff\" data-twitter-via=\"trabajoalemania\" data-title=\"SZOLG\u00c1LTAT\u00c1SOK\" data-info-url=\"www.jag-personal.com\" data-backend-url=\"https:\/\/www.jag-personal.com\/wp-content\/plugins\/shariff-sharing\/backend\/index.php\" data-temp=\"\/tmp\" data-ttl=\"40\" data-service=\"tlx\" data-services='[\"facebook\",\"twitter\",\"linkedin\",\"xing\",\"whatsapp\",\"mail\"]' data-image=\"https:\/\/www.jag-personal.com\/wp-content\/uploads\/2015\/04\/notebook-1042595_1920-300x184.jpghttps:\/\/www.jag-personal.com\/wp-content\/uploads\/2015\/04\/notebook-1042595_1920-300x184.jpg 300w, https:\/\/www.jag-personal.com\/wp-content\/uploads\/2015\/04\/notebook-1042595_1920-768x471.jpg 768w, https:\/\/www.jag-personal.com\/wp-content\/uploads\/2015\/04\/notebook-1042595_1920-1024x628.jpg 1024w, https:\/\/www.jag-personal.com\/wp-content\/uploads\/2015\/04\/notebook-1042595_1920.jpg 1920w\" data-url=\"https:\/\/www.jag-personal.com\/hu\/szolgaltatasok\/\" data-lang=\"en\" data-theme=\"color\" data-orientation=\"horizontal\"><\/div><p><strong>\u00a0<a href=\"https:\/\/www.jag-personal.com\/wp-content\/uploads\/2015\/04\/notebook-1042595_1920.jpg\" rel=\"attachment wp-att-1379\"><img decoding=\"async\" loading=\"lazy\" class=\"size-medium wp-image-1379 alignright\" src=\"https:\/\/www.jag-personal.com\/wp-content\/uploads\/2015\/04\/notebook-1042595_1920-300x184.jpg\" alt=\"notebook-1042595_1920\" width=\"300\" height=\"184\" srcset=\"https:\/\/www.jag-personal.com\/wp-content\/uploads\/2015\/04\/notebook-1042595_1920-300x184.jpg 300w, https:\/\/www.jag-personal.com\/wp-content\/uploads\/2015\/04\/notebook-1042595_1920-768x471.jpg 768w, https:\/\/www.jag-personal.com\/wp-content\/uploads\/2015\/04\/notebook-1042595_1920-1024x628.jpg 1024w, https:\/\/www.jag-personal.com\/wp-content\/uploads\/2015\/04\/notebook-1042595_1920.jpg 1920w\" sizes=\"(max-width: 300px) 100vw, 300px\" \/><\/a><\/strong><\/p>\n<p><strong>JAG Personal <\/strong>k\u00fcl\u00f6nb\u00f6z\u0151 szolg\u00e1ltat\u00e1sokat ny\u00fajt\u00f3 szabott egy\u00e9ni ig\u00e9nyeket. Ak\u00e1r k\u00fclf\u00f6ld\u00f6n laknak \u00e9s munk\u00e1t keres N\u00e9metorsz\u00e1gban, mintha \u00e9l a n\u00e9met orsz\u00e1g, \u00e9s szeretn\u00e9 jav\u00edtani a karrierlehet\u0151s\u00e9geket, akkor \u00e9rdemes kapcsolatba l\u00e9pni vel\u00fcnk. Tov\u00e1bb\u00e1, ha egy v\u00e1llalatot k\u00e9pvisel, amely azt akarja felvenni a szolg\u00e1ltat\u00e1s vagy tanulm\u00e1nyi egy\u00fcttm\u0171k\u00f6d\u00e9si, k\u00e9rj\u00fck \u00edrjon e-mailt.<\/p>\n<p>&nbsp;<\/p>\n<ul style=\"list-style-type: disc;\">\n<li><span style=\"font-size: 14pt;\"><strong><a href=\"https:\/\/www.jag-personal.com\/hu\/szolgaltatasok\/cegek-szamara\/ \" target=\"_blank\">C\u00e9gek sz\u00e1m\u00e1ra<br \/>\n<\/a><\/strong><\/span><\/li>\n<li><span style=\"font-size: 14pt;\"><strong><a href=\"https:\/\/www.jag-personal.com\/hu\/szolgaltatasok\/jeloeltek-szamara\/\" target=\"_blank\">Jel\u00f6ltek sz\u00e1m\u00e1ra<\/a><\/strong><\/span><\/li>\n<li><span style=\"font-size: 14pt;\"><strong><a href=\"https:\/\/www.jag-personal.com\/hu\/szolgaltatasok\/kepzesek-es-tanfolyamok\/\" target=\"_blank\">K\u00e9pz\u00e9sek &amp; tanfolyamok<\/a><\/strong><\/span><\/li>\n<li><span style=\"font-size: 14pt;\"><strong><a href=\"https:\/\/www.jag-personal.com\/hu\/szolgaltatasok\/nemet-nyelvtanulas\/\" target=\"_blank\">N\u00e9met nyelvtanul\u00e1s<\/a><\/strong><\/span><\/li>\n<\/ul>\n<p>&nbsp;<\/p>\n<p>&nbsp;<\/p>\n","protected":false},"excerpt":{"rendered":"<p>\u00a0 JAG Personal k\u00fcl\u00f6nb\u00f6z\u0151 szolg\u00e1ltat\u00e1sokat ny\u00fajt\u00f3 szabott egy\u00e9ni ig\u00e9nyeket. Ak\u00e1r k\u00fclf\u00f6ld\u00f6n laknak \u00e9s munk\u00e1t keres N\u00e9metorsz\u00e1gban, mintha \u00e9l a n\u00e9met orsz\u00e1g, \u00e9s szeretn\u00e9 jav\u00edtani a karrierlehet\u0151s\u00e9geket, akkor \u00e9rdemes kapcsolatba l\u00e9pni vel\u00fcnk. Tov\u00e1bb\u00e1, ha egy v\u00e1llalatot k\u00e9pvisel, amely azt akarja felvenni &hellip; <a href=\"https:\/\/www.jag-personal.com\/hu\/szolgaltatasok\/\">Read More<\/a><\/p>\n","protected":false},"author":2,"featured_media":0,"parent":0,"menu_order":0,"comment_status":"open","ping_status":"closed","template":"","meta":{"_mi_skip_tracking":false,"_monsterinsights_sitenote_active":false,"_monsterinsights_sitenote_note":"","_monsterinsights_sitenote_category":0,"footnotes":""},"_links":{"self":[{"href":"https:\/\/www.jag-personal.com\/hu\/wp-json\/wp\/v2\/pages\/1610"}],"collection":[{"href":"https:\/\/www.jag-personal.com\/hu\/wp-json\/wp\/v2\/pages"}],"about":[{"href":"https:\/\/www.jag-personal.com\/hu\/wp-json\/wp\/v2\/types\/page"}],"author":[{"embeddable":true,"href":"https:\/\/www.jag-personal.com\/hu\/wp-json\/wp\/v2\/users\/2"}],"replies":[{"embeddable":true,"href":"https:\/\/www.jag-personal.com\/hu\/wp-json\/wp\/v2\/comments?post=1610"}],"version-history":[{"count":3,"href":"https:\/\/www.jag-personal.com\/hu\/wp-json\/wp\/v2\/pages\/1610\/revisions"}],"predecessor-version":[{"id":1685,"href":"https:\/\/www.jag-personal.com\/hu\/wp-json\/wp\/v2\/pages\/1610\/revisions\/1685"}],"wp:attachment":[{"href":"https:\/\/www.jag-personal.com\/hu\/wp-json\/wp\/v2\/media?parent=1610"}],"curies":[{"name":"wp","href":"https:\/\/api.w.org\/{rel}","templated":true}]}}