{"id":1564,"date":"2016-04-11T13:56:09","date_gmt":"2016-04-11T13:56:09","guid":{"rendered":"https:\/\/www.jag-personal.com\/pl\/?page_id=1564"},"modified":"2016-04-11T13:58:59","modified_gmt":"2016-04-11T13:58:59","slug":"o-nas","status":"publish","type":"page","link":"https:\/\/www.jag-personal.com\/pl\/o-nas\/","title":{"rendered":"O NAS"},"content":{"rendered":"<div class=\"shariff\" data-twitter-via=\"trabajoalemania\" data-title=\"O NAS\" data-info-url=\"www.jag-personal.com\" data-backend-url=\"https:\/\/www.jag-personal.com\/wp-content\/plugins\/shariff-sharing\/backend\/index.php\" data-temp=\"\/tmp\" data-ttl=\"40\" data-service=\"tlx\" data-services='[\"facebook\",\"twitter\",\"linkedin\",\"xing\",\"whatsapp\",\"mail\"]' data-image=\"\" data-url=\"https:\/\/www.jag-personal.com\/pl\/o-nas\/\" data-lang=\"en\" data-theme=\"color\" data-orientation=\"horizontal\"><\/div><p><!--:es--><\/p>\n<div>\n<p><strong>JAG Personal<\/strong>\u00a0jest firm\u0105 konsultingow\u0105 specjalizuj\u0105c\u0105 si\u0119 w poszukiwaniu wykwalifikowanego personelu do pracy w Niemczech. U\u0142atwiamy pracownikom z ca\u0142ego \u015bwiata odnalezienie si\u0119 na niemieckim rynku pracy, wsp\u00f3\u0142pracuj\u0105c wy\u0142\u0105cznie z powa\u017cnymi i znanymi firmami, kt\u00f3re poszukuj\u0105 specjalist\u00f3w o znaczeniu mi\u0119dzynarodowym.<\/p>\n<table style=\"height: 168px;\" width=\"808\">\n<tbody>\n<tr>\n<td>Chcieliby\u015bmy tak\u017ce zaznaczy\u0107, \u017ce nie pracujemy jako firma podwykonawcza, ani te\u017c nie jeste\u015bmy<br \/>\nagencj\u0105 pracy tymczasowej. Po prostu oferujemy nasze us\u0142ugi dzia\u0142om HR poprzez wyszukiwanie najlepszych kandydat\u00f3w. Proces zatrudniania dokonywany jest w konkretnych firmach, natomiast<br \/>\n<strong>JAG Personal <\/strong>\u00a0wykonuje prac\u0119 po\u015brednik\u00f3w w tym procesie.<\/td>\n<td><\/td>\n<td>\n<p style=\"text-align: center;\"><strong>Bran\u017c<\/strong><\/p>\n<ul>\n<li><strong><a href=\"https:\/\/www.jag-personal.com\/pl\/medycyna-i-pielegniarstwo\/\" target=\"_blank\">Medycyna i piel\u0119gniarstwo<\/a><\/strong><\/li>\n<li><strong><a href=\"https:\/\/www.jag-personal.com\/pl\/informatyka-it\/\" target=\"_blank\">Informatyka \u2013 IT<\/a><\/strong><\/li>\n<li><strong><a href=\"https:\/\/www.jag-personal.com\/pl\/o-nas\/gastronomia\/\" target=\"_blank\">Gastronomia<\/a><\/strong><\/li>\n<\/ul>\n<\/td>\n<\/tr>\n<\/tbody>\n<\/table>\n<p>&nbsp;<\/p>\n<p><strong>Warto\u015bci<\/strong><\/p>\n<p>Jako <strong>JAG Personal<\/strong> uwa\u017camy, \u017ce do osi\u0105gni\u0119cia w\u0142a\u015bciwej symbiozy mi\u0119dzy firmami a specjalistami wa\u017cne i konieczne jest pracowa\u0107 blisko naszych kandydat\u00f3w. Opr\u00f3cz rozumienia ich sytuacji osobistej oraz cel\u00f3w wytyczonych przez ka\u017cdego z nich, negocjujemy dla nich jak najlepsze warunki zatrudnienia. W oparciu o t\u0119 filozofi\u0119, dokonujemy selekcji naszych Klient\u00f3w ze szczeg\u00f3ln\u0105 uwag\u0105, w celu upewnienia si\u0119, \u017ce zaoferuj\u0105 naszym kandydatom stabilne miejsca pracy, dopasowane do ich wykszta\u0142cenia i kwalifikacji zawodowych, z konkurencyjnym wynagrodzeniem i dobrymi perspektywami rozwoju kariery. Zaufanie, przejrzysto\u015b\u0107, profesjonalno\u015b\u0107 oraz oddanie s\u0105 jednymi z tych warto\u015bci, kt\u00f3rymi kierujemy si\u0119 oferuj\u0105c nasze us\u0142ugi.<\/p>\n<p><strong>Informacja \u2013 Opieka \u00a0na miejscu w Niemczech<\/strong><\/p>\n<p>Zdajemy sobie spraw\u0119, \u017ce przeniesienie si\u0119 w celach zarobkowych do Niemiec, wi\u0105\u017ce si\u0119 z mn\u00f3stwem obaw i w\u0105tpliwo\u015bci. Dlatego te\u017c, od momentu Pa\u0144stwa przybycia do kraju, a tak\u017ce podczas wykonywania przez pracy, zapewniamy Pa\u0144stwu wsparcie i pomoc w integracji spo\u0142ecznej, kulturowej i zawodowej.<\/p>\n<p>Wszyscy, kt\u00f3rzy chcieliby nas pozna\u0107, mog\u0105 z nami otwarcie porozmawia\u0107 za po\u015brednictwem medi\u00f3w spo\u0142eczno\u015bciowych, takich jak <strong><a title=\"Trabajo en Alemania\" href=\"https:\/\/www.facebook.com\/trabajo.alemania\">Facebook<\/a><\/strong>, <strong><a title=\"Trabajo Alemania\" href=\"https:\/\/twitter.com\/trabajoalemania\">Twitter<\/a>\u00a0<\/strong>czy\u00a0<strong><a title=\"JAG Personal Alemania\" href=\"https:\/\/www.linkedin.com\/company\/jag-personal\">LinkedIn<\/a>. <\/strong><\/p>\n<p>Jeste\u015bmy do Pa\u0144stwa pe\u0142nej dyspozycji, aby udzieli\u0107 bardziej szczeg\u00f3\u0142owych informacji o nas i naszym sposobie pracy.<\/p>\n<\/div>\n<p><!--:--><\/p>\n","protected":false},"excerpt":{"rendered":"<p>JAG Personal\u00a0jest firm\u0105 konsultingow\u0105 specjalizuj\u0105c\u0105 si\u0119 w poszukiwaniu wykwalifikowanego personelu do pracy w Niemczech. U\u0142atwiamy pracownikom z ca\u0142ego \u015bwiata odnalezienie si\u0119 na niemieckim rynku pracy, wsp\u00f3\u0142pracuj\u0105c wy\u0142\u0105cznie z powa\u017cnymi i znanymi firmami, kt\u00f3re poszukuj\u0105 specjalist\u00f3w o znaczeniu mi\u0119dzynarodowym. Chcieliby\u015bmy tak\u017ce &hellip; <a href=\"https:\/\/www.jag-personal.com\/pl\/o-nas\/\">Czytaj wi\u0119cej<\/a><\/p>\n","protected":false},"author":2,"featured_media":0,"parent":0,"menu_order":0,"comment_status":"open","ping_status":"closed","template":"","meta":{"_mi_skip_tracking":false,"_monsterinsights_sitenote_active":false,"_monsterinsights_sitenote_note":"","_monsterinsights_sitenote_category":0,"footnotes":""},"_links":{"self":[{"href":"https:\/\/www.jag-personal.com\/pl\/wp-json\/wp\/v2\/pages\/1564"}],"collection":[{"href":"https:\/\/www.jag-personal.com\/pl\/wp-json\/wp\/v2\/pages"}],"about":[{"href":"https:\/\/www.jag-personal.com\/pl\/wp-json\/wp\/v2\/types\/page"}],"author":[{"embeddable":true,"href":"https:\/\/www.jag-personal.com\/pl\/wp-json\/wp\/v2\/users\/2"}],"replies":[{"embeddable":true,"href":"https:\/\/www.jag-personal.com\/pl\/wp-json\/wp\/v2\/comments?post=1564"}],"version-history":[{"count":4,"href":"https:\/\/www.jag-personal.com\/pl\/wp-json\/wp\/v2\/pages\/1564\/revisions"}],"predecessor-version":[{"id":1575,"href":"https:\/\/www.jag-personal.com\/pl\/wp-json\/wp\/v2\/pages\/1564\/revisions\/1575"}],"wp:attachment":[{"href":"https:\/\/www.jag-personal.com\/pl\/wp-json\/wp\/v2\/media?parent=1564"}],"curies":[{"name":"wp","href":"https:\/\/api.w.org\/{rel}","templated":true}]}}