{"id":1566,"date":"2016-04-11T13:56:09","date_gmt":"2016-04-11T13:56:09","guid":{"rendered":"https:\/\/www.jag-personal.com\/pl\/?page_id=1566"},"modified":"2016-04-11T13:59:25","modified_gmt":"2016-04-11T13:59:25","slug":"gastronomia","status":"publish","type":"page","link":"https:\/\/www.jag-personal.com\/pl\/o-nas\/gastronomia\/","title":{"rendered":"Gastronomia"},"content":{"rendered":"<div class=\"shariff\" data-twitter-via=\"trabajoalemania\" data-title=\"Gastronomia\" data-info-url=\"www.jag-personal.com\" data-backend-url=\"https:\/\/www.jag-personal.com\/wp-content\/plugins\/shariff-sharing\/backend\/index.php\" data-temp=\"\/tmp\" data-ttl=\"40\" data-service=\"tlx\" data-services='[\"facebook\",\"twitter\",\"linkedin\",\"xing\",\"whatsapp\",\"mail\"]' data-image=\"https:\/\/www.jag-personal.com\/wp-content\/uploads\/2015\/05\/kitchen-731351_1280.jpghttps:\/\/www.jag-personal.com\/wp-content\/uploads\/2015\/05\/kitchen-731351_1280.jpg 1280w, https:\/\/www.jag-personal.com\/wp-content\/uploads\/2015\/05\/kitchen-731351_1280-300x200.jpg 300w, https:\/\/www.jag-personal.com\/wp-content\/uploads\/2015\/05\/kitchen-731351_1280-1024x682.jpg 1024w\" data-url=\"https:\/\/www.jag-personal.com\/pl\/o-nas\/gastronomia\/\" data-lang=\"en\" data-theme=\"color\" data-orientation=\"horizontal\"><\/div><p>&nbsp;<\/p>\n<p><span style=\"font-size: 18pt;\"><strong>Gastronomia<\/strong><\/span><\/p>\n<p>W Niemczech jest tak\u017ce zapotrzebowanie na specjalist\u00f3w w bran\u017cach <strong>turystycznej, hotelarskiej, gastronomicznej i restauracyjnej. <\/strong>Wobec powy\u017cszego, istniej\u0105 mo\u017cliwo\u015bci pracy dla os\u00f3b na stanowiskach recepcjonistek, kelner\u00f3w, kucharzy, pomocnik\u00f3w kuchennych i podobnych.<\/p>\n<p style=\"text-align: justify;\"><img decoding=\"async\" loading=\"lazy\" class=\" wp-image-984 alignright\" src=\"https:\/\/www.jag-personal.com\/wp-content\/uploads\/2015\/05\/kitchen-731351_1280.jpg\" alt=\"kitchen-731351_1280\" width=\"246\" height=\"163\" srcset=\"https:\/\/www.jag-personal.com\/wp-content\/uploads\/2015\/05\/kitchen-731351_1280.jpg 1280w, https:\/\/www.jag-personal.com\/wp-content\/uploads\/2015\/05\/kitchen-731351_1280-300x200.jpg 300w, https:\/\/www.jag-personal.com\/wp-content\/uploads\/2015\/05\/kitchen-731351_1280-1024x682.jpg 1024w\" sizes=\"(max-width: 246px) 100vw, 246px\" \/>Pomimo, \u017ce wymagany poziom j\u0119zyka niemieckiego dla niekt\u00f3rych z omawianych zawod\u00f3w nie musi by\u0107 zaawansowany, to w specjalizacjach technicznych znajomo\u015b\u0107 j\u0119zyka jest potrzebna.\u00a0 JAG Personal podkre\u015bla konieczno\u015b\u0107 posiadania podstawowej znajomo\u015bci j\u0119zyka przed z\u0142o\u017ceniem wniosku o prac\u0119. W przypadku wykonywania pracy wymagaj\u0105cej kontaktu z klientem, czy pracy zespo\u0142owej, kandydaci z dobr\u0105 znajomo\u015bci\u0105 j\u0119zyka niemieckiego zawsze b\u0119d\u0105 mie\u0107 pierwsze\u0144stwo w procesie rekrutacji.<\/p>\n<p>Osoby zainteresowane prosimy o przes\u0142anie CV w j\u0119zyku niemieckim na adres:\u00a0 <strong><a href=\"mailto:recruiting@personal-alemania.com\">recruiting@personal-alemania.com\u00a0<\/a><\/strong><\/p>\n","protected":false},"excerpt":{"rendered":"<p>&nbsp; Gastronomia W Niemczech jest tak\u017ce zapotrzebowanie na specjalist\u00f3w w bran\u017cach turystycznej, hotelarskiej, gastronomicznej i restauracyjnej. Wobec powy\u017cszego, istniej\u0105 mo\u017cliwo\u015bci pracy dla os\u00f3b na stanowiskach recepcjonistek, kelner\u00f3w, kucharzy, pomocnik\u00f3w kuchennych i podobnych. Pomimo, \u017ce wymagany poziom j\u0119zyka niemieckiego dla niekt\u00f3rych &hellip; <a href=\"https:\/\/www.jag-personal.com\/pl\/o-nas\/gastronomia\/\">Czytaj wi\u0119cej<\/a><\/p>\n","protected":false},"author":2,"featured_media":0,"parent":1564,"menu_order":0,"comment_status":"open","ping_status":"closed","template":"","meta":{"_mi_skip_tracking":false,"_monsterinsights_sitenote_active":false,"_monsterinsights_sitenote_note":"","_monsterinsights_sitenote_category":0,"footnotes":""},"_links":{"self":[{"href":"https:\/\/www.jag-personal.com\/pl\/wp-json\/wp\/v2\/pages\/1566"}],"collection":[{"href":"https:\/\/www.jag-personal.com\/pl\/wp-json\/wp\/v2\/pages"}],"about":[{"href":"https:\/\/www.jag-personal.com\/pl\/wp-json\/wp\/v2\/types\/page"}],"author":[{"embeddable":true,"href":"https:\/\/www.jag-personal.com\/pl\/wp-json\/wp\/v2\/users\/2"}],"replies":[{"embeddable":true,"href":"https:\/\/www.jag-personal.com\/pl\/wp-json\/wp\/v2\/comments?post=1566"}],"version-history":[{"count":3,"href":"https:\/\/www.jag-personal.com\/pl\/wp-json\/wp\/v2\/pages\/1566\/revisions"}],"predecessor-version":[{"id":1592,"href":"https:\/\/www.jag-personal.com\/pl\/wp-json\/wp\/v2\/pages\/1566\/revisions\/1592"}],"up":[{"embeddable":true,"href":"https:\/\/www.jag-personal.com\/pl\/wp-json\/wp\/v2\/pages\/1564"}],"wp:attachment":[{"href":"https:\/\/www.jag-personal.com\/pl\/wp-json\/wp\/v2\/media?parent=1566"}],"curies":[{"name":"wp","href":"https:\/\/api.w.org\/{rel}","templated":true}]}}