{"id":1570,"date":"2016-04-11T09:46:39","date_gmt":"2016-04-11T09:46:39","guid":{"rendered":"https:\/\/www.jag-personal.com\/pl\/?page_id=1570"},"modified":"2016-04-11T13:59:54","modified_gmt":"2016-04-11T13:59:54","slug":"informatyka-it","status":"publish","type":"page","link":"https:\/\/www.jag-personal.com\/pl\/o-nas\/informatyka-it\/","title":{"rendered":"INFORMATYKA \u2013 IT"},"content":{"rendered":"<div class=\"shariff\" data-twitter-via=\"trabajoalemania\" data-title=\"INFORMATYKA \u2013 IT\" data-info-url=\"www.jag-personal.com\" data-backend-url=\"https:\/\/www.jag-personal.com\/wp-content\/plugins\/shariff-sharing\/backend\/index.php\" data-temp=\"\/tmp\" data-ttl=\"40\" data-service=\"tlx\" data-services='[\"facebook\",\"twitter\",\"linkedin\",\"xing\",\"whatsapp\",\"mail\"]' data-image=\"https:\/\/www.jag-personal.com\/wp-content\/uploads\/2015\/05\/computer-339836_1280.jpghttps:\/\/www.jag-personal.com\/wp-content\/uploads\/2015\/05\/computer-339836_1280.jpg 1280w, https:\/\/www.jag-personal.com\/wp-content\/uploads\/2015\/05\/computer-339836_1280-300x199.jpg 300w, https:\/\/www.jag-personal.com\/wp-content\/uploads\/2015\/05\/computer-339836_1280-1024x681.jpg 1024w\" data-url=\"https:\/\/www.jag-personal.com\/pl\/o-nas\/informatyka-it\/\" data-lang=\"en\" data-theme=\"color\" data-orientation=\"horizontal\"><\/div><p>&nbsp;<\/p>\n<p><strong>Informatyka \u2013 IT<\/strong><span style=\"font-size: 18pt;\"><strong><br \/>\n<img decoding=\"async\" loading=\"lazy\" class=\" wp-image-991 alignright\" src=\"https:\/\/www.jag-personal.com\/wp-content\/uploads\/2015\/05\/computer-339836_1280.jpg\" alt=\"computer-339836_1280\" width=\"309\" height=\"205\" srcset=\"https:\/\/www.jag-personal.com\/wp-content\/uploads\/2015\/05\/computer-339836_1280.jpg 1280w, https:\/\/www.jag-personal.com\/wp-content\/uploads\/2015\/05\/computer-339836_1280-300x199.jpg 300w, https:\/\/www.jag-personal.com\/wp-content\/uploads\/2015\/05\/computer-339836_1280-1024x681.jpg 1024w\" sizes=\"(max-width: 309px) 100vw, 309px\" \/><\/strong><\/span><\/p>\n<p style=\"text-align: justify;\">Wysokie zapotrzebowania na specjalist\u00f3w z bran\u017cy technicznej w Niemczech\u00a0 dotyczy \u00a0bran\u017cy <strong>technologii informacyjnej (IT). <\/strong>Zar\u00f3wno in\u017cynierowie informatycy, in\u017cynierowie telekomunikacji, jak i administratorzy systemu, czy programi\u015bci nale\u017c\u0105 do zawod\u00f3w bardzo cenionych przez niemieckie firmy.<\/p>\n<p style=\"text-align: justify;\">Firma JAG Personal zach\u0119ca wszystkich specjalist\u00f3w w tym sektorze, zainteresowanych i zmotywowanych do rozpocz\u0119cia kariery zawodowej w Niemczech do kontaktu z nami.<\/p>\n<p style=\"text-align: justify;\">Osoby zainteresowane prosimy o przes\u0142anie CV w j\u0119zyku niemieckim na adres:\u00a0<strong><a href=\"mailto:recruiting@personal-alemania.com\">recruiting@personal-alemania.com\u00a0<\/a><\/strong><\/p>\n","protected":false},"excerpt":{"rendered":"<p>&nbsp; Informatyka \u2013 IT Wysokie zapotrzebowania na specjalist\u00f3w z bran\u017cy technicznej w Niemczech\u00a0 dotyczy \u00a0bran\u017cy technologii informacyjnej (IT). Zar\u00f3wno in\u017cynierowie informatycy, in\u017cynierowie telekomunikacji, jak i administratorzy systemu, czy programi\u015bci nale\u017c\u0105 do zawod\u00f3w bardzo cenionych przez niemieckie firmy. Firma JAG Personal &hellip; <a href=\"https:\/\/www.jag-personal.com\/pl\/o-nas\/informatyka-it\/\">Czytaj wi\u0119cej<\/a><\/p>\n","protected":false},"author":2,"featured_media":0,"parent":1564,"menu_order":0,"comment_status":"open","ping_status":"closed","template":"","meta":{"_mi_skip_tracking":false,"_monsterinsights_sitenote_active":false,"_monsterinsights_sitenote_note":"","_monsterinsights_sitenote_category":0,"footnotes":""},"_links":{"self":[{"href":"https:\/\/www.jag-personal.com\/pl\/wp-json\/wp\/v2\/pages\/1570"}],"collection":[{"href":"https:\/\/www.jag-personal.com\/pl\/wp-json\/wp\/v2\/pages"}],"about":[{"href":"https:\/\/www.jag-personal.com\/pl\/wp-json\/wp\/v2\/types\/page"}],"author":[{"embeddable":true,"href":"https:\/\/www.jag-personal.com\/pl\/wp-json\/wp\/v2\/users\/2"}],"replies":[{"embeddable":true,"href":"https:\/\/www.jag-personal.com\/pl\/wp-json\/wp\/v2\/comments?post=1570"}],"version-history":[{"count":2,"href":"https:\/\/www.jag-personal.com\/pl\/wp-json\/wp\/v2\/pages\/1570\/revisions"}],"predecessor-version":[{"id":1593,"href":"https:\/\/www.jag-personal.com\/pl\/wp-json\/wp\/v2\/pages\/1570\/revisions\/1593"}],"up":[{"embeddable":true,"href":"https:\/\/www.jag-personal.com\/pl\/wp-json\/wp\/v2\/pages\/1564"}],"wp:attachment":[{"href":"https:\/\/www.jag-personal.com\/pl\/wp-json\/wp\/v2\/media?parent=1570"}],"curies":[{"name":"wp","href":"https:\/\/api.w.org\/{rel}","templated":true}]}}