{"id":1573,"date":"2016-04-11T13:56:09","date_gmt":"2016-04-11T13:56:09","guid":{"rendered":"https:\/\/www.jag-personal.com\/pl\/?page_id=1573"},"modified":"2016-04-11T13:56:09","modified_gmt":"2016-04-11T13:56:09","slug":"medycyna-i-pielegniarstwo","status":"publish","type":"page","link":"https:\/\/www.jag-personal.com\/pl\/o-nas\/medycyna-i-pielegniarstwo\/","title":{"rendered":"MEDYCYNA I PIEL\u0118GNIARSTWO"},"content":{"rendered":"<div class=\"shariff\" data-twitter-via=\"trabajoalemania\" data-title=\"MEDYCYNA I PIEL\u0118GNIARSTWO\" data-info-url=\"www.jag-personal.com\" data-backend-url=\"https:\/\/www.jag-personal.com\/wp-content\/plugins\/shariff-sharing\/backend\/index.php\" data-temp=\"\/tmp\" data-ttl=\"40\" data-service=\"tlx\" data-services='[\"facebook\",\"twitter\",\"linkedin\",\"xing\",\"whatsapp\",\"mail\"]' data-image=\"https:\/\/www.jag-personal.com\/wp-content\/uploads\/2015\/05\/Fotolia_26234759_M.jpghttps:\/\/www.jag-personal.com\/wp-content\/uploads\/2015\/05\/Fotolia_26234759_M.jpg 1688w, https:\/\/www.jag-personal.com\/wp-content\/uploads\/2015\/05\/Fotolia_26234759_M-300x200.jpg 300w, https:\/\/www.jag-personal.com\/wp-content\/uploads\/2015\/05\/Fotolia_26234759_M-1024x682.jpg 1024w\" data-url=\"https:\/\/www.jag-personal.com\/pl\/o-nas\/medycyna-i-pielegniarstwo\/\" data-lang=\"en\" data-theme=\"color\" data-orientation=\"horizontal\"><\/div><p>&nbsp;<\/p>\n<p><span style=\"font-size: 18pt;\"><strong>Medycyna i piel\u0119gniarstwo<\/strong><\/span><\/p>\n<p style=\"text-align: justify;\">\n<img decoding=\"async\" loading=\"lazy\" class=\" wp-image-476 alignright\" src=\"https:\/\/www.jag-personal.com\/wp-content\/uploads\/2015\/05\/Fotolia_26234759_M.jpg\" alt=\"group of students working at the laboratory\" width=\"326\" height=\"217\" srcset=\"https:\/\/www.jag-personal.com\/wp-content\/uploads\/2015\/05\/Fotolia_26234759_M.jpg 1688w, https:\/\/www.jag-personal.com\/wp-content\/uploads\/2015\/05\/Fotolia_26234759_M-300x200.jpg 300w, https:\/\/www.jag-personal.com\/wp-content\/uploads\/2015\/05\/Fotolia_26234759_M-1024x682.jpg 1024w\" sizes=\"(max-width: 326px) 100vw, 326px\" \/>Najwi\u0119kszym zapotrzebowaniem w Niemczech jest <strong>personel medyczny. <\/strong>Niemiecki system edukacji nie zapewnia wystarczaj\u0105cej liczby personelu medycznego. W zwi\u0105zku z powy\u017cszym, szpitale i kliniki poszukuj\u0105 pracownik\u00f3w poza granicami Niemiec. Spowodowa\u0142o to wzrost zapotrzebowania na wykwalifikowanych sanitariuszy z zagranicy. Tendencja ta b\u0119dzie si\u0119 utrzymywa\u0107 w ci\u0105gu nast\u0119pnych lat. Ponadto, progresywne starzenie si\u0119 spo\u0142ecze\u0144stwa, prowadzi do wzrostu liczby os\u00f3b, kt\u00f3re wymagaj\u0105 specjalnej opieki medycznej.<\/p>\n<p style=\"text-align: justify;\">W celu zaspokojenia podwy\u017cszonego zapotrzebowania na personel medyczny, firma JAG Personal poszukuje przede wszystkim <strong>piel\u0119gniarek\/piel\u0119gniarzy oraz lekarzy, kt\u00f3rzy <\/strong>zainteresowani s\u0105 przyjazdem do Niemiec, w celu podj\u0119cia pracy. Za naszym po\u015brednictwem mog\u0105 Pa\u0144stwo szybko i skutecznie wej\u015b\u0107 na niemiecki rynek pracy, rozpoczynaj\u0105c prac\u0119 na korzystnych warunkach, z mo\u017cliwo\u015bci\u0105 rozwoju swojej kariery zawodowej. Jak wiadomo, znajomo\u015b\u0107 j\u0119zyka bardzo u\u0142atwia ca\u0142y ten proces.<\/p>\n<p>Osoby zainteresowane prosimy o przes\u0142anie CV w j\u0119zyku niemieckim na adres: <strong><a href=\"mailto:recruiting@personal-alemania.com\">recruiting@personal-alemania.com\u00a0<\/a><\/strong><\/p>\n","protected":false},"excerpt":{"rendered":"<p>&nbsp; Medycyna i piel\u0119gniarstwo Najwi\u0119kszym zapotrzebowaniem w Niemczech jest personel medyczny. Niemiecki system edukacji nie zapewnia wystarczaj\u0105cej liczby personelu medycznego. W zwi\u0105zku z powy\u017cszym, szpitale i kliniki poszukuj\u0105 pracownik\u00f3w poza granicami Niemiec. Spowodowa\u0142o to wzrost zapotrzebowania na wykwalifikowanych sanitariuszy z &hellip; <a href=\"https:\/\/www.jag-personal.com\/pl\/o-nas\/medycyna-i-pielegniarstwo\/\">Czytaj wi\u0119cej<\/a><\/p>\n","protected":false},"author":2,"featured_media":0,"parent":1564,"menu_order":0,"comment_status":"open","ping_status":"open","template":"","meta":{"_mi_skip_tracking":false,"_monsterinsights_sitenote_active":false,"_monsterinsights_sitenote_note":"","_monsterinsights_sitenote_category":0,"footnotes":""},"_links":{"self":[{"href":"https:\/\/www.jag-personal.com\/pl\/wp-json\/wp\/v2\/pages\/1573"}],"collection":[{"href":"https:\/\/www.jag-personal.com\/pl\/wp-json\/wp\/v2\/pages"}],"about":[{"href":"https:\/\/www.jag-personal.com\/pl\/wp-json\/wp\/v2\/types\/page"}],"author":[{"embeddable":true,"href":"https:\/\/www.jag-personal.com\/pl\/wp-json\/wp\/v2\/users\/2"}],"replies":[{"embeddable":true,"href":"https:\/\/www.jag-personal.com\/pl\/wp-json\/wp\/v2\/comments?post=1573"}],"version-history":[{"count":1,"href":"https:\/\/www.jag-personal.com\/pl\/wp-json\/wp\/v2\/pages\/1573\/revisions"}],"predecessor-version":[{"id":1574,"href":"https:\/\/www.jag-personal.com\/pl\/wp-json\/wp\/v2\/pages\/1573\/revisions\/1574"}],"up":[{"embeddable":true,"href":"https:\/\/www.jag-personal.com\/pl\/wp-json\/wp\/v2\/pages\/1564"}],"wp:attachment":[{"href":"https:\/\/www.jag-personal.com\/pl\/wp-json\/wp\/v2\/media?parent=1573"}],"curies":[{"name":"wp","href":"https:\/\/api.w.org\/{rel}","templated":true}]}}