{"id":1576,"date":"2016-04-11T13:56:09","date_gmt":"2016-04-11T13:56:09","guid":{"rendered":"https:\/\/www.jag-personal.com\/pl\/?page_id=1576"},"modified":"2016-04-12T12:42:52","modified_gmt":"2016-04-12T12:42:52","slug":"uslugi","status":"publish","type":"page","link":"https:\/\/www.jag-personal.com\/pl\/uslugi\/","title":{"rendered":"US\u0141UGI"},"content":{"rendered":"<div class=\"shariff\" data-twitter-via=\"trabajoalemania\" data-title=\"US\u0141UGI\" data-info-url=\"www.jag-personal.com\" data-backend-url=\"https:\/\/www.jag-personal.com\/wp-content\/plugins\/shariff-sharing\/backend\/index.php\" data-temp=\"\/tmp\" data-ttl=\"40\" data-service=\"tlx\" data-services='[\"facebook\",\"twitter\",\"linkedin\",\"xing\",\"whatsapp\",\"mail\"]' data-image=\"https:\/\/www.jag-personal.com\/wp-content\/uploads\/2015\/04\/notebook-1042595_1920-300x184.jpghttps:\/\/www.jag-personal.com\/wp-content\/uploads\/2015\/04\/notebook-1042595_1920-300x184.jpg 300w, https:\/\/www.jag-personal.com\/wp-content\/uploads\/2015\/04\/notebook-1042595_1920-768x471.jpg 768w, https:\/\/www.jag-personal.com\/wp-content\/uploads\/2015\/04\/notebook-1042595_1920-1024x628.jpg 1024w, https:\/\/www.jag-personal.com\/wp-content\/uploads\/2015\/04\/notebook-1042595_1920.jpg 1920w\" data-url=\"https:\/\/www.jag-personal.com\/pl\/uslugi\/\" data-lang=\"en\" data-theme=\"color\" data-orientation=\"horizontal\"><\/div><p><strong>\u00a0<a href=\"https:\/\/www.jag-personal.com\/wp-content\/uploads\/2015\/04\/notebook-1042595_1920.jpg\" rel=\"attachment wp-att-1379\"><img decoding=\"async\" loading=\"lazy\" class=\"size-medium wp-image-1379 alignright\" src=\"https:\/\/www.jag-personal.com\/wp-content\/uploads\/2015\/04\/notebook-1042595_1920-300x184.jpg\" alt=\"notebook-1042595_1920\" width=\"300\" height=\"184\" srcset=\"https:\/\/www.jag-personal.com\/wp-content\/uploads\/2015\/04\/notebook-1042595_1920-300x184.jpg 300w, https:\/\/www.jag-personal.com\/wp-content\/uploads\/2015\/04\/notebook-1042595_1920-768x471.jpg 768w, https:\/\/www.jag-personal.com\/wp-content\/uploads\/2015\/04\/notebook-1042595_1920-1024x628.jpg 1024w, https:\/\/www.jag-personal.com\/wp-content\/uploads\/2015\/04\/notebook-1042595_1920.jpg 1920w\" sizes=\"(max-width: 300px) 100vw, 300px\" \/><\/a><\/strong><\/p>\n<p><strong>JAG Personal <\/strong>oferuje r\u00f3\u017cne us\u0142ugi dostosowane do ich indywidualnych potrzeb. Niezale\u017cnie od tego czy mieszkaj\u0105 za granic\u0105 i szukasz pracy w Niemczech jakby \u017cyje w kraju, niemieckim i chc\u0105 poprawi\u0107 swoje perspektywy zawodowe, mo\u017cesz si\u0119 z nami skontaktowa\u0107. Ponadto, je\u015bli reprezentuje firm\u0119, kt\u00f3ra chce zatrudni\u0107 naszych us\u0142ug lub nauki wsp\u00f3\u0142prac\u0119, napisz na nasz adres e-mail.<\/p>\n<p>&nbsp;<\/p>\n<ul style=\"list-style-type: disc;\">\n<li><strong><span style=\"font-size: 14pt;\"><a href=\"https:\/\/www.jag-personal.com\/pl\/uslugi\/dla-firm\/ \" target=\"_blank\">Dla firm<\/a><\/span><\/strong><\/li>\n<li><span style=\"font-size: 14pt;\"><strong><a href=\"https:\/\/www.jag-personal.com\/pl\/uslugi\/dla-kandydatow\/\" target=\"_blank\">Dla kandydat\u00f3w<\/a><\/strong><\/span><\/li>\n<li><span style=\"font-size: 14pt;\"><strong><a href=\"https:\/\/www.jag-personal.com\/pl\/uslugi\/seminaria-i-ksztalcenie\/ \" target=\"_blank\">Seminaria\u00a0&amp; kszta\u0142cenie<\/a><\/strong><\/span><\/li>\n<li><span style=\"font-size: 14pt;\"><strong><a href=\"https:\/\/www.jag-personal.com\/pl\/uslugi\/nauka-jezyka-niemieckiego\/ \" target=\"_blank\">Nauka j\u0119zyka niemieckiego<\/a><\/strong><\/span><\/li>\n<\/ul>\n<p>&nbsp;<\/p>\n<p>&nbsp;<\/p>\n","protected":false},"excerpt":{"rendered":"<p>\u00a0 JAG Personal oferuje r\u00f3\u017cne us\u0142ugi dostosowane do ich indywidualnych potrzeb. Niezale\u017cnie od tego czy mieszkaj\u0105 za granic\u0105 i szukasz pracy w Niemczech jakby \u017cyje w kraju, niemieckim i chc\u0105 poprawi\u0107 swoje perspektywy zawodowe, mo\u017cesz si\u0119 z nami skontaktowa\u0107. Ponadto, &hellip; <a href=\"https:\/\/www.jag-personal.com\/pl\/uslugi\/\">Czytaj wi\u0119cej<\/a><\/p>\n","protected":false},"author":2,"featured_media":0,"parent":0,"menu_order":0,"comment_status":"open","ping_status":"closed","template":"","meta":{"_mi_skip_tracking":false,"_monsterinsights_sitenote_active":false,"_monsterinsights_sitenote_note":"","_monsterinsights_sitenote_category":0,"footnotes":""},"_links":{"self":[{"href":"https:\/\/www.jag-personal.com\/pl\/wp-json\/wp\/v2\/pages\/1576"}],"collection":[{"href":"https:\/\/www.jag-personal.com\/pl\/wp-json\/wp\/v2\/pages"}],"about":[{"href":"https:\/\/www.jag-personal.com\/pl\/wp-json\/wp\/v2\/types\/page"}],"author":[{"embeddable":true,"href":"https:\/\/www.jag-personal.com\/pl\/wp-json\/wp\/v2\/users\/2"}],"replies":[{"embeddable":true,"href":"https:\/\/www.jag-personal.com\/pl\/wp-json\/wp\/v2\/comments?post=1576"}],"version-history":[{"count":3,"href":"https:\/\/www.jag-personal.com\/pl\/wp-json\/wp\/v2\/pages\/1576\/revisions"}],"predecessor-version":[{"id":1683,"href":"https:\/\/www.jag-personal.com\/pl\/wp-json\/wp\/v2\/pages\/1576\/revisions\/1683"}],"wp:attachment":[{"href":"https:\/\/www.jag-personal.com\/pl\/wp-json\/wp\/v2\/media?parent=1576"}],"curies":[{"name":"wp","href":"https:\/\/api.w.org\/{rel}","templated":true}]}}