{"id":1578,"date":"2016-04-11T13:56:10","date_gmt":"2016-04-11T13:56:10","guid":{"rendered":"https:\/\/www.jag-personal.com\/pl\/?page_id=1578"},"modified":"2016-04-11T13:56:10","modified_gmt":"2016-04-11T13:56:10","slug":"nauka-jezyka-niemieckiego","status":"publish","type":"page","link":"https:\/\/www.jag-personal.com\/pl\/uslugi\/nauka-jezyka-niemieckiego\/","title":{"rendered":"NAUKA J\u0118ZYKA NIEMIECKIEGO"},"content":{"rendered":"<div class=\"shariff\" data-twitter-via=\"trabajoalemania\" data-title=\"NAUKA J\u0118ZYKA NIEMIECKIEGO\" data-info-url=\"www.jag-personal.com\" data-backend-url=\"https:\/\/www.jag-personal.com\/wp-content\/plugins\/shariff-sharing\/backend\/index.php\" data-temp=\"\/tmp\" data-ttl=\"40\" data-service=\"tlx\" data-services='[\"facebook\",\"twitter\",\"linkedin\",\"xing\",\"whatsapp\",\"mail\"]' data-image=\"https:\/\/www.jag-personal.com\/wp-content\/uploads\/2015\/05\/glasses-272401_12801-300x200.jpghttps:\/\/www.jag-personal.com\/wp-content\/uploads\/2015\/05\/glasses-272401_12801-300x200.jpg 300w, https:\/\/www.jag-personal.com\/wp-content\/uploads\/2015\/05\/glasses-272401_12801-1024x682.jpg 1024w, https:\/\/www.jag-personal.com\/wp-content\/uploads\/2015\/05\/glasses-272401_12801-740x494.jpg 740w, https:\/\/www.jag-personal.com\/wp-content\/uploads\/2015\/05\/glasses-272401_12801-370x247.jpg 370w, https:\/\/www.jag-personal.com\/wp-content\/uploads\/2015\/05\/glasses-272401_12801.jpg 1280w\" data-url=\"https:\/\/www.jag-personal.com\/pl\/uslugi\/nauka-jezyka-niemieckiego\/\" data-lang=\"en\" data-theme=\"color\" data-orientation=\"horizontal\"><\/div><p><a href=\"https:\/\/www.jag-personal.com\/wp-content\/uploads\/2015\/05\/glasses-272401_12801.jpg\"><img decoding=\"async\" loading=\"lazy\" class=\" size-medium wp-image-630 alignleft\" src=\"https:\/\/www.jag-personal.com\/wp-content\/uploads\/2015\/05\/glasses-272401_12801-300x200.jpg\" alt=\"glasses-272401_1280\" width=\"300\" height=\"200\" srcset=\"https:\/\/www.jag-personal.com\/wp-content\/uploads\/2015\/05\/glasses-272401_12801-300x200.jpg 300w, https:\/\/www.jag-personal.com\/wp-content\/uploads\/2015\/05\/glasses-272401_12801-1024x682.jpg 1024w, https:\/\/www.jag-personal.com\/wp-content\/uploads\/2015\/05\/glasses-272401_12801-740x494.jpg 740w, https:\/\/www.jag-personal.com\/wp-content\/uploads\/2015\/05\/glasses-272401_12801-370x247.jpg 370w, https:\/\/www.jag-personal.com\/wp-content\/uploads\/2015\/05\/glasses-272401_12801.jpg 1280w\" sizes=\"(max-width: 300px) 100vw, 300px\" \/><\/a><\/p>\n<p>Poprzez wsp\u00f3\u0142prac\u0119 z naszymi Wsp\u00f3lnikami, <strong>JAG<\/strong>\u00a0<strong>Personal <\/strong>\u00a0<strong>oferuje kursy j\u0119zyka niemieckiego dla os\u00f3b, dla kt\u00f3rych j\u0119zyk hiszpa\u0144ski jest j\u0119zykiem ojczystym. <\/strong>Na pocz\u0105tku ka\u017cdego miesi\u0105ca rozpoczynamy <strong>kursy j\u0119zyka niemieckiego on-line <\/strong>na \u017cywo. Poziomy od A1 do C2. Oferujemy r\u00f3wnie\u017c kursy fonetyki, czytania i pisowni w j\u0119zyku niemieckim, lekcje konwersacji, systematyczny kurs s\u0142ownictwa.<\/p>\n<p><b><strong>Dla uzyskania dalszych informacji, prosimy pisa\u0107 pod adres:\u00a0<\/strong> <\/b><b><a href=\"mailto:info@personal-alemania.de\">info@personal-alemania.de<\/a><\/b><\/p>\n<p><b><a href=\"mailto:info@personal-alemania.de\">Tweet to @trabajoalemania<\/a><\/b><\/p>\n","protected":false},"excerpt":{"rendered":"<p>Poprzez wsp\u00f3\u0142prac\u0119 z naszymi Wsp\u00f3lnikami, JAG\u00a0Personal \u00a0oferuje kursy j\u0119zyka niemieckiego dla os\u00f3b, dla kt\u00f3rych j\u0119zyk hiszpa\u0144ski jest j\u0119zykiem ojczystym. Na pocz\u0105tku ka\u017cdego miesi\u0105ca rozpoczynamy kursy j\u0119zyka niemieckiego on-line na \u017cywo. Poziomy od A1 do C2. Oferujemy r\u00f3wnie\u017c kursy fonetyki, czytania &hellip; <a href=\"https:\/\/www.jag-personal.com\/pl\/uslugi\/nauka-jezyka-niemieckiego\/\">Czytaj wi\u0119cej<\/a><\/p>\n","protected":false},"author":2,"featured_media":0,"parent":1576,"menu_order":0,"comment_status":"open","ping_status":"open","template":"","meta":{"_mi_skip_tracking":false,"_monsterinsights_sitenote_active":false,"_monsterinsights_sitenote_note":"","_monsterinsights_sitenote_category":0,"footnotes":""},"_links":{"self":[{"href":"https:\/\/www.jag-personal.com\/pl\/wp-json\/wp\/v2\/pages\/1578"}],"collection":[{"href":"https:\/\/www.jag-personal.com\/pl\/wp-json\/wp\/v2\/pages"}],"about":[{"href":"https:\/\/www.jag-personal.com\/pl\/wp-json\/wp\/v2\/types\/page"}],"author":[{"embeddable":true,"href":"https:\/\/www.jag-personal.com\/pl\/wp-json\/wp\/v2\/users\/2"}],"replies":[{"embeddable":true,"href":"https:\/\/www.jag-personal.com\/pl\/wp-json\/wp\/v2\/comments?post=1578"}],"version-history":[{"count":1,"href":"https:\/\/www.jag-personal.com\/pl\/wp-json\/wp\/v2\/pages\/1578\/revisions"}],"predecessor-version":[{"id":1579,"href":"https:\/\/www.jag-personal.com\/pl\/wp-json\/wp\/v2\/pages\/1578\/revisions\/1579"}],"up":[{"embeddable":true,"href":"https:\/\/www.jag-personal.com\/pl\/wp-json\/wp\/v2\/pages\/1576"}],"wp:attachment":[{"href":"https:\/\/www.jag-personal.com\/pl\/wp-json\/wp\/v2\/media?parent=1578"}],"curies":[{"name":"wp","href":"https:\/\/api.w.org\/{rel}","templated":true}]}}