{"id":1581,"date":"2016-04-11T13:56:10","date_gmt":"2016-04-11T13:56:10","guid":{"rendered":"https:\/\/www.jag-personal.com\/pl\/?page_id=1581"},"modified":"2016-04-13T13:31:51","modified_gmt":"2016-04-13T13:31:51","slug":"dla-kandydatow","status":"publish","type":"page","link":"https:\/\/www.jag-personal.com\/pl\/uslugi\/dla-kandydatow\/","title":{"rendered":"DLA KANDYDAT\u00d3W"},"content":{"rendered":"<div class=\"shariff\" data-twitter-via=\"trabajoalemania\" data-title=\"DLA KANDYDAT\u00d3W\" data-info-url=\"www.jag-personal.com\" data-backend-url=\"https:\/\/www.jag-personal.com\/wp-content\/plugins\/shariff-sharing\/backend\/index.php\" data-temp=\"\/tmp\" data-ttl=\"40\" data-service=\"tlx\" data-services='[\"facebook\",\"twitter\",\"linkedin\",\"xing\",\"whatsapp\",\"mail\"]' data-image=\"https:\/\/www.jag-personal.com\/wp-content\/uploads\/2015\/04\/group-42917_1280-300x279.pnghttps:\/\/www.jag-personal.com\/wp-content\/uploads\/2015\/04\/group-42917_1280-300x279.png 300w, https:\/\/www.jag-personal.com\/wp-content\/uploads\/2015\/04\/group-42917_1280-1024x952.png 1024w, https:\/\/www.jag-personal.com\/wp-content\/uploads\/2015\/04\/group-42917_1280-740x688.png 740w, https:\/\/www.jag-personal.com\/wp-content\/uploads\/2015\/04\/group-42917_1280-370x344.png 370w, https:\/\/www.jag-personal.com\/wp-content\/uploads\/2015\/04\/group-42917_1280.png 1280w\" data-url=\"https:\/\/www.jag-personal.com\/pl\/uslugi\/dla-kandydatow\/\" data-lang=\"en\" data-theme=\"color\" data-orientation=\"horizontal\"><\/div><p><a href=\"https:\/\/www.jag-personal.com\/wp-content\/uploads\/2015\/04\/group-42917_1280.png\"><img decoding=\"async\" loading=\"lazy\" class=\" size-medium wp-image-229 alignright\" src=\"https:\/\/www.jag-personal.com\/wp-content\/uploads\/2015\/04\/group-42917_1280-300x279.png\" alt=\"group-42917_1280\" width=\"300\" height=\"279\" srcset=\"https:\/\/www.jag-personal.com\/wp-content\/uploads\/2015\/04\/group-42917_1280-300x279.png 300w, https:\/\/www.jag-personal.com\/wp-content\/uploads\/2015\/04\/group-42917_1280-1024x952.png 1024w, https:\/\/www.jag-personal.com\/wp-content\/uploads\/2015\/04\/group-42917_1280-740x688.png 740w, https:\/\/www.jag-personal.com\/wp-content\/uploads\/2015\/04\/group-42917_1280-370x344.png 370w, https:\/\/www.jag-personal.com\/wp-content\/uploads\/2015\/04\/group-42917_1280.png 1280w\" sizes=\"(max-width: 300px) 100vw, 300px\" \/><\/a><\/p>\n<p><strong>JAG Personal<\/strong> oferuje kandydatom mo\u017cliwo\u015b\u0107\u00a0 rozpocz\u0119cia pracy\u00a0 na stabilnym stanowisku z perspektywami zawodowymi u znanych i powa\u017cnych pracodawc\u00f3w. Zapewniamy pe\u0142n\u0105 obs\u0142ug\u0119 doradztwa personalnego w j\u0119zyku hiszpa\u0144skim, jak r\u00f3wnie\u017c \u00a0wszelkie u\u0142atwienia przy procesie osiedlania si\u0119 w kraju.<\/p>\n<p>Oferujemy:<\/p>\n<ul style=\"list-style-type: disc;\">\n<li>stabilno\u015b\u0107 pracy<\/li>\n<li>bezpiecze\u0144stwo pracy i wynagrodzenia zgodne ze stawkami w danej bran\u017cy<\/li>\n<li>ukierunkowanie i poszukiwanie mo\u017clwo\u015bci specjalizacji oraz szkole\u0144<\/li>\n<li>pomoc w czynno\u015bciach administracyjnych, nostryfikacji dyplom\u00f3w, poszukiwaniu mieszkania i kursach j\u0119zyka niemieckiego<\/li>\n<li>opiek\u0119 nad kandydatami i osobami ubiegaj\u0105cymi si\u0119 o prac\u0119<\/li>\n<\/ul>\n<p>Dla firmy <strong>JAG Personal <\/strong>kandydaci stanowi\u0105 grup\u0119 docelow\u0105 szkole\u0144\u00a0 i dost\u0119pu na niemiecki rynek pracy. Wskazujemy Pa\u0144stwu drog\u0119 i razem wyznaczamy cele do osi\u0105gni\u0119cia. Poprzez nieustanny dialog i doradztwo szukamy najlepszego rozwi\u0105zania dla Pa\u0144stwa sytuacji zawodowej, zgodnie z Pa\u0144stwa wykszta\u0142ceniem, do\u015bwiadczenia i aspiracjami.<\/p>\n<p>Kandydat\u00f3w prosimy o wysy\u0142anie CV na poni\u017cszy adres e-mail:\u00a0<strong><a href=\"mailto:recruiting@personal-alemania.com\">recruiting@jag-personal.com\u00a0<\/a><\/strong><\/p>\n","protected":false},"excerpt":{"rendered":"<p>JAG Personal oferuje kandydatom mo\u017cliwo\u015b\u0107\u00a0 rozpocz\u0119cia pracy\u00a0 na stabilnym stanowisku z perspektywami zawodowymi u znanych i powa\u017cnych pracodawc\u00f3w. Zapewniamy pe\u0142n\u0105 obs\u0142ug\u0119 doradztwa personalnego w j\u0119zyku hiszpa\u0144skim, jak r\u00f3wnie\u017c \u00a0wszelkie u\u0142atwienia przy procesie osiedlania si\u0119 w kraju. Oferujemy: stabilno\u015b\u0107 pracy bezpiecze\u0144stwo &hellip; <a href=\"https:\/\/www.jag-personal.com\/pl\/uslugi\/dla-kandydatow\/\">Czytaj wi\u0119cej<\/a><\/p>\n","protected":false},"author":2,"featured_media":0,"parent":1576,"menu_order":0,"comment_status":"open","ping_status":"closed","template":"","meta":{"_mi_skip_tracking":false,"_monsterinsights_sitenote_active":false,"_monsterinsights_sitenote_note":"","_monsterinsights_sitenote_category":0,"footnotes":""},"_links":{"self":[{"href":"https:\/\/www.jag-personal.com\/pl\/wp-json\/wp\/v2\/pages\/1581"}],"collection":[{"href":"https:\/\/www.jag-personal.com\/pl\/wp-json\/wp\/v2\/pages"}],"about":[{"href":"https:\/\/www.jag-personal.com\/pl\/wp-json\/wp\/v2\/types\/page"}],"author":[{"embeddable":true,"href":"https:\/\/www.jag-personal.com\/pl\/wp-json\/wp\/v2\/users\/2"}],"replies":[{"embeddable":true,"href":"https:\/\/www.jag-personal.com\/pl\/wp-json\/wp\/v2\/comments?post=1581"}],"version-history":[{"count":3,"href":"https:\/\/www.jag-personal.com\/pl\/wp-json\/wp\/v2\/pages\/1581\/revisions"}],"predecessor-version":[{"id":1695,"href":"https:\/\/www.jag-personal.com\/pl\/wp-json\/wp\/v2\/pages\/1581\/revisions\/1695"}],"up":[{"embeddable":true,"href":"https:\/\/www.jag-personal.com\/pl\/wp-json\/wp\/v2\/pages\/1576"}],"wp:attachment":[{"href":"https:\/\/www.jag-personal.com\/pl\/wp-json\/wp\/v2\/media?parent=1581"}],"curies":[{"name":"wp","href":"https:\/\/api.w.org\/{rel}","templated":true}]}}