{"id":1583,"date":"2016-04-11T13:56:10","date_gmt":"2016-04-11T13:56:10","guid":{"rendered":"https:\/\/www.jag-personal.com\/pl\/?page_id=1583"},"modified":"2016-04-11T13:56:10","modified_gmt":"2016-04-11T13:56:10","slug":"dla-firm","status":"publish","type":"page","link":"https:\/\/www.jag-personal.com\/pl\/uslugi\/dla-firm\/","title":{"rendered":"DLA FIRM"},"content":{"rendered":"<div class=\"shariff\" data-twitter-via=\"trabajoalemania\" data-title=\"DLA FIRM\" data-info-url=\"www.jag-personal.com\" data-backend-url=\"https:\/\/www.jag-personal.com\/wp-content\/plugins\/shariff-sharing\/backend\/index.php\" data-temp=\"\/tmp\" data-ttl=\"40\" data-service=\"tlx\" data-services='[\"facebook\",\"twitter\",\"linkedin\",\"xing\",\"whatsapp\",\"mail\"]' data-image=\"https:\/\/www.jag-personal.com\/wp-content\/uploads\/2015\/05\/meeting-room-730679_1280-300x200.jpghttps:\/\/www.jag-personal.com\/wp-content\/uploads\/2015\/05\/meeting-room-730679_1280-300x200.jpg 300w, https:\/\/www.jag-personal.com\/wp-content\/uploads\/2015\/05\/meeting-room-730679_1280-1024x683.jpg 1024w, https:\/\/www.jag-personal.com\/wp-content\/uploads\/2015\/05\/meeting-room-730679_1280-740x494.jpg 740w, https:\/\/www.jag-personal.com\/wp-content\/uploads\/2015\/05\/meeting-room-730679_1280-370x247.jpg 370w, https:\/\/www.jag-personal.com\/wp-content\/uploads\/2015\/05\/meeting-room-730679_1280.jpg 1280w\" data-url=\"https:\/\/www.jag-personal.com\/pl\/uslugi\/dla-firm\/\" data-lang=\"en\" data-theme=\"color\" data-orientation=\"horizontal\"><\/div><p>&nbsp;<\/p>\n<p style=\"text-align: justify;\"><strong><a href=\"https:\/\/www.jag-personal.com\/wp-content\/uploads\/2015\/05\/meeting-room-730679_1280.jpg\"><img decoding=\"async\" loading=\"lazy\" class=\" size-medium wp-image-775 alignright\" src=\"https:\/\/www.jag-personal.com\/wp-content\/uploads\/2015\/05\/meeting-room-730679_1280-300x200.jpg\" alt=\"meeting-room-730679_1280\" width=\"300\" height=\"200\" srcset=\"https:\/\/www.jag-personal.com\/wp-content\/uploads\/2015\/05\/meeting-room-730679_1280-300x200.jpg 300w, https:\/\/www.jag-personal.com\/wp-content\/uploads\/2015\/05\/meeting-room-730679_1280-1024x683.jpg 1024w, https:\/\/www.jag-personal.com\/wp-content\/uploads\/2015\/05\/meeting-room-730679_1280-740x494.jpg 740w, https:\/\/www.jag-personal.com\/wp-content\/uploads\/2015\/05\/meeting-room-730679_1280-370x247.jpg 370w, https:\/\/www.jag-personal.com\/wp-content\/uploads\/2015\/05\/meeting-room-730679_1280.jpg 1280w\" sizes=\"(max-width: 300px) 100vw, 300px\" \/><\/a>JAG Personal<\/strong> jest firm\u0105 konsultingow\u0105, kt\u00f3ra specjalizuje si\u0119 w poszukiwaniu wykwalifikowanych pracownik\u00f3w do<strong> pracy w Niemczech<\/strong>. Naszym Klientom oferujemy us\u0142ugi w trakcie ca\u0142ego procesu rekrutacyjnego i selekcji, szukaj\u0105c w\u0142a\u015bciwych kandydat\u00f3w na ka\u017cde stanowisko.<strong><br \/>\n<\/strong><\/p>\n<ul style=\"list-style-type: disc;\">\n<li>Dok\u0142adnie oceniamy profil ka\u017cdego kandydata, tak aby zapewni\u0107 jego najlepsze dopasowanie do stanowiska.<\/li>\n<li>Wykonujemy prac\u0119 po\u015brednik\u00f3w w procesie zatrudniania, u\u0142atwiaj\u0105c integracj\u0119 kandydat\u00f3w w Niemczech oraz w zatrudniaj\u0105cych ich firmach. Bezpo\u015brednio towarzyszymy kandydatom w trakcie ca\u0142ego procesu.<\/li>\n<li>Dopasowujemy us\u0142ugi do indywidualnych potrzeb naszych Klient\u00f3w.<\/li>\n<li>Opr\u00f3cz rekrutacji na stanowiska w bran\u017cy medycznej, zarz\u0105dzamy r\u00f3wnie\u017c procesem zatrudniania w sektorze in\u017cynierii, transportu i innych bran\u017cach technicznych.<\/li>\n<\/ul>\n<p>Je\u015bli poszukuj\u0105 Pa\u0144stwo wykwalifikowanych specjalist\u00f3w dla swojej firmy, prosimy o kontakt z nami przez e-mail<a href=\"mailto:recruiting@jag-personal.com\" target=\"_blank\"> recruiting@jag-personal.com<\/a>,\u00a0w celu uzyskania wi\u0119cej informacji na temat naszych us\u0142ug i procesu dzia\u0142ania.<\/p>\n","protected":false},"excerpt":{"rendered":"<p>&nbsp; JAG Personal jest firm\u0105 konsultingow\u0105, kt\u00f3ra specjalizuje si\u0119 w poszukiwaniu wykwalifikowanych pracownik\u00f3w do pracy w Niemczech. Naszym Klientom oferujemy us\u0142ugi w trakcie ca\u0142ego procesu rekrutacyjnego i selekcji, szukaj\u0105c w\u0142a\u015bciwych kandydat\u00f3w na ka\u017cde stanowisko. Dok\u0142adnie oceniamy profil ka\u017cdego kandydata, tak &hellip; <a href=\"https:\/\/www.jag-personal.com\/pl\/uslugi\/dla-firm\/\">Czytaj wi\u0119cej<\/a><\/p>\n","protected":false},"author":2,"featured_media":0,"parent":1576,"menu_order":0,"comment_status":"open","ping_status":"open","template":"","meta":{"_mi_skip_tracking":false,"_monsterinsights_sitenote_active":false,"_monsterinsights_sitenote_note":"","_monsterinsights_sitenote_category":0,"footnotes":""},"_links":{"self":[{"href":"https:\/\/www.jag-personal.com\/pl\/wp-json\/wp\/v2\/pages\/1583"}],"collection":[{"href":"https:\/\/www.jag-personal.com\/pl\/wp-json\/wp\/v2\/pages"}],"about":[{"href":"https:\/\/www.jag-personal.com\/pl\/wp-json\/wp\/v2\/types\/page"}],"author":[{"embeddable":true,"href":"https:\/\/www.jag-personal.com\/pl\/wp-json\/wp\/v2\/users\/2"}],"replies":[{"embeddable":true,"href":"https:\/\/www.jag-personal.com\/pl\/wp-json\/wp\/v2\/comments?post=1583"}],"version-history":[{"count":1,"href":"https:\/\/www.jag-personal.com\/pl\/wp-json\/wp\/v2\/pages\/1583\/revisions"}],"predecessor-version":[{"id":1584,"href":"https:\/\/www.jag-personal.com\/pl\/wp-json\/wp\/v2\/pages\/1583\/revisions\/1584"}],"up":[{"embeddable":true,"href":"https:\/\/www.jag-personal.com\/pl\/wp-json\/wp\/v2\/pages\/1576"}],"wp:attachment":[{"href":"https:\/\/www.jag-personal.com\/pl\/wp-json\/wp\/v2\/media?parent=1583"}],"curies":[{"name":"wp","href":"https:\/\/api.w.org\/{rel}","templated":true}]}}