{"id":1585,"date":"2016-04-11T13:56:10","date_gmt":"2016-04-11T13:56:10","guid":{"rendered":"https:\/\/www.jag-personal.com\/pl\/?page_id=1585"},"modified":"2016-04-11T13:56:10","modified_gmt":"2016-04-11T13:56:10","slug":"seminaria-i-ksztalcenie","status":"publish","type":"page","link":"https:\/\/www.jag-personal.com\/pl\/uslugi\/seminaria-i-ksztalcenie\/","title":{"rendered":"SEMINARIA I KSZTA\u0141CENIE"},"content":{"rendered":"<div class=\"shariff\" data-twitter-via=\"trabajoalemania\" data-title=\"SEMINARIA I KSZTA\u0141CENIE\" data-info-url=\"www.jag-personal.com\" data-backend-url=\"https:\/\/www.jag-personal.com\/wp-content\/plugins\/shariff-sharing\/backend\/index.php\" data-temp=\"\/tmp\" data-ttl=\"40\" data-service=\"tlx\" data-services='[\"facebook\",\"twitter\",\"linkedin\",\"xing\",\"whatsapp\",\"mail\"]' data-image=\"https:\/\/www.jag-personal.com\/wp-content\/uploads\/2015\/04\/conference-table-593355_1920-300x199.jpghttps:\/\/www.jag-personal.com\/wp-content\/uploads\/2015\/04\/conference-table-593355_1920-300x199.jpg 300w, https:\/\/www.jag-personal.com\/wp-content\/uploads\/2015\/04\/conference-table-593355_1920-1024x678.jpg 1024w, https:\/\/www.jag-personal.com\/wp-content\/uploads\/2015\/04\/conference-table-593355_1920-740x490.jpg 740w, https:\/\/www.jag-personal.com\/wp-content\/uploads\/2015\/04\/conference-table-593355_1920-370x245.jpg 370w, https:\/\/www.jag-personal.com\/wp-content\/uploads\/2015\/04\/conference-table-593355_1920.jpg 1920w\" data-url=\"https:\/\/www.jag-personal.com\/pl\/uslugi\/seminaria-i-ksztalcenie\/\" data-lang=\"en\" data-theme=\"color\" data-orientation=\"horizontal\"><\/div><p><!--:es--><br \/>\n<script>\/\/ < ![CDATA[\n\/\/ < ![CDATA[\n\/\/ < ![CDATA[\n\/\/ < ![CDATA[\n\/\/ < ![CDATA[\n\/\/ < ![CDATA[\n\/\/ < ![CDATA[\n\/\/ < ![CDATA[\n\/\/ < ![CDATA[ !function(d,s,id){var js,fjs=d.getElementsByTagName(s)[0],p=\/^http:\/.test(d.location)?'http':'https';if(!d.getElementById(id)){js=d.createElement(s);js.id=id;js.src=p+':\/\/platform.twitter.com\/widgets.js';fjs.parentNode.insertBefore(js,fjs);}}(document, 'script', 'twitter-wjs');\n\/\/ ]]><\/script><br \/>\n<a href=\"https:\/\/www.jag-personal.com\/wp-content\/uploads\/2015\/04\/conference-table-593355_1920.jpg\"><img decoding=\"async\" loading=\"lazy\" class=\" wp-image-969 alignleft\" src=\"https:\/\/www.jag-personal.com\/wp-content\/uploads\/2015\/04\/conference-table-593355_1920-300x199.jpg\" alt=\"conference-table-593355_1920\" width=\"256\" height=\"170\" srcset=\"https:\/\/www.jag-personal.com\/wp-content\/uploads\/2015\/04\/conference-table-593355_1920-300x199.jpg 300w, https:\/\/www.jag-personal.com\/wp-content\/uploads\/2015\/04\/conference-table-593355_1920-1024x678.jpg 1024w, https:\/\/www.jag-personal.com\/wp-content\/uploads\/2015\/04\/conference-table-593355_1920-740x490.jpg 740w, https:\/\/www.jag-personal.com\/wp-content\/uploads\/2015\/04\/conference-table-593355_1920-370x245.jpg 370w, https:\/\/www.jag-personal.com\/wp-content\/uploads\/2015\/04\/conference-table-593355_1920.jpg 1920w\" sizes=\"(max-width: 256px) 100vw, 256px\" \/><\/a><strong>Seminaria: Kompetencje mi\u0119dzykulturowe dla mi\u0119dzynarodowej technicznej<\/strong><\/p>\n<p style=\"text-align: justify;\">Kompetencje zawodowe oraz znajomo\u015b\u0107 j\u0119zyka niemieckiego czasami nie wystarczaj\u0105, aby zrozumie\u0107 niemiecki styl \u017cycia. W Niemczech kompetencje mi\u0119dzykulturowe oraz inne umiej\u0119tno\u015bci, takie jak styl komunikacji, czy pracy s\u0105 wa\u017cnymi elementami w optymalizacji potencja\u0142u w \u015brodowisku danej firmy. Dla jak najbardziej prawid\u0142owego leczenia pacjent\u00f3w w klinikach i innych plac\u00f3wkach medycznych, r\u00f3wnie wa\u017cne jest poznanie innych aspekt\u00f3w tego kraju.<\/p>\n<p>&nbsp;<\/p>\n<p><a class=\"twitter-follow-button\" href=\"https:\/\/twitter.com\/trabajoalemania\" data-show-count=\"false\" data-size=\"large\">Follow @trabajoalemania<\/a><\/p>\n<p>&nbsp;<\/p>\n<p><span style=\"font-size: 14pt;\"><strong>Nasi eksperci<\/strong><\/span><\/p>\n<p style=\"text-align: justify;\"><span style=\"font-size: 14pt;\"><br \/>\nAnne Rupp jest konsultantk\u0105 i trenerem, z wieloletni\u0105 praktyk\u0105 w mi\u0119dzynarodowych firmach w Barcelonie, a obecnie w Kolonii. Specjalizuje si\u0119 mi\u0119dzy innymi w nast\u0119puj\u0105cych obszarach:<br \/>\n<\/span><\/p>\n<p><span style=\"font-size: 14pt;\">\u2022\u00a0seminaria mi\u0119dzykulturowe i rozwijanie\u00a0 kompetencji samorozwoju<br \/>\n\u2022 seminaria\u00a0w\u0142a\u015bciwe dla danego kraju dotycz\u0105ce firm, kultury, komunikacji i stylu pracy w \u00a0\u00a0Niemczech <\/span><br \/>\n<span style=\"font-size: 14pt;\">\u2022 seminaria dla os\u00f3b na stanowiskach dyrektorskich i ekspatriant\u00f3w <\/span><br \/>\n<span style=\"font-size: 14pt;\">\u2022 szkolenia z komunikacji<\/span><\/p>\n<p style=\"text-align: justify;\">Anne Rupp pracowa\u0142a pomi\u0119dzy Niemcami a Hiszpani\u0105 jako trener i konsultant dla takich firm jak: B\u00f6hringer Ingelheim, E.ON, Giesecke &amp; Devrient Grouo, Procter &amp; Gamble, sanofi \u2013aventis, SEAT, SONY, Unilever, Vodafone i Xerox. Jest wsp\u00f3\u0142autork\u0105 ksi\u0105\u017cki pt. \u201cSpanien von Innen und Au\u00dfen- eine Interkulturelle Perspektive oraz koordynatork\u0105 projekt\u00f3w i\u00a0 wsp\u00f3\u0142autork\u0105 publikacji seminarium\u00a0 na platformie e-Learning na temat rozwoju kompetencji mi\u0119dzykulturowych dla specjalist\u00f3w w dziedzinie medycyny.<\/p>\n<p>&nbsp;<\/p>\n<p><!--:--><\/p>\n","protected":false},"excerpt":{"rendered":"<p>Seminaria: Kompetencje mi\u0119dzykulturowe dla mi\u0119dzynarodowej technicznej Kompetencje zawodowe oraz znajomo\u015b\u0107 j\u0119zyka niemieckiego czasami nie wystarczaj\u0105, aby zrozumie\u0107 niemiecki styl \u017cycia. W Niemczech kompetencje mi\u0119dzykulturowe oraz inne umiej\u0119tno\u015bci, takie jak styl komunikacji, czy pracy s\u0105 wa\u017cnymi elementami w optymalizacji potencja\u0142u w &hellip; <a href=\"https:\/\/www.jag-personal.com\/pl\/uslugi\/seminaria-i-ksztalcenie\/\">Czytaj wi\u0119cej<\/a><\/p>\n","protected":false},"author":2,"featured_media":0,"parent":1576,"menu_order":0,"comment_status":"open","ping_status":"closed","template":"","meta":{"_mi_skip_tracking":false,"_monsterinsights_sitenote_active":false,"_monsterinsights_sitenote_note":"","_monsterinsights_sitenote_category":0,"footnotes":""},"_links":{"self":[{"href":"https:\/\/www.jag-personal.com\/pl\/wp-json\/wp\/v2\/pages\/1585"}],"collection":[{"href":"https:\/\/www.jag-personal.com\/pl\/wp-json\/wp\/v2\/pages"}],"about":[{"href":"https:\/\/www.jag-personal.com\/pl\/wp-json\/wp\/v2\/types\/page"}],"author":[{"embeddable":true,"href":"https:\/\/www.jag-personal.com\/pl\/wp-json\/wp\/v2\/users\/2"}],"replies":[{"embeddable":true,"href":"https:\/\/www.jag-personal.com\/pl\/wp-json\/wp\/v2\/comments?post=1585"}],"version-history":[{"count":1,"href":"https:\/\/www.jag-personal.com\/pl\/wp-json\/wp\/v2\/pages\/1585\/revisions"}],"predecessor-version":[{"id":1586,"href":"https:\/\/www.jag-personal.com\/pl\/wp-json\/wp\/v2\/pages\/1585\/revisions\/1586"}],"up":[{"embeddable":true,"href":"https:\/\/www.jag-personal.com\/pl\/wp-json\/wp\/v2\/pages\/1576"}],"wp:attachment":[{"href":"https:\/\/www.jag-personal.com\/pl\/wp-json\/wp\/v2\/media?parent=1585"}],"curies":[{"name":"wp","href":"https:\/\/api.w.org\/{rel}","templated":true}]}}