{"id":1594,"date":"2016-04-12T09:26:33","date_gmt":"2016-04-12T09:26:33","guid":{"rendered":"https:\/\/www.jag-personal.com\/ro\/?page_id=1594"},"modified":"2016-05-18T09:10:14","modified_gmt":"2016-05-18T09:10:14","slug":"compania","status":"publish","type":"page","link":"https:\/\/www.jag-personal.com\/ro\/compania\/","title":{"rendered":"COMPANIA"},"content":{"rendered":"<div class=\"shariff\" data-twitter-via=\"trabajoalemania\" data-title=\"COMPANIA\" data-info-url=\"www.jag-personal.com\" data-backend-url=\"https:\/\/www.jag-personal.com\/wp-content\/plugins\/shariff-sharing\/backend\/index.php\" data-temp=\"\/tmp\" data-ttl=\"40\" data-service=\"tlx\" data-services='[\"facebook\",\"twitter\",\"linkedin\",\"xing\",\"whatsapp\",\"mail\"]' data-image=\"\" data-url=\"https:\/\/www.jag-personal.com\/ro\/compania\/\" data-lang=\"en\" data-theme=\"color\" data-orientation=\"horizontal\"><\/div><p><!--:es--><\/p>\n<div>\n<p style=\"text-align: justify;\"><strong>JAG Personal<\/strong> este o consultanta specializat\u0103 \u00een selec\u021bia de personal calificat pentru a lucra \u00een Germania. Noi oferim lucr\u0103torilor integrarea pe pia\u021ba fortei de munca german\u0103 , colabor\u00e2nd doar cu firme serioase \u0219i recunoscute care caut\u0103 profesionali \u00een context interna\u021bional.<\/p>\n<table style=\"height: 157px;\" width=\"810\">\n<tbody>\n<tr>\n<td style=\"text-align: justify;\">Am prefera s\u0103 clarificam: noi nu func\u021bionam \u00a0ca un subcontractant \u0219i nu suntem o agen\u021bie de recrutare a fortei de munca. Pur \u0219i simplu oferim serviciile noastre departamentelor HR \u00een c\u0103utarea celor mai buni candida\u021bi. Contractarea se realizeaz\u0103 \u00een cadrul companiilor, noi exercitam o munc\u0103 de intermediari \u00een acest proces.<\/td>\n<td><\/td>\n<td>\n<p style=\"text-align: center;\"><strong>SECTOARE<\/strong><\/p>\n<ul>\n<li><strong><a href=\"https:\/\/www.jag-personal.com\/ro\/compania\/medicina-si-infirmiera\/\" target=\"_blank\">Medicina \u0219i Infirmiera<\/a><\/strong><\/li>\n<li><strong><a href=\"https:\/\/www.jag-personal.com\/ro\/compania\/computing-it\/\" target=\"_blank\">Computing &#8211; IT<\/a><\/strong><\/li>\n<li><strong><a href=\"https:\/\/www.jag-personal.com\/ro\/gastronomie\/ \" target=\"_blank\">Gastronomie<\/a><\/strong><\/li>\n<\/ul>\n<\/td>\n<\/tr>\n<\/tbody>\n<\/table>\n<p>&nbsp;<\/p>\n<p><strong>Valori<\/strong><\/p>\n<p style=\"text-align: justify;\"><strong>JAG Personal<\/strong> crede c\u0103 pentru a realiza simbioza ideal\u0103 \u00eentre companii \u0219i profesionisti este important \u0219i necesar atat idea de a lucra \u00eendeaproape cu candida\u021bii no\u0219tri, cat si \u00een\u021belegerea situa\u021biei personale \u0219i a obiectivelor fiecarui candidat in scopul negocierii celor mai bune condi\u021bii contractuale pentru ei.<\/p>\n<p style=\"text-align: justify;\">Bazat pe aceasta filozofie, selectam clien\u021bii no\u0219tri cu o aten\u021bie deosebit\u0103 pentru a ne asigura c\u0103 candida\u021bilor nostrii se lor vor oferii locuri de munc\u0103 stabile, adaptate la diplomele \u0219i calific\u0103rile profesionale, cu o remunera\u021bie competitiv\u0103 \u0219i perspective bune de dezvoltare a carierei profesionale. \u00cencredere, transparen\u021b\u0103, profesionalism \u0219i angajamentul sunt alte valori pe care le avem in vedere in procesul de oferta a serviciilor noastre.<\/p>\n<p><strong><span style=\"font-size: 14pt;\">Informa\u021bii &#8211;\u00a0 Asisten\u021b\u0103 la fata locului \u00een Germania<\/span><\/strong><\/p>\n<p style=\"text-align: justify;\">Suntem con\u0219tien\u021bi de faptul c\u0103 mobilitatea for\u021bei de munc\u0103 \u00een Germania este plina de \u00eendoieli \u0219i temeri. Prin urmare, de la intrarea in tara\u00a0cat si pe parcursul timpului care figureaza in contractul de munca, oferim sprijin \u0219i asisten\u021b\u0103 pentru a c\u0103uta integrarea social\u0103, cultural\u0103 \u0219i profesional\u0103 complet\u0103.<\/p>\n<p style=\"text-align: justify;\">Toti cei care doresc sa ne cunoasca au posibilitatea de a vorbi deschis cu noi prin intermediul re\u021belelor sociale\u00a0<strong><a title=\"Trabajo en Alemania\" href=\"https:\/\/www.facebook.com\/trabajo.alemania\">Facebook<\/a><\/strong>, <strong><a title=\"Trabajo Alemania\" href=\"https:\/\/twitter.com\/trabajoalemania\">Twitter<\/a><\/strong>\u00a0sau <strong><a title=\"JAG Personal Alemania\" href=\"https:\/\/www.linkedin.com\/company\/jag-personal\">LinkedIn<\/a>\u00a0<\/strong>\u0219i va stam la dispozitie pentru a va furniza informa\u021bii detaliate despre noi \u0219i modul \u00een care lucr\u0103m.<\/p>\n<\/div>\n<p><!--:--><\/p>\n","protected":false},"excerpt":{"rendered":"<p>JAG Personal este o consultanta specializat\u0103 \u00een selec\u021bia de personal calificat pentru a lucra \u00een Germania. Noi oferim lucr\u0103torilor integrarea pe pia\u021ba fortei de munca german\u0103 , colabor\u00e2nd doar cu firme serioase \u0219i recunoscute care caut\u0103 profesionali \u00een context interna\u021bional. &hellip; <a href=\"https:\/\/www.jag-personal.com\/ro\/compania\/\">Read More<\/a><\/p>\n","protected":false},"author":2,"featured_media":0,"parent":0,"menu_order":0,"comment_status":"open","ping_status":"closed","template":"","meta":{"_mi_skip_tracking":false,"_monsterinsights_sitenote_active":false,"_monsterinsights_sitenote_note":"","_monsterinsights_sitenote_category":0,"footnotes":""},"_links":{"self":[{"href":"https:\/\/www.jag-personal.com\/ro\/wp-json\/wp\/v2\/pages\/1594"}],"collection":[{"href":"https:\/\/www.jag-personal.com\/ro\/wp-json\/wp\/v2\/pages"}],"about":[{"href":"https:\/\/www.jag-personal.com\/ro\/wp-json\/wp\/v2\/types\/page"}],"author":[{"embeddable":true,"href":"https:\/\/www.jag-personal.com\/ro\/wp-json\/wp\/v2\/users\/2"}],"replies":[{"embeddable":true,"href":"https:\/\/www.jag-personal.com\/ro\/wp-json\/wp\/v2\/comments?post=1594"}],"version-history":[{"count":7,"href":"https:\/\/www.jag-personal.com\/ro\/wp-json\/wp\/v2\/pages\/1594\/revisions"}],"predecessor-version":[{"id":1739,"href":"https:\/\/www.jag-personal.com\/ro\/wp-json\/wp\/v2\/pages\/1594\/revisions\/1739"}],"wp:attachment":[{"href":"https:\/\/www.jag-personal.com\/ro\/wp-json\/wp\/v2\/media?parent=1594"}],"curies":[{"name":"wp","href":"https:\/\/api.w.org\/{rel}","templated":true}]}}