{"id":1596,"date":"2016-04-12T11:24:45","date_gmt":"2016-04-12T11:24:45","guid":{"rendered":"https:\/\/www.jag-personal.com\/ro\/?page_id=1596"},"modified":"2016-05-18T09:13:13","modified_gmt":"2016-05-18T09:13:13","slug":"gastronomie","status":"publish","type":"page","link":"https:\/\/www.jag-personal.com\/ro\/compania\/gastronomie\/","title":{"rendered":"GASTRONOMIE"},"content":{"rendered":"<div class=\"shariff\" data-twitter-via=\"trabajoalemania\" data-title=\"GASTRONOMIE\" data-info-url=\"www.jag-personal.com\" data-backend-url=\"https:\/\/www.jag-personal.com\/wp-content\/plugins\/shariff-sharing\/backend\/index.php\" data-temp=\"\/tmp\" data-ttl=\"40\" data-service=\"tlx\" data-services='[\"facebook\",\"twitter\",\"linkedin\",\"xing\",\"whatsapp\",\"mail\"]' data-image=\"https:\/\/www.jag-personal.com\/wp-content\/uploads\/2015\/05\/kitchen-731351_1280.jpghttps:\/\/www.jag-personal.com\/wp-content\/uploads\/2015\/05\/kitchen-731351_1280.jpg 1280w, https:\/\/www.jag-personal.com\/wp-content\/uploads\/2015\/05\/kitchen-731351_1280-300x200.jpg 300w, https:\/\/www.jag-personal.com\/wp-content\/uploads\/2015\/05\/kitchen-731351_1280-1024x682.jpg 1024w\" data-url=\"https:\/\/www.jag-personal.com\/ro\/compania\/gastronomie\/\" data-lang=\"en\" data-theme=\"color\" data-orientation=\"horizontal\"><\/div><p>&nbsp;<\/p>\n<p><span style=\"font-size: 18pt;\"><strong>Gastronomie<\/strong><\/span><\/p>\n<p>Exist\u0103 o cerere In Germania pentru profesioni\u0219ti \u00een sectoarele de <strong>turism<\/strong>, <strong>hoteluri<\/strong>, <strong>gastronomie<\/strong> si <strong>catering<\/strong>. Prin urmare, este posibil s\u0103 existe locuri de munc\u0103 pentru receptioneri, ospatari, bucatari, ajutor de buc\u0103tar \u0219i alte posturi din domeniul prestatillor de servicii.<\/p>\n<p style=\"text-align: justify;\"><img decoding=\"async\" loading=\"lazy\" class=\" wp-image-984 alignright\" src=\"https:\/\/www.jag-personal.com\/wp-content\/uploads\/2015\/05\/kitchen-731351_1280.jpg\" alt=\"kitchen-731351_1280\" width=\"246\" height=\"163\" srcset=\"https:\/\/www.jag-personal.com\/wp-content\/uploads\/2015\/05\/kitchen-731351_1280.jpg 1280w, https:\/\/www.jag-personal.com\/wp-content\/uploads\/2015\/05\/kitchen-731351_1280-300x200.jpg 300w, https:\/\/www.jag-personal.com\/wp-content\/uploads\/2015\/05\/kitchen-731351_1280-1024x682.jpg 1024w\" sizes=\"(max-width: 246px) 100vw, 246px\" \/>De\u0219i nivelul de cunostinta a limbii germane necesar\u0103 pentru oricare dintre aceste profesii de obicei nu este inalt in comparatie cu nivelul necesar pentru a accesa la alte specialit\u0103\u021bi tehnice, JAG Personal insista asupra necesit\u0103\u021bii de a avea un anumit nivel de cunostinta a limbii \u00eenainte de a face o cerere de angajare . In cazul in care este vorba de un loc de munca unde este necesar contactul cu publicul , candida\u021bii cu nivel bun de cuno\u0219tinta a limbii germane vor avea \u00eentotdeauna prioritate \u00een procesul de selec\u021bie.<\/p>\n<p>Interesa\u021bi pot trimite CV-ul lor \u00een limba german\u0103 a <strong><a href=\"mailto:recruiting@personal-alemania.com\">recruiting@personal-alemania.com\u00a0<\/a><\/strong><\/p>\n","protected":false},"excerpt":{"rendered":"<p>&nbsp; Gastronomie Exist\u0103 o cerere In Germania pentru profesioni\u0219ti \u00een sectoarele de turism, hoteluri, gastronomie si catering. Prin urmare, este posibil s\u0103 existe locuri de munc\u0103 pentru receptioneri, ospatari, bucatari, ajutor de buc\u0103tar \u0219i alte posturi din domeniul prestatillor de &hellip; <a href=\"https:\/\/www.jag-personal.com\/ro\/compania\/gastronomie\/\">Read More<\/a><\/p>\n","protected":false},"author":2,"featured_media":0,"parent":1594,"menu_order":0,"comment_status":"open","ping_status":"closed","template":"","meta":{"_mi_skip_tracking":false,"_monsterinsights_sitenote_active":false,"_monsterinsights_sitenote_note":"","_monsterinsights_sitenote_category":0,"footnotes":""},"_links":{"self":[{"href":"https:\/\/www.jag-personal.com\/ro\/wp-json\/wp\/v2\/pages\/1596"}],"collection":[{"href":"https:\/\/www.jag-personal.com\/ro\/wp-json\/wp\/v2\/pages"}],"about":[{"href":"https:\/\/www.jag-personal.com\/ro\/wp-json\/wp\/v2\/types\/page"}],"author":[{"embeddable":true,"href":"https:\/\/www.jag-personal.com\/ro\/wp-json\/wp\/v2\/users\/2"}],"replies":[{"embeddable":true,"href":"https:\/\/www.jag-personal.com\/ro\/wp-json\/wp\/v2\/comments?post=1596"}],"version-history":[{"count":4,"href":"https:\/\/www.jag-personal.com\/ro\/wp-json\/wp\/v2\/pages\/1596\/revisions"}],"predecessor-version":[{"id":1742,"href":"https:\/\/www.jag-personal.com\/ro\/wp-json\/wp\/v2\/pages\/1596\/revisions\/1742"}],"up":[{"embeddable":true,"href":"https:\/\/www.jag-personal.com\/ro\/wp-json\/wp\/v2\/pages\/1594"}],"wp:attachment":[{"href":"https:\/\/www.jag-personal.com\/ro\/wp-json\/wp\/v2\/media?parent=1596"}],"curies":[{"name":"wp","href":"https:\/\/api.w.org\/{rel}","templated":true}]}}