{"id":1601,"date":"2016-04-12T11:24:45","date_gmt":"2016-04-12T11:24:45","guid":{"rendered":"https:\/\/www.jag-personal.com\/ro\/?page_id=1601"},"modified":"2016-04-12T11:24:45","modified_gmt":"2016-04-12T11:24:45","slug":"computing-it","status":"publish","type":"page","link":"https:\/\/www.jag-personal.com\/ro\/compania\/computing-it\/","title":{"rendered":"COMPUTING &#8211; IT"},"content":{"rendered":"<div class=\"shariff\" data-twitter-via=\"trabajoalemania\" data-title=\"COMPUTING &#8211; IT\" data-info-url=\"www.jag-personal.com\" data-backend-url=\"https:\/\/www.jag-personal.com\/wp-content\/plugins\/shariff-sharing\/backend\/index.php\" data-temp=\"\/tmp\" data-ttl=\"40\" data-service=\"tlx\" data-services='[\"facebook\",\"twitter\",\"linkedin\",\"xing\",\"whatsapp\",\"mail\"]' data-image=\"https:\/\/www.jag-personal.com\/wp-content\/uploads\/2015\/05\/computer-339836_1280.jpghttps:\/\/www.jag-personal.com\/wp-content\/uploads\/2015\/05\/computer-339836_1280.jpg 1280w, https:\/\/www.jag-personal.com\/wp-content\/uploads\/2015\/05\/computer-339836_1280-300x199.jpg 300w, https:\/\/www.jag-personal.com\/wp-content\/uploads\/2015\/05\/computer-339836_1280-1024x681.jpg 1024w\" data-url=\"https:\/\/www.jag-personal.com\/ro\/compania\/computing-it\/\" data-lang=\"en\" data-theme=\"color\" data-orientation=\"horizontal\"><\/div><p>&nbsp;<\/p>\n<p><span style=\"font-size: 18pt;\"><strong>Inform\u00e1tica &#8211; IT<img decoding=\"async\" loading=\"lazy\" class=\" wp-image-991 alignright\" src=\"https:\/\/www.jag-personal.com\/wp-content\/uploads\/2015\/05\/computer-339836_1280.jpg\" alt=\"computer-339836_1280\" width=\"309\" height=\"205\" srcset=\"https:\/\/www.jag-personal.com\/wp-content\/uploads\/2015\/05\/computer-339836_1280.jpg 1280w, https:\/\/www.jag-personal.com\/wp-content\/uploads\/2015\/05\/computer-339836_1280-300x199.jpg 300w, https:\/\/www.jag-personal.com\/wp-content\/uploads\/2015\/05\/computer-339836_1280-1024x681.jpg 1024w\" sizes=\"(max-width: 309px) 100vw, 309px\" \/><\/strong><\/span><\/p>\n<p style=\"text-align: justify;\">Cererea mare pentru profesioni\u0219tii tehnici \u00een Germania se extinde \u00een sectorul<strong> tehnologiei informa\u021biei (IT)<\/strong>. Atat absolven\u021bi \u00een informatic\u0103 , telecomunica\u021bii cat si administratori de sistem \u0219i de dezvoltatorea acestuia, sunt profile foarte apreciate de c\u0103tre companiile germane.<\/p>\n<p><strong>JAG Personal\u00a0<\/strong> \u00eencurajeaza \u00a0to\u021bi profesioni\u0219tii din acest sector cu interes \u0219i motiva\u021bie pentru a \u00eencepe o carier\u0103 \u00een Germania sa\u00a0 ne contactacteze.<\/p>\n<p>Interesa\u021bi pot trimite CV-ul lor \u00een limba german\u0103 la <strong><a href=\"mailto:recruiting@personal-alemania.com\">recruiting@personal-alemania.com\u00a0<\/a><\/strong><\/p>\n","protected":false},"excerpt":{"rendered":"<p>&nbsp; Inform\u00e1tica &#8211; IT Cererea mare pentru profesioni\u0219tii tehnici \u00een Germania se extinde \u00een sectorul tehnologiei informa\u021biei (IT). Atat absolven\u021bi \u00een informatic\u0103 , telecomunica\u021bii cat si administratori de sistem \u0219i de dezvoltatorea acestuia, sunt profile foarte apreciate de c\u0103tre companiile &hellip; <a href=\"https:\/\/www.jag-personal.com\/ro\/compania\/computing-it\/\">Read More<\/a><\/p>\n","protected":false},"author":2,"featured_media":0,"parent":1594,"menu_order":0,"comment_status":"open","ping_status":"closed","template":"","meta":{"_mi_skip_tracking":false,"_monsterinsights_sitenote_active":false,"_monsterinsights_sitenote_note":"","_monsterinsights_sitenote_category":0,"footnotes":""},"_links":{"self":[{"href":"https:\/\/www.jag-personal.com\/ro\/wp-json\/wp\/v2\/pages\/1601"}],"collection":[{"href":"https:\/\/www.jag-personal.com\/ro\/wp-json\/wp\/v2\/pages"}],"about":[{"href":"https:\/\/www.jag-personal.com\/ro\/wp-json\/wp\/v2\/types\/page"}],"author":[{"embeddable":true,"href":"https:\/\/www.jag-personal.com\/ro\/wp-json\/wp\/v2\/users\/2"}],"replies":[{"embeddable":true,"href":"https:\/\/www.jag-personal.com\/ro\/wp-json\/wp\/v2\/comments?post=1601"}],"version-history":[{"count":1,"href":"https:\/\/www.jag-personal.com\/ro\/wp-json\/wp\/v2\/pages\/1601\/revisions"}],"predecessor-version":[{"id":1602,"href":"https:\/\/www.jag-personal.com\/ro\/wp-json\/wp\/v2\/pages\/1601\/revisions\/1602"}],"up":[{"embeddable":true,"href":"https:\/\/www.jag-personal.com\/ro\/wp-json\/wp\/v2\/pages\/1594"}],"wp:attachment":[{"href":"https:\/\/www.jag-personal.com\/ro\/wp-json\/wp\/v2\/media?parent=1601"}],"curies":[{"name":"wp","href":"https:\/\/api.w.org\/{rel}","templated":true}]}}