{"id":1604,"date":"2016-04-12T11:24:45","date_gmt":"2016-04-12T11:24:45","guid":{"rendered":"https:\/\/www.jag-personal.com\/ro\/?page_id=1604"},"modified":"2016-05-18T09:11:52","modified_gmt":"2016-05-18T09:11:52","slug":"medicina-si-infirmiera","status":"publish","type":"page","link":"https:\/\/www.jag-personal.com\/ro\/compania\/medicina-si-infirmiera\/","title":{"rendered":"MEDICINA \u0218I INFIRMIERA"},"content":{"rendered":"<div class=\"shariff\" data-twitter-via=\"trabajoalemania\" data-title=\"MEDICINA \u0218I INFIRMIERA\" data-info-url=\"www.jag-personal.com\" data-backend-url=\"https:\/\/www.jag-personal.com\/wp-content\/plugins\/shariff-sharing\/backend\/index.php\" data-temp=\"\/tmp\" data-ttl=\"40\" data-service=\"tlx\" data-services='[\"facebook\",\"twitter\",\"linkedin\",\"xing\",\"whatsapp\",\"mail\"]' data-image=\"https:\/\/www.jag-personal.com\/wp-content\/uploads\/2015\/05\/Fotolia_26234759_M.jpghttps:\/\/www.jag-personal.com\/wp-content\/uploads\/2015\/05\/Fotolia_26234759_M.jpg 1688w, https:\/\/www.jag-personal.com\/wp-content\/uploads\/2015\/05\/Fotolia_26234759_M-300x200.jpg 300w, https:\/\/www.jag-personal.com\/wp-content\/uploads\/2015\/05\/Fotolia_26234759_M-1024x682.jpg 1024w\" data-url=\"https:\/\/www.jag-personal.com\/ro\/compania\/medicina-si-infirmiera\/\" data-lang=\"en\" data-theme=\"color\" data-orientation=\"horizontal\"><\/div><p>&nbsp;<\/p>\n<p><strong><span style=\"font-size: 18pt;\">Medicina \u0219i Infirmiera<\/span><\/strong><\/p>\n<p style=\"text-align: justify;\"><img decoding=\"async\" loading=\"lazy\" class=\" wp-image-476 alignright\" src=\"https:\/\/www.jag-personal.com\/wp-content\/uploads\/2015\/05\/Fotolia_26234759_M.jpg\" alt=\"group of students working at the laboratory\" width=\"326\" height=\"217\" srcset=\"https:\/\/www.jag-personal.com\/wp-content\/uploads\/2015\/05\/Fotolia_26234759_M.jpg 1688w, https:\/\/www.jag-personal.com\/wp-content\/uploads\/2015\/05\/Fotolia_26234759_M-300x200.jpg 300w, https:\/\/www.jag-personal.com\/wp-content\/uploads\/2015\/05\/Fotolia_26234759_M-1024x682.jpg 1024w\" sizes=\"(max-width: 326px) 100vw, 326px\" \/>Ata\u0219at la deficitul in ansamblu a personalului calificat, Germania duce lipsa in special de <strong>lucr\u0103tori \u00een domeniul s\u0103n\u0103t\u0103\u021bii<\/strong>. Sistemul de \u00eenv\u0103\u021b\u0103m\u00e2nt german nu genereaza, suficient personal de s\u0103n\u0103tate pentru a acoperi toate locurile de munc\u0103 necesare \u00een Germania, astfel \u00eenc\u00e2t spitalele \u0219i clinicile \u00a0sunt obligate s\u0103 caute \u00een afara grani\u021belor sale. Astfel, cererea pentru cadrele sanitare din afara tarii a crescut considerabil \u0219i va continua sa creasca \u00een urm\u0103tori ani. \u00cen plus, \u00eemb\u0103tr\u00e2nirea progresiv\u0103 a piramidei popula\u021bive conduce logic la o cre\u0219tere a num\u0103rului de persoane care au nevoie de \u00eengrijiri medicale speciale.<\/p>\n<p style=\"text-align: justify;\">Pentru satisfacerea cererii mari de lucr\u0103tori din domeniul s\u0103n\u0103t\u0103\u021bii, \u00a0JAG Personal cauta cu prioritate atat <strong>infermieri\/re<\/strong>, <strong>cat si medici<\/strong> cu interes cu dorinta de a lucra \u00een Germania. Prin noi veti gasi o intrare rapid\u0103 si sigura pe pia\u021ba de munca german\u0103 , accesand la locuri de munc\u0103 cu condi\u021bii bune \u0219i cu oportunit\u0103\u021bi de dezvoltare a carierei profesionale. Ca \u00eentotdeauna \u00een Germania, un nivel bun al cunostintelor de \u00a0limba, faciliteaz\u0103 foarte mult procesul.<\/p>\n<p>Interesa\u021bi pot trimite CV-ul lor \u00een limba german\u0103 la: <strong><a href=\"mailto:recruiting@personal-alemania.com\">recruiting@personal-alemania.com\u00a0<\/a><\/strong><\/p>\n","protected":false},"excerpt":{"rendered":"<p>&nbsp; Medicina \u0219i Infirmiera Ata\u0219at la deficitul in ansamblu a personalului calificat, Germania duce lipsa in special de lucr\u0103tori \u00een domeniul s\u0103n\u0103t\u0103\u021bii. Sistemul de \u00eenv\u0103\u021b\u0103m\u00e2nt german nu genereaza, suficient personal de s\u0103n\u0103tate pentru a acoperi toate locurile de munc\u0103 necesare &hellip; <a href=\"https:\/\/www.jag-personal.com\/ro\/compania\/medicina-si-infirmiera\/\">Read More<\/a><\/p>\n","protected":false},"author":2,"featured_media":0,"parent":1594,"menu_order":0,"comment_status":"open","ping_status":"open","template":"","meta":{"_mi_skip_tracking":false,"_monsterinsights_sitenote_active":false,"_monsterinsights_sitenote_note":"","_monsterinsights_sitenote_category":0,"footnotes":""},"_links":{"self":[{"href":"https:\/\/www.jag-personal.com\/ro\/wp-json\/wp\/v2\/pages\/1604"}],"collection":[{"href":"https:\/\/www.jag-personal.com\/ro\/wp-json\/wp\/v2\/pages"}],"about":[{"href":"https:\/\/www.jag-personal.com\/ro\/wp-json\/wp\/v2\/types\/page"}],"author":[{"embeddable":true,"href":"https:\/\/www.jag-personal.com\/ro\/wp-json\/wp\/v2\/users\/2"}],"replies":[{"embeddable":true,"href":"https:\/\/www.jag-personal.com\/ro\/wp-json\/wp\/v2\/comments?post=1604"}],"version-history":[{"count":3,"href":"https:\/\/www.jag-personal.com\/ro\/wp-json\/wp\/v2\/pages\/1604\/revisions"}],"predecessor-version":[{"id":1741,"href":"https:\/\/www.jag-personal.com\/ro\/wp-json\/wp\/v2\/pages\/1604\/revisions\/1741"}],"up":[{"embeddable":true,"href":"https:\/\/www.jag-personal.com\/ro\/wp-json\/wp\/v2\/pages\/1594"}],"wp:attachment":[{"href":"https:\/\/www.jag-personal.com\/ro\/wp-json\/wp\/v2\/media?parent=1604"}],"curies":[{"name":"wp","href":"https:\/\/api.w.org\/{rel}","templated":true}]}}