{"id":1608,"date":"2016-04-12T10:03:44","date_gmt":"2016-04-12T10:03:44","guid":{"rendered":"https:\/\/www.jag-personal.com\/ro\/?page_id=1608"},"modified":"2016-04-12T12:34:26","modified_gmt":"2016-04-12T12:34:26","slug":"servicii","status":"publish","type":"page","link":"https:\/\/www.jag-personal.com\/ro\/servicii\/","title":{"rendered":"SERVICII"},"content":{"rendered":"<div class=\"shariff\" data-twitter-via=\"trabajoalemania\" data-title=\"SERVICII\" data-info-url=\"www.jag-personal.com\" data-backend-url=\"https:\/\/www.jag-personal.com\/wp-content\/plugins\/shariff-sharing\/backend\/index.php\" data-temp=\"\/tmp\" data-ttl=\"40\" data-service=\"tlx\" data-services='[\"facebook\",\"twitter\",\"linkedin\",\"xing\",\"whatsapp\",\"mail\"]' data-image=\"https:\/\/www.jag-personal.com\/wp-content\/uploads\/2015\/04\/notebook-1042595_1920-300x184.jpghttps:\/\/www.jag-personal.com\/wp-content\/uploads\/2015\/04\/notebook-1042595_1920-300x184.jpg 300w, https:\/\/www.jag-personal.com\/wp-content\/uploads\/2015\/04\/notebook-1042595_1920-768x471.jpg 768w, https:\/\/www.jag-personal.com\/wp-content\/uploads\/2015\/04\/notebook-1042595_1920-1024x628.jpg 1024w, https:\/\/www.jag-personal.com\/wp-content\/uploads\/2015\/04\/notebook-1042595_1920.jpg 1920w\" data-url=\"https:\/\/www.jag-personal.com\/ro\/servicii\/\" data-lang=\"en\" data-theme=\"color\" data-orientation=\"horizontal\"><\/div><p><strong>\u00a0<a href=\"https:\/\/www.jag-personal.com\/wp-content\/uploads\/2015\/04\/notebook-1042595_1920.jpg\" rel=\"attachment wp-att-1379\"><img decoding=\"async\" loading=\"lazy\" class=\"size-medium wp-image-1379 alignright\" src=\"https:\/\/www.jag-personal.com\/wp-content\/uploads\/2015\/04\/notebook-1042595_1920-300x184.jpg\" alt=\"notebook-1042595_1920\" width=\"300\" height=\"184\" srcset=\"https:\/\/www.jag-personal.com\/wp-content\/uploads\/2015\/04\/notebook-1042595_1920-300x184.jpg 300w, https:\/\/www.jag-personal.com\/wp-content\/uploads\/2015\/04\/notebook-1042595_1920-768x471.jpg 768w, https:\/\/www.jag-personal.com\/wp-content\/uploads\/2015\/04\/notebook-1042595_1920-1024x628.jpg 1024w, https:\/\/www.jag-personal.com\/wp-content\/uploads\/2015\/04\/notebook-1042595_1920.jpg 1920w\" sizes=\"(max-width: 300px) 100vw, 300px\" \/><\/a><\/strong><\/p>\n<p><strong>JAG Personal\u00a0<\/strong>ofer\u0103 diferite servicii adaptate nevoilor lor individuale. Fie c\u0103 ave\u021bi re\u0219edin\u021ba \u00een str\u0103in\u0103tate \u0219i caut\u0103 de lucru \u00een Germania, ca \u0219i \u00een cazul \u00een care tr\u0103ie\u0219te \u00een \u021bar\u0103 din Germania \u0219i doresc s\u0103 \u00ee\u0219i \u00eembun\u0103t\u0103\u021beasc\u0103 perspectivele de carier\u0103, s-ar putea dori s\u0103 ne contacta\u021bi. De asemenea, dac\u0103 reprezenta\u021bi o companie care doreste sa angajeze serviciile noastre sau pentru a studia o colaborare, v\u0103 rug\u0103m s\u0103 scrie\u021bi la adresa noastra de e-mail.<\/p>\n<p>&nbsp;<\/p>\n<ul>\n<li><a title=\"Pentru candida\u021bi\" href=\"https:\/\/www.jag-personal.com\/ro\/servicii\/pentru-candidati\/%20\" target=\"_blank\"><span style=\"font-size: 14pt;\"><span style=\"font-size: 14pt;\"><strong>P<\/strong><\/span><strong>entru candida\u021bi<\/strong><\/span><\/a><\/li>\n<li><span style=\"font-size: 14pt;\"><strong><a href=\"https:\/\/www.jag-personal.com\/ro\/servicii\/pentru-companii\/\" target=\"_blank\">Pentru companii<\/a><\/strong><\/span><\/li>\n<li><span style=\"font-size: 14pt;\"><strong><a href=\"https:\/\/www.jag-personal.com\/ro\/servicii\/seminarii-curs-formare\/\" target=\"_blank\">Seminarii &amp;\u00a0formare<\/a><\/strong><\/span><\/li>\n<li><span style=\"font-size: 14pt;\"><strong><a href=\"https:\/\/www.jag-personal.com\/ro\/servicii\/invata-limba-germana\/\" target=\"_blank\">A \u00eenv\u0103\u021ba limba german\u0103<\/a><\/strong><\/span><\/li>\n<\/ul>\n<p>&nbsp;<\/p>\n","protected":false},"excerpt":{"rendered":"<p>\u00a0 JAG Personal\u00a0ofer\u0103 diferite servicii adaptate nevoilor lor individuale. Fie c\u0103 ave\u021bi re\u0219edin\u021ba \u00een str\u0103in\u0103tate \u0219i caut\u0103 de lucru \u00een Germania, ca \u0219i \u00een cazul \u00een care tr\u0103ie\u0219te \u00een \u021bar\u0103 din Germania \u0219i doresc s\u0103 \u00ee\u0219i \u00eembun\u0103t\u0103\u021beasc\u0103 perspectivele de carier\u0103, &hellip; <a href=\"https:\/\/www.jag-personal.com\/ro\/servicii\/\">Read More<\/a><\/p>\n","protected":false},"author":2,"featured_media":0,"parent":0,"menu_order":0,"comment_status":"open","ping_status":"closed","template":"","meta":{"_mi_skip_tracking":false,"_monsterinsights_sitenote_active":false,"_monsterinsights_sitenote_note":"","_monsterinsights_sitenote_category":0,"footnotes":""},"_links":{"self":[{"href":"https:\/\/www.jag-personal.com\/ro\/wp-json\/wp\/v2\/pages\/1608"}],"collection":[{"href":"https:\/\/www.jag-personal.com\/ro\/wp-json\/wp\/v2\/pages"}],"about":[{"href":"https:\/\/www.jag-personal.com\/ro\/wp-json\/wp\/v2\/types\/page"}],"author":[{"embeddable":true,"href":"https:\/\/www.jag-personal.com\/ro\/wp-json\/wp\/v2\/users\/2"}],"replies":[{"embeddable":true,"href":"https:\/\/www.jag-personal.com\/ro\/wp-json\/wp\/v2\/comments?post=1608"}],"version-history":[{"count":4,"href":"https:\/\/www.jag-personal.com\/ro\/wp-json\/wp\/v2\/pages\/1608\/revisions"}],"predecessor-version":[{"id":1679,"href":"https:\/\/www.jag-personal.com\/ro\/wp-json\/wp\/v2\/pages\/1608\/revisions\/1679"}],"wp:attachment":[{"href":"https:\/\/www.jag-personal.com\/ro\/wp-json\/wp\/v2\/media?parent=1608"}],"curies":[{"name":"wp","href":"https:\/\/api.w.org\/{rel}","templated":true}]}}