{"id":1612,"date":"2016-04-12T11:24:46","date_gmt":"2016-04-12T11:24:46","guid":{"rendered":"https:\/\/www.jag-personal.com\/ro\/?page_id=1612"},"modified":"2016-04-12T11:24:46","modified_gmt":"2016-04-12T11:24:46","slug":"pentru-companii","status":"publish","type":"page","link":"https:\/\/www.jag-personal.com\/ro\/servicii\/pentru-companii\/","title":{"rendered":"PENTRU COMPANII"},"content":{"rendered":"<div class=\"shariff\" data-twitter-via=\"trabajoalemania\" data-title=\"PENTRU COMPANII\" data-info-url=\"www.jag-personal.com\" data-backend-url=\"https:\/\/www.jag-personal.com\/wp-content\/plugins\/shariff-sharing\/backend\/index.php\" data-temp=\"\/tmp\" data-ttl=\"40\" data-service=\"tlx\" data-services='[\"facebook\",\"twitter\",\"linkedin\",\"xing\",\"whatsapp\",\"mail\"]' data-image=\"https:\/\/www.jag-personal.com\/wp-content\/uploads\/2015\/05\/meeting-room-730679_1280-300x200.jpghttps:\/\/www.jag-personal.com\/wp-content\/uploads\/2015\/05\/meeting-room-730679_1280-300x200.jpg 300w, https:\/\/www.jag-personal.com\/wp-content\/uploads\/2015\/05\/meeting-room-730679_1280-1024x683.jpg 1024w, https:\/\/www.jag-personal.com\/wp-content\/uploads\/2015\/05\/meeting-room-730679_1280-740x494.jpg 740w, https:\/\/www.jag-personal.com\/wp-content\/uploads\/2015\/05\/meeting-room-730679_1280-370x247.jpg 370w, https:\/\/www.jag-personal.com\/wp-content\/uploads\/2015\/05\/meeting-room-730679_1280.jpg 1280w\" data-url=\"https:\/\/www.jag-personal.com\/ro\/servicii\/pentru-companii\/\" data-lang=\"en\" data-theme=\"color\" data-orientation=\"horizontal\"><\/div><p>&nbsp;<\/p>\n<p><strong><a href=\"https:\/\/www.jag-personal.com\/wp-content\/uploads\/2015\/05\/meeting-room-730679_1280.jpg\"><img decoding=\"async\" loading=\"lazy\" class=\" size-medium wp-image-775 alignright\" src=\"https:\/\/www.jag-personal.com\/wp-content\/uploads\/2015\/05\/meeting-room-730679_1280-300x200.jpg\" alt=\"meeting-room-730679_1280\" width=\"300\" height=\"200\" srcset=\"https:\/\/www.jag-personal.com\/wp-content\/uploads\/2015\/05\/meeting-room-730679_1280-300x200.jpg 300w, https:\/\/www.jag-personal.com\/wp-content\/uploads\/2015\/05\/meeting-room-730679_1280-1024x683.jpg 1024w, https:\/\/www.jag-personal.com\/wp-content\/uploads\/2015\/05\/meeting-room-730679_1280-740x494.jpg 740w, https:\/\/www.jag-personal.com\/wp-content\/uploads\/2015\/05\/meeting-room-730679_1280-370x247.jpg 370w, https:\/\/www.jag-personal.com\/wp-content\/uploads\/2015\/05\/meeting-room-730679_1280.jpg 1280w\" sizes=\"(max-width: 300px) 100vw, 300px\" \/><\/a><\/strong><\/p>\n<p style=\"text-align: justify;\"><strong>JAG Personal<\/strong> este o consultanta specializat\u0103 \u00een selec\u021bia de personal calificat pentru a <strong>lucra \u00een Germania<\/strong>. Noi oferim servicii clien\u021bilor no\u0219tri pe tot parcursul procesului de recrutare si selectie cautand candida\u021bii potrivi\u021bi pentru fiecare pozi\u021bie.<\/p>\n<ul style=\"list-style-type: disc;\">\n<li style=\"text-align: justify;\">Noi evalu\u0103m cu aten\u021bie fiecare profil pentru a v\u0103 asigura c\u0103 se ob\u021bine cea mai bun\u0103 combinatie candidat-business.<\/li>\n<li style=\"text-align: justify;\">Exercitam a munca de intermediari \u00een procesul de angajare, facilit\u00e2nd integrarea candida\u021bilor atat in \u021bar\u0103 \u0219i in cadrul companiei \u0219i prestam un serviciu care ofer\u0103 sprijin direct pe tot parcursul procesului.<\/li>\n<li style=\"text-align: justify;\">Serviciul nostru este pe deplin adaptat la nevoile specifice ale clien\u021bilor no\u0219tri.<\/li>\n<li style=\"text-align: justify;\">Cu un accent mai mare pe sectorul de s\u0103n\u0103tate, gestionam de asemenea plasarea personalului de inginerie, transport \u0219i alte profesii tehnice.<\/li>\n<\/ul>\n<p style=\"text-align: justify;\">Dac\u0103 sunte\u021bi \u00een c\u0103utare de profesionisti calificati pentru compania dumneavoastra v\u0103 rug\u0103m s\u0103 ne contacta\u021bi prin intermediul mailului <strong><a href=\"mailto:recruiting@jag-personal.com\" target=\"_blank\">recruiting@jag-personal.com<\/a><\/strong>\u00a0astfel \u00eenc\u00e2t s\u0103 va putem oferi mai multe informa\u021bii despre serviciile \u0219i procesele noastre de lucru.<\/p>\n","protected":false},"excerpt":{"rendered":"<p>&nbsp; JAG Personal este o consultanta specializat\u0103 \u00een selec\u021bia de personal calificat pentru a lucra \u00een Germania. Noi oferim servicii clien\u021bilor no\u0219tri pe tot parcursul procesului de recrutare si selectie cautand candida\u021bii potrivi\u021bi pentru fiecare pozi\u021bie. Noi evalu\u0103m cu aten\u021bie &hellip; <a href=\"https:\/\/www.jag-personal.com\/ro\/servicii\/pentru-companii\/\">Read More<\/a><\/p>\n","protected":false},"author":2,"featured_media":0,"parent":1608,"menu_order":0,"comment_status":"open","ping_status":"open","template":"","meta":{"_mi_skip_tracking":false,"_monsterinsights_sitenote_active":false,"_monsterinsights_sitenote_note":"","_monsterinsights_sitenote_category":0,"footnotes":""},"_links":{"self":[{"href":"https:\/\/www.jag-personal.com\/ro\/wp-json\/wp\/v2\/pages\/1612"}],"collection":[{"href":"https:\/\/www.jag-personal.com\/ro\/wp-json\/wp\/v2\/pages"}],"about":[{"href":"https:\/\/www.jag-personal.com\/ro\/wp-json\/wp\/v2\/types\/page"}],"author":[{"embeddable":true,"href":"https:\/\/www.jag-personal.com\/ro\/wp-json\/wp\/v2\/users\/2"}],"replies":[{"embeddable":true,"href":"https:\/\/www.jag-personal.com\/ro\/wp-json\/wp\/v2\/comments?post=1612"}],"version-history":[{"count":2,"href":"https:\/\/www.jag-personal.com\/ro\/wp-json\/wp\/v2\/pages\/1612\/revisions"}],"predecessor-version":[{"id":1614,"href":"https:\/\/www.jag-personal.com\/ro\/wp-json\/wp\/v2\/pages\/1612\/revisions\/1614"}],"up":[{"embeddable":true,"href":"https:\/\/www.jag-personal.com\/ro\/wp-json\/wp\/v2\/pages\/1608"}],"wp:attachment":[{"href":"https:\/\/www.jag-personal.com\/ro\/wp-json\/wp\/v2\/media?parent=1612"}],"curies":[{"name":"wp","href":"https:\/\/api.w.org\/{rel}","templated":true}]}}