{"id":1615,"date":"2016-04-12T11:24:45","date_gmt":"2016-04-12T11:24:45","guid":{"rendered":"https:\/\/www.jag-personal.com\/ro\/?page_id=1615"},"modified":"2016-04-13T13:30:21","modified_gmt":"2016-04-13T13:30:21","slug":"pentru-candidati","status":"publish","type":"page","link":"https:\/\/www.jag-personal.com\/ro\/servicii\/pentru-candidati\/","title":{"rendered":"PENTRU CANDIDATI"},"content":{"rendered":"<div class=\"shariff\" data-twitter-via=\"trabajoalemania\" data-title=\"PENTRU CANDIDATI\" data-info-url=\"www.jag-personal.com\" data-backend-url=\"https:\/\/www.jag-personal.com\/wp-content\/plugins\/shariff-sharing\/backend\/index.php\" data-temp=\"\/tmp\" data-ttl=\"40\" data-service=\"tlx\" data-services='[\"facebook\",\"twitter\",\"linkedin\",\"xing\",\"whatsapp\",\"mail\"]' data-image=\"https:\/\/www.jag-personal.com\/wp-content\/uploads\/2015\/04\/group-42917_1280-300x279.pnghttps:\/\/www.jag-personal.com\/wp-content\/uploads\/2015\/04\/group-42917_1280-300x279.png 300w, https:\/\/www.jag-personal.com\/wp-content\/uploads\/2015\/04\/group-42917_1280-1024x952.png 1024w, https:\/\/www.jag-personal.com\/wp-content\/uploads\/2015\/04\/group-42917_1280-740x688.png 740w, https:\/\/www.jag-personal.com\/wp-content\/uploads\/2015\/04\/group-42917_1280-370x344.png 370w, https:\/\/www.jag-personal.com\/wp-content\/uploads\/2015\/04\/group-42917_1280.png 1280w\" data-url=\"https:\/\/www.jag-personal.com\/ro\/servicii\/pentru-candidati\/\" data-lang=\"en\" data-theme=\"color\" data-orientation=\"horizontal\"><\/div><p><a href=\"https:\/\/www.jag-personal.com\/wp-content\/uploads\/2015\/04\/group-42917_1280.png\"><img decoding=\"async\" loading=\"lazy\" class=\" size-medium wp-image-229 alignright\" src=\"https:\/\/www.jag-personal.com\/wp-content\/uploads\/2015\/04\/group-42917_1280-300x279.png\" alt=\"group-42917_1280\" width=\"300\" height=\"279\" srcset=\"https:\/\/www.jag-personal.com\/wp-content\/uploads\/2015\/04\/group-42917_1280-300x279.png 300w, https:\/\/www.jag-personal.com\/wp-content\/uploads\/2015\/04\/group-42917_1280-1024x952.png 1024w, https:\/\/www.jag-personal.com\/wp-content\/uploads\/2015\/04\/group-42917_1280-740x688.png 740w, https:\/\/www.jag-personal.com\/wp-content\/uploads\/2015\/04\/group-42917_1280-370x344.png 370w, https:\/\/www.jag-personal.com\/wp-content\/uploads\/2015\/04\/group-42917_1280.png 1280w\" sizes=\"(max-width: 300px) 100vw, 300px\" \/><\/a><\/p>\n<p style=\"text-align: justify;\"><strong>JAG Personal<\/strong> ofer\u0103 candida\u021bilor posibilitatea de a accesa la un loc de munc\u0103 stabil, cu bune perspective de carier\u0103 cu angajatori seriosi \u0219i recunoscuti. Toate acestea cu un serviciu complet de consiliere \u00een\u00a0spaniola \u0219i toate facilit\u0103\u021bile pentru a se stabilite \u00een aceata \u021bar\u0103.<\/p>\n<p>Oferim:<\/p>\n<ul style=\"list-style-type: disc;\">\n<li style=\"text-align: justify;\">Siguran\u021ba locului de munc\u0103<\/li>\n<li style=\"text-align: justify;\">Siguran\u021ba locului de munc\u0103 \u0219i salariil \u00een conformitate cu cotele din sectorul respectiv<\/li>\n<li style=\"text-align: justify;\">Orintare si cautarea oportunit\u0103\u021bi de specializare \u0219i formare<\/li>\n<li style=\"text-align: justify;\">Sprijin in procesele de administratie, validare, locuinta si cursuri de limba germana<\/li>\n<li>\n<p style=\"text-align: justify;\">Preg\u0103tire candida\u021bilor \u0219i aspiran\u021bilor<\/p>\n<\/li>\n<\/ul>\n<p style=\"text-align: justify;\">Pentru <strong>JAG Personal<\/strong> candida\u021bi reprezinta nucleul central al programelor de formare \u0219i acces la pia\u021ba de\u00a0 munca din Germania. Noi le ar\u0103ta calea \u0219i \u00eempreun\u0103 definim obiectivul dorit. Prin dialog continuu \u0219i consultan\u021b\u0103 cu candidatii vom g\u0103si cea mai bun\u0103 solu\u021bie profesionala propor\u021bional cu gradul de formare, experien\u021ba \u0219i aspira\u021bii.<\/p>\n<p style=\"text-align: justify;\">Trimite CV-ul la adresa de e-mail <strong><a href=\"mailto:recruiting@personal-alemania.com\">recruiting@jag-personal.com<\/a>\u00a0.<\/strong><\/p>\n","protected":false},"excerpt":{"rendered":"<p>JAG Personal ofer\u0103 candida\u021bilor posibilitatea de a accesa la un loc de munc\u0103 stabil, cu bune perspective de carier\u0103 cu angajatori seriosi \u0219i recunoscuti. Toate acestea cu un serviciu complet de consiliere \u00een\u00a0spaniola \u0219i toate facilit\u0103\u021bile pentru a se stabilite &hellip; <a href=\"https:\/\/www.jag-personal.com\/ro\/servicii\/pentru-candidati\/\">Read More<\/a><\/p>\n","protected":false},"author":2,"featured_media":0,"parent":1608,"menu_order":0,"comment_status":"open","ping_status":"closed","template":"","meta":{"_mi_skip_tracking":false,"_monsterinsights_sitenote_active":false,"_monsterinsights_sitenote_note":"","_monsterinsights_sitenote_category":0,"footnotes":""},"_links":{"self":[{"href":"https:\/\/www.jag-personal.com\/ro\/wp-json\/wp\/v2\/pages\/1615"}],"collection":[{"href":"https:\/\/www.jag-personal.com\/ro\/wp-json\/wp\/v2\/pages"}],"about":[{"href":"https:\/\/www.jag-personal.com\/ro\/wp-json\/wp\/v2\/types\/page"}],"author":[{"embeddable":true,"href":"https:\/\/www.jag-personal.com\/ro\/wp-json\/wp\/v2\/users\/2"}],"replies":[{"embeddable":true,"href":"https:\/\/www.jag-personal.com\/ro\/wp-json\/wp\/v2\/comments?post=1615"}],"version-history":[{"count":3,"href":"https:\/\/www.jag-personal.com\/ro\/wp-json\/wp\/v2\/pages\/1615\/revisions"}],"predecessor-version":[{"id":1693,"href":"https:\/\/www.jag-personal.com\/ro\/wp-json\/wp\/v2\/pages\/1615\/revisions\/1693"}],"up":[{"embeddable":true,"href":"https:\/\/www.jag-personal.com\/ro\/wp-json\/wp\/v2\/pages\/1608"}],"wp:attachment":[{"href":"https:\/\/www.jag-personal.com\/ro\/wp-json\/wp\/v2\/media?parent=1615"}],"curies":[{"name":"wp","href":"https:\/\/api.w.org\/{rel}","templated":true}]}}