{"id":1617,"date":"2016-04-12T11:24:46","date_gmt":"2016-04-12T11:24:46","guid":{"rendered":"https:\/\/www.jag-personal.com\/ro\/?page_id=1617"},"modified":"2016-04-12T12:36:29","modified_gmt":"2016-04-12T12:36:29","slug":"seminarii-curs-formare","status":"publish","type":"page","link":"https:\/\/www.jag-personal.com\/ro\/servicii\/seminarii-curs-formare\/","title":{"rendered":"SEMINARII &#038; CURS DE FORMARE"},"content":{"rendered":"<div class=\"shariff\" data-twitter-via=\"trabajoalemania\" data-title=\"SEMINARII &#038; CURS DE FORMARE\" data-info-url=\"www.jag-personal.com\" data-backend-url=\"https:\/\/www.jag-personal.com\/wp-content\/plugins\/shariff-sharing\/backend\/index.php\" data-temp=\"\/tmp\" data-ttl=\"40\" data-service=\"tlx\" data-services='[\"facebook\",\"twitter\",\"linkedin\",\"xing\",\"whatsapp\",\"mail\"]' data-image=\"https:\/\/www.jag-personal.com\/wp-content\/uploads\/2015\/04\/conference-table-593355_1920-300x199.jpghttps:\/\/www.jag-personal.com\/wp-content\/uploads\/2015\/04\/conference-table-593355_1920-300x199.jpg 300w, https:\/\/www.jag-personal.com\/wp-content\/uploads\/2015\/04\/conference-table-593355_1920-1024x678.jpg 1024w, https:\/\/www.jag-personal.com\/wp-content\/uploads\/2015\/04\/conference-table-593355_1920-740x490.jpg 740w, https:\/\/www.jag-personal.com\/wp-content\/uploads\/2015\/04\/conference-table-593355_1920-370x245.jpg 370w, https:\/\/www.jag-personal.com\/wp-content\/uploads\/2015\/04\/conference-table-593355_1920.jpg 1920w\" data-url=\"https:\/\/www.jag-personal.com\/ro\/servicii\/seminarii-curs-formare\/\" data-lang=\"en\" data-theme=\"color\" data-orientation=\"horizontal\"><\/div><p><!--:es--><br \/>\n<script>\/\/ < ![CDATA[\n\/\/ < ![CDATA[\n\/\/ < ![CDATA[\n\/\/ < ![CDATA[\n\/\/ < ![CDATA[\n\/\/ < ![CDATA[\n\/\/ < ![CDATA[\n\/\/ < ![CDATA[\n\/\/ < ![CDATA[\n\/\/ < ![CDATA[ !function(d,s,id){var js,fjs=d.getElementsByTagName(s)[0],p=\/^http:\/.test(d.location)?'http':'https';if(!d.getElementById(id)){js=d.createElement(s);js.id=id;js.src=p+':\/\/platform.twitter.com\/widgets.js';fjs.parentNode.insertBefore(js,fjs);}}(document, 'script', 'twitter-wjs');\n\/\/ ]]><\/script><br \/>\n<a href=\"https:\/\/www.jag-personal.com\/wp-content\/uploads\/2015\/04\/conference-table-593355_1920.jpg\"><img decoding=\"async\" loading=\"lazy\" class=\" wp-image-969 alignleft\" src=\"https:\/\/www.jag-personal.com\/wp-content\/uploads\/2015\/04\/conference-table-593355_1920-300x199.jpg\" alt=\"conference-table-593355_1920\" width=\"256\" height=\"170\" srcset=\"https:\/\/www.jag-personal.com\/wp-content\/uploads\/2015\/04\/conference-table-593355_1920-300x199.jpg 300w, https:\/\/www.jag-personal.com\/wp-content\/uploads\/2015\/04\/conference-table-593355_1920-1024x678.jpg 1024w, https:\/\/www.jag-personal.com\/wp-content\/uploads\/2015\/04\/conference-table-593355_1920-740x490.jpg 740w, https:\/\/www.jag-personal.com\/wp-content\/uploads\/2015\/04\/conference-table-593355_1920-370x245.jpg 370w, https:\/\/www.jag-personal.com\/wp-content\/uploads\/2015\/04\/conference-table-593355_1920.jpg 1920w\" sizes=\"(max-width: 256px) 100vw, 256px\" \/><\/a><strong>Seminarii:\u00a0Competen\u021ba intercultural\u0103 pentru tehnic\u0103 interna\u021bional\u0103<\/strong><\/p>\n<p>Abilit\u0103\u021bile \u0219i cuno\u0219tin\u021bele de limba german\u0103 nu sunt, uneori, suficiente pentru a \u00een\u021belege via\u021ba profesional\u0103 \u00een Germania. <strong>Competen\u021ba intercultural\u0103<\/strong> \u0219i alte abilit\u0103\u021bi, cum ar fi stilul de comunicare sau de lucru \u00een Germania sunt de mare importan\u021b\u0103 pentru a optimiza tot poten\u021bialul . \u00cen mod similar, este, de asemenea, necesar s\u0103 se cunoasc\u0103 anumite aspecte ale Germaniei pentru a trata pacien\u021bii c\u00e2t mai eficient posibil in clinici si\u00a0 centruri de ingrijire.<\/p>\n<p><a class=\"twitter-follow-button\" href=\"https:\/\/twitter.com\/trabajoalemania\" data-show-count=\"false\" data-size=\"large\">Follow @trabajoalemania<\/a><\/p>\n<p><strong>Exper\u021bii no\u0219tri<\/strong><\/p>\n<p><strong>Anne Rupp<\/strong> este consultant si trainer intercultural cu mul\u021bi ani de practic\u0103 \u00een companii interna\u021bionale din Barcelona, iar acum din Colonia. Este specializat\u0103 \u00een:<\/p>\n<ul style=\"list-style-type: disc;\">\n<li>Seminarii interculturale de dezvoltare a abilitatiilor proprii<\/li>\n<li>Seminarii adaptate \u00een func\u021bie de \u021bar\u0103\u00a0 cu privare la \u00a0cultur\u0103, comunicare \u0219i stilul de lucru \u00een Germania<\/li>\n<li>Seminarii pentru manageri \u0219i expatria\u021bi<\/li>\n<li>Treninguri in domeniul comunicatiilor<\/li>\n<\/ul>\n<p>\u00centre Germania \u0219i Spania a lucrat ca si training \u0219i consultan\u021b\u0103 pentru companii precum Boehringer Ingelheim, E.ON, Giesecke &amp; Devrient grouo, Procter &amp; Gamble, Sanofi Aventis, SEAT, Sony, Unilever, Vodafone \u0219i Xerox. Ea este coautor al c\u0103r\u021bii &#8222;Spanien von Innen und eine Au\u00dfen- Interkulturelle Perspektive&#8221; \u0219i coordonatorul de proiect si coautor al publicatiei unui seminar de e-Learning pentru a dezvolta competen\u021ba intercultural\u0103 a profesioni\u0219tilor din domeniul medical.<\/p>\n<p>&nbsp;<\/p>\n<p><!--:--><\/p>\n","protected":false},"excerpt":{"rendered":"<p>Seminarii:\u00a0Competen\u021ba intercultural\u0103 pentru tehnic\u0103 interna\u021bional\u0103 Abilit\u0103\u021bile \u0219i cuno\u0219tin\u021bele de limba german\u0103 nu sunt, uneori, suficiente pentru a \u00een\u021belege via\u021ba profesional\u0103 \u00een Germania. Competen\u021ba intercultural\u0103 \u0219i alte abilit\u0103\u021bi, cum ar fi stilul de comunicare sau de lucru \u00een Germania sunt de &hellip; <a href=\"https:\/\/www.jag-personal.com\/ro\/servicii\/seminarii-curs-formare\/\">Read More<\/a><\/p>\n","protected":false},"author":2,"featured_media":0,"parent":1608,"menu_order":0,"comment_status":"open","ping_status":"closed","template":"","meta":{"_mi_skip_tracking":false,"_monsterinsights_sitenote_active":false,"_monsterinsights_sitenote_note":"","_monsterinsights_sitenote_category":0,"footnotes":""},"_links":{"self":[{"href":"https:\/\/www.jag-personal.com\/ro\/wp-json\/wp\/v2\/pages\/1617"}],"collection":[{"href":"https:\/\/www.jag-personal.com\/ro\/wp-json\/wp\/v2\/pages"}],"about":[{"href":"https:\/\/www.jag-personal.com\/ro\/wp-json\/wp\/v2\/types\/page"}],"author":[{"embeddable":true,"href":"https:\/\/www.jag-personal.com\/ro\/wp-json\/wp\/v2\/users\/2"}],"replies":[{"embeddable":true,"href":"https:\/\/www.jag-personal.com\/ro\/wp-json\/wp\/v2\/comments?post=1617"}],"version-history":[{"count":3,"href":"https:\/\/www.jag-personal.com\/ro\/wp-json\/wp\/v2\/pages\/1617\/revisions"}],"predecessor-version":[{"id":1682,"href":"https:\/\/www.jag-personal.com\/ro\/wp-json\/wp\/v2\/pages\/1617\/revisions\/1682"}],"up":[{"embeddable":true,"href":"https:\/\/www.jag-personal.com\/ro\/wp-json\/wp\/v2\/pages\/1608"}],"wp:attachment":[{"href":"https:\/\/www.jag-personal.com\/ro\/wp-json\/wp\/v2\/media?parent=1617"}],"curies":[{"name":"wp","href":"https:\/\/api.w.org\/{rel}","templated":true}]}}